{"id":3258,"date":"2022-02-25T07:27:24","date_gmt":"2022-02-25T04:27:24","guid":{"rendered":"http:\/\/demo.ovathemes.com\/hotelft\/?page_id=3258"},"modified":"2023-01-04T23:05:10","modified_gmt":"2023-01-04T20:05:10","slug":"tesekkurler","status":"publish","type":"page","link":"https:\/\/www.blackbirdthermal.com\/en\/thanks-page\/","title":{"rendered":"Te\u015fekk\u00fcrler"},"content":{"rendered":"<p><img fetchpriority=\"high\" decoding=\"async\" class=\"size-medium wp-image-4885 aligncenter\" src=\"https:\/\/www.blackbirdthermal.com\/wp-content\/uploads\/2022\/09\/logonuz-1-e1665659148145-300x240.png\" alt=\"\" width=\"300\" height=\"240\" srcset=\"https:\/\/www.blackbirdthermal.com\/wp-content\/uploads\/2022\/09\/logonuz-1-e1665659148145-300x240.png 300w, https:\/\/www.blackbirdthermal.com\/wp-content\/uploads\/2022\/09\/logonuz-1-e1665659148145-1024x818.png 1024w, https:\/\/www.blackbirdthermal.com\/wp-content\/uploads\/2022\/09\/logonuz-1-e1665659148145-768x613.png 768w, https:\/\/www.blackbirdthermal.com\/wp-content\/uploads\/2022\/09\/logonuz-1-e1665659148145-1536x1227.png 1536w, https:\/\/www.blackbirdthermal.com\/wp-content\/uploads\/2022\/09\/logonuz-1-e1665659148145-600x479.png 600w, https:\/\/www.blackbirdthermal.com\/wp-content\/uploads\/2022\/09\/logonuz-1-e1665659148145.png 1654w\" sizes=\"(max-width: 300px) 100vw, 300px\" \/><\/p>\r\n<p style=\"text-align: center;\">Rezervasyon formunuz al\u0131nd\u0131.<\/p>\r\n<p style=\"text-align: center;\"><strong>En k\u0131sa s\u00fcrede size d\u00f6n\u00fc\u015f yap\u0131lacakt\u0131r.<\/strong><\/p>","protected":false},"excerpt":{"rendered":"<p>Rezervasyon formunuz al\u0131nd\u0131. En k\u0131sa s\u00fcrede size d\u00f6n\u00fc\u015f yap\u0131lacakt\u0131r.<\/p>","protected":false},"author":1,"featured_media":0,"parent":0,"menu_order":0,"comment_status":"closed","ping_status":"closed","template":"elementor_header_footer","meta":{"two_page_speed":[],"footnotes":""},"class_list":["post-3258","page","type-page","status-publish","hentry"],"yoast_head":"<!-- This site is optimized with the Yoast SEO plugin v27.4 - https:\/\/yoast.com\/product\/yoast-seo-wordpress\/ -->\n<title>Te\u015fekk\u00fcrler - Blackbird Thermal Hotel &amp; SPA<\/title>\n<meta name=\"robots\" content=\"index, follow, max-snippet:-1, max-image-preview:large, max-video-preview:-1\" \/>\n<link rel=\"canonical\" href=\"https:\/\/www.blackbirdthermal.com\/en\/thanks-page\/\" \/>\n<meta property=\"og:locale\" content=\"en_GB\" \/>\n<meta property=\"og:type\" content=\"article\" \/>\n<meta property=\"og:title\" content=\"Te\u015fekk\u00fcrler - Blackbird Thermal Hotel &amp; SPA\" \/>\n<meta property=\"og:description\" content=\"Rezervasyon formunuz al\u0131nd\u0131. En k\u0131sa s\u00fcrede size d\u00f6n\u00fc\u015f yap\u0131lacakt\u0131r.\" \/>\n<meta property=\"og:url\" content=\"https:\/\/www.blackbirdthermal.com\/en\/thanks-page\/\" \/>\n<meta property=\"og:site_name\" content=\"Blackbird Thermal Hotel &amp; SPA\" \/>\n<meta property=\"article:publisher\" content=\"https:\/\/www.facebook.com\/blackbirdthermalhotel\/\" \/>\n<meta property=\"article:modified_time\" content=\"2023-01-04T20:05:10+00:00\" \/>\n<meta property=\"og:image\" content=\"https:\/\/www.blackbirdthermal.com\/wp-content\/uploads\/2022\/09\/logonuz-1-e1665659148145-300x240.png\" \/>\n<meta name=\"twitter:card\" content=\"summary_large_image\" \/>\n<script type=\"application\/ld+json\" class=\"yoast-schema-graph\">{\"@context\":\"https:\\\/\\\/schema.org\",\"@graph\":[{\"@type\":\"WebPage\",\"@id\":\"https:\\\/\\\/www.blackbirdthermal.com\\\/en\\\/thanks-page\\\/\",\"url\":\"https:\\\/\\\/www.blackbirdthermal.com\\\/en\\\/thanks-page\\\/\",\"name\":\"Te\u015fekk\u00fcrler - Blackbird Thermal Hotel &amp; SPA\",\"isPartOf\":{\"@id\":\"https:\\\/\\\/www.blackbirdthermal.com\\\/en\\\/#website\"},\"primaryImageOfPage\":{\"@id\":\"https:\\\/\\\/www.blackbirdthermal.com\\\/en\\\/thanks-page\\\/#primaryimage\"},\"image\":{\"@id\":\"https:\\\/\\\/www.blackbirdthermal.com\\\/en\\\/thanks-page\\\/#primaryimage\"},\"thumbnailUrl\":\"https:\\\/\\\/www.blackbirdthermal.com\\\/wp-content\\\/uploads\\\/2022\\\/09\\\/logonuz-1-e1665659148145-300x240.png\",\"datePublished\":\"2022-02-25T04:27:24+00:00\",\"dateModified\":\"2023-01-04T20:05:10+00:00\",\"breadcrumb\":{\"@id\":\"https:\\\/\\\/www.blackbirdthermal.com\\\/en\\\/thanks-page\\\/#breadcrumb\"},\"inLanguage\":\"en-GB\",\"potentialAction\":[{\"@type\":\"ReadAction\",\"target\":[\"https:\\\/\\\/www.blackbirdthermal.com\\\/en\\\/thanks-page\\\/\"]}]},{\"@type\":\"ImageObject\",\"inLanguage\":\"en-GB\",\"@id\":\"https:\\\/\\\/www.blackbirdthermal.com\\\/en\\\/thanks-page\\\/#primaryimage\",\"url\":\"https:\\\/\\\/www.blackbirdthermal.com\\\/wp-content\\\/uploads\\\/2022\\\/09\\\/logonuz-1-e1665659148145-300x240.png\",\"contentUrl\":\"https:\\\/\\\/www.blackbirdthermal.com\\\/wp-content\\\/uploads\\\/2022\\\/09\\\/logonuz-1-e1665659148145-300x240.png\"},{\"@type\":\"BreadcrumbList\",\"@id\":\"https:\\\/\\\/www.blackbirdthermal.com\\\/en\\\/thanks-page\\\/#breadcrumb\",\"itemListElement\":[{\"@type\":\"ListItem\",\"position\":1,\"name\":\"Anasayfa\",\"item\":\"https:\\\/\\\/www.blackbirdthermal.com\\\/tr\\\/\"},{\"@type\":\"ListItem\",\"position\":2,\"name\":\"Te\u015fekk\u00fcrler\"}]},{\"@type\":\"WebSite\",\"@id\":\"https:\\\/\\\/www.blackbirdthermal.com\\\/en\\\/#website\",\"url\":\"https:\\\/\\\/www.blackbirdthermal.com\\\/en\\\/\",\"name\":\"Blackbird Thermal Hotel & SPA\",\"description\":\"G\u00f6k\u00e7edere Mah. Atat\u00fcrk Cad. No.30 \\\/ 1 Termal YALOVA\",\"publisher\":{\"@id\":\"https:\\\/\\\/www.blackbirdthermal.com\\\/en\\\/#organization\"},\"potentialAction\":[{\"@type\":\"SearchAction\",\"target\":{\"@type\":\"EntryPoint\",\"urlTemplate\":\"https:\\\/\\\/www.blackbirdthermal.com\\\/en\\\/?s={search_term_string}\"},\"query-input\":{\"@type\":\"PropertyValueSpecification\",\"valueRequired\":true,\"valueName\":\"search_term_string\"}}],\"inLanguage\":\"en-GB\"},{\"@type\":\"Organization\",\"@id\":\"https:\\\/\\\/www.blackbirdthermal.com\\\/en\\\/#organization\",\"name\":\"Blackbird Thermal Hotel & SPA\",\"url\":\"https:\\\/\\\/www.blackbirdthermal.com\\\/en\\\/\",\"logo\":{\"@type\":\"ImageObject\",\"inLanguage\":\"en-GB\",\"@id\":\"https:\\\/\\\/www.blackbirdthermal.com\\\/en\\\/#\\\/schema\\\/logo\\\/image\\\/\",\"url\":\"https:\\\/\\\/www.blackbirdthermal.com\\\/wp-content\\\/uploads\\\/2022\\\/09\\\/BBTH-ACIK-LOGO-00000002.png\",\"contentUrl\":\"https:\\\/\\\/www.blackbirdthermal.com\\\/wp-content\\\/uploads\\\/2022\\\/09\\\/BBTH-ACIK-LOGO-00000002.png\",\"width\":4861,\"height\":2661,\"caption\":\"Blackbird Thermal Hotel & SPA\"},\"image\":{\"@id\":\"https:\\\/\\\/www.blackbirdthermal.com\\\/en\\\/#\\\/schema\\\/logo\\\/image\\\/\"},\"sameAs\":[\"https:\\\/\\\/www.facebook.com\\\/blackbirdthermalhotel\\\/\",\"https:\\\/\\\/www.instagram.com\\\/blackbirdthermalhotel\\\/\",\"https:\\\/\\\/www.youtube.com\\\/channel\\\/UC-3dGStBdsgInCfMTJxOBYg\"]}]}<\/script>\n<!-- \/ Yoast SEO plugin. -->","yoast_head_json":{"title":"Te\u015fekk\u00fcrler - Blackbird Thermal Hotel &amp; SPA","robots":{"index":"index","follow":"follow","max-snippet":"max-snippet:-1","max-image-preview":"max-image-preview:large","max-video-preview":"max-video-preview:-1"},"canonical":"https:\/\/www.blackbirdthermal.com\/en\/thanks-page\/","og_locale":"en_GB","og_type":"article","og_title":"Te\u015fekk\u00fcrler - Blackbird Thermal Hotel &amp; SPA","og_description":"Rezervasyon formunuz al\u0131nd\u0131. En k\u0131sa s\u00fcrede size d\u00f6n\u00fc\u015f yap\u0131lacakt\u0131r.","og_url":"https:\/\/www.blackbirdthermal.com\/en\/thanks-page\/","og_site_name":"Blackbird Thermal Hotel &amp; SPA","article_publisher":"https:\/\/www.facebook.com\/blackbirdthermalhotel\/","article_modified_time":"2023-01-04T20:05:10+00:00","og_image":[{"url":"https:\/\/www.blackbirdthermal.com\/wp-content\/uploads\/2022\/09\/logonuz-1-e1665659148145-300x240.png","type":"","width":"","height":""}],"twitter_card":"summary_large_image","schema":{"@context":"https:\/\/schema.org","@graph":[{"@type":"WebPage","@id":"https:\/\/www.blackbirdthermal.com\/en\/thanks-page\/","url":"https:\/\/www.blackbirdthermal.com\/en\/thanks-page\/","name":"Te\u015fekk\u00fcrler - Blackbird Thermal Hotel &amp; SPA","isPartOf":{"@id":"https:\/\/www.blackbirdthermal.com\/en\/#website"},"primaryImageOfPage":{"@id":"https:\/\/www.blackbirdthermal.com\/en\/thanks-page\/#primaryimage"},"image":{"@id":"https:\/\/www.blackbirdthermal.com\/en\/thanks-page\/#primaryimage"},"thumbnailUrl":"https:\/\/www.blackbirdthermal.com\/wp-content\/uploads\/2022\/09\/logonuz-1-e1665659148145-300x240.png","datePublished":"2022-02-25T04:27:24+00:00","dateModified":"2023-01-04T20:05:10+00:00","breadcrumb":{"@id":"https:\/\/www.blackbirdthermal.com\/en\/thanks-page\/#breadcrumb"},"inLanguage":"en-GB","potentialAction":[{"@type":"ReadAction","target":["https:\/\/www.blackbirdthermal.com\/en\/thanks-page\/"]}]},{"@type":"ImageObject","inLanguage":"en-GB","@id":"https:\/\/www.blackbirdthermal.com\/en\/thanks-page\/#primaryimage","url":"https:\/\/www.blackbirdthermal.com\/wp-content\/uploads\/2022\/09\/logonuz-1-e1665659148145-300x240.png","contentUrl":"https:\/\/www.blackbirdthermal.com\/wp-content\/uploads\/2022\/09\/logonuz-1-e1665659148145-300x240.png"},{"@type":"BreadcrumbList","@id":"https:\/\/www.blackbirdthermal.com\/en\/thanks-page\/#breadcrumb","itemListElement":[{"@type":"ListItem","position":1,"name":"Anasayfa","item":"https:\/\/www.blackbirdthermal.com\/tr\/"},{"@type":"ListItem","position":2,"name":"Te\u015fekk\u00fcrler"}]},{"@type":"WebSite","@id":"https:\/\/www.blackbirdthermal.com\/en\/#website","url":"https:\/\/www.blackbirdthermal.com\/en\/","name":"Blackbird Thermal Hotel & SPA","description":"Gokcedere Mah. Atat\u00fcrk CAD. No. 30 \/ 1 Yalova thermal","publisher":{"@id":"https:\/\/www.blackbirdthermal.com\/en\/#organization"},"potentialAction":[{"@type":"SearchAction","target":{"@type":"EntryPoint","urlTemplate":"https:\/\/www.blackbirdthermal.com\/en\/?s={search_term_string}"},"query-input":{"@type":"PropertyValueSpecification","valueRequired":true,"valueName":"search_term_string"}}],"inLanguage":"en-GB"},{"@type":"Organization","@id":"https:\/\/www.blackbirdthermal.com\/en\/#organization","name":"Blackbird Thermal Hotel & SPA","url":"https:\/\/www.blackbirdthermal.com\/en\/","logo":{"@type":"ImageObject","inLanguage":"en-GB","@id":"https:\/\/www.blackbirdthermal.com\/en\/#\/schema\/logo\/image\/","url":"https:\/\/www.blackbirdthermal.com\/wp-content\/uploads\/2022\/09\/BBTH-ACIK-LOGO-00000002.png","contentUrl":"https:\/\/www.blackbirdthermal.com\/wp-content\/uploads\/2022\/09\/BBTH-ACIK-LOGO-00000002.png","width":4861,"height":2661,"caption":"Blackbird Thermal Hotel & SPA"},"image":{"@id":"https:\/\/www.blackbirdthermal.com\/en\/#\/schema\/logo\/image\/"},"sameAs":["https:\/\/www.facebook.com\/blackbirdthermalhotel\/","https:\/\/www.instagram.com\/blackbirdthermalhotel\/","https:\/\/www.youtube.com\/channel\/UC-3dGStBdsgInCfMTJxOBYg"]}]}},"_links":{"self":[{"href":"https:\/\/www.blackbirdthermal.com\/en\/wp-json\/wp\/v2\/pages\/3258","targetHints":{"allow":["GET"]}}],"collection":[{"href":"https:\/\/www.blackbirdthermal.com\/en\/wp-json\/wp\/v2\/pages"}],"about":[{"href":"https:\/\/www.blackbirdthermal.com\/en\/wp-json\/wp\/v2\/types\/page"}],"author":[{"embeddable":true,"href":"https:\/\/www.blackbirdthermal.com\/en\/wp-json\/wp\/v2\/users\/1"}],"replies":[{"embeddable":true,"href":"https:\/\/www.blackbirdthermal.com\/en\/wp-json\/wp\/v2\/comments?post=3258"}],"version-history":[{"count":0,"href":"https:\/\/www.blackbirdthermal.com\/en\/wp-json\/wp\/v2\/pages\/3258\/revisions"}],"wp:attachment":[{"href":"https:\/\/www.blackbirdthermal.com\/en\/wp-json\/wp\/v2\/media?parent=3258"}],"curies":[{"name":"wp","href":"https:\/\/api.w.org\/{rel}","templated":true}]}}