{"id":3598,"date":"2022-03-01T07:49:10","date_gmt":"2022-03-01T04:49:10","guid":{"rendered":"http:\/\/demo.ovathemes.com\/hotelft\/?page_id=3598"},"modified":"2022-12-16T13:01:33","modified_gmt":"2022-12-16T10:01:33","slug":"havuz","status":"publish","type":"page","link":"https:\/\/www.blackbirdthermal.com\/en\/havuz\/","title":{"rendered":"Havuz"},"content":{"rendered":"<div data-elementor-type=\"wp-page\" data-elementor-id=\"3598\" class=\"elementor elementor-3598\">\n\t\t\t\t\t\t<section class=\"elementor-section elementor-top-section elementor-element elementor-element-6b0f862 elementor-section-boxed elementor-section-height-default elementor-section-height-default\" data-id=\"6b0f862\" data-element_type=\"section\" data-e-type=\"section\" data-settings=\"{&quot;ekit_has_onepagescroll_dot&quot;:&quot;yes&quot;}\">\n\t\t\t\t\t\t<div class=\"elementor-container elementor-column-gap-default\">\n\t\t\t\t\t<div class=\"elementor-column elementor-col-100 elementor-top-column elementor-element elementor-element-5ffbd3b\" data-id=\"5ffbd3b\" data-element_type=\"column\" data-e-type=\"column\">\n\t\t\t<div class=\"elementor-widget-wrap elementor-element-populated\">\n\t\t\t\t\t\t<div class=\"elementor-element elementor-element-db63de1 elementor-widget elementor-widget-heading\" data-id=\"db63de1\" data-element_type=\"widget\" data-e-type=\"widget\" data-settings=\"{&quot;ekit_we_effect_on&quot;:&quot;none&quot;}\" data-widget_type=\"heading.default\">\n\t\t\t\t\t<h2 class=\"elementor-heading-title elementor-size-default\">Thermal Pool<\/h2>\t\t\t\t<\/div>\n\t\t\t\t<div class=\"elementor-element elementor-element-5554af9 elementor-widget elementor-widget-text-editor\" data-id=\"5554af9\" data-element_type=\"widget\" data-e-type=\"widget\" data-settings=\"{&quot;ekit_we_effect_on&quot;:&quot;none&quot;}\" data-widget_type=\"text-editor.default\">\n\t\t\t\t\t\t\t\t\t<div id=\"collapseTwo1\" class=\"collapse show\" aria-labelledby=\"headingTwo1\" data-parent=\"#accordionExample\">\n<div class=\"card-body\">\n<p style=\"text-align: left;\">To be utilized in spas, thermal waters, also known as \u201cthermomineral waters\u201d in medicine, must be natural springs flowing from the earth, have a temperature over 20 degrees Celsius, and contain at least 1 gram of minerals per litre. At least ten million people in our country seek therapy at hot springs. The experts recommend that everyone, no matter whether they suffer from a chronic disease or are in good health, should undergo a hot spring cure once a year in order to supplement their treatment in case of illness.To be utilized in spas, thermal waters, also known as \u201cthermomineral waters\u201d in medicine, must be natural springs flowing from the earth, have a temperature over 20 degrees Celsius, and contain at least 1 gram of minerals per litre. At least ten million people in our country seek therapy at hot springs. The experts recommend that everyone, no matter whether they suffer from a chronic disease or are in good health, should undergo a hot spring cure once a year in order to supplement their treatment in case of illness.<\/p>\n<p style=\"text-align: left;\"><b>Diseases for which hot springs are recommended as a treatment:<\/b><\/p>\n<p style=\"text-align: left;\">Respiratory system disorders: Asthma bronchial, chronic bronchitis, allergic upper respiratory diseases, pneumoconiosis.<br>Skin diseases: Eczema, acne, psoriasis.<br>Musculoskeletal system diseases: Joint diseases, calcifications, soft tissue rheumatism, some rheumatic diseases, and treatment of damage after injuries.<br>Cardiovascular system diseases: Heart failure, circulatory disorders, hypertension, arterial diseases.<br>Gynaecological diseases: Chronic diseases of the genital organs, infertility, postoperative diseases, painful and difficult menstruation, and genital discharge.<br>Kidney and urinary tract diseases: cystitis, Chronic, chronic kidney stones, functional insufficiency.<br>Obstetrics and diseases: chronic diseases of the genital organs, infertility, surgery, diseases, painful and difficult menstruation, genital discharge.<\/p>\n<p style=\"text-align: left;\">The hot spring is also defined as a \u2018detox\u2019 recently as the body is fortified with cleansing and purification, and therefore people can relieve themselves of the detrimental impacts of their illnesses. Also, experts who call attention to no specific age limit to undergo hot spring therapy state that elderly people and children can also easily seek for a cure from hot springs.<\/p>\n<p style=\"text-align: left;\">While children benefit from hot spring cures for upper respiratory tract diseases such as hay fever and asthma, the positive effects of hot spring cures have been proven in many chronic diseases that appear with old age in the elderly, such as hypertension, chronic heart disease, diabetes, and chronic lung disease. A specialist should advise on how to choose the appropriate hot spring water depending on the type of disease, as well as the techniques and duration of the therapy.<\/p>\n<p style=\"text-align: left;\">Since the hot spring cure is a stimulation and adjustment therapy, it takes place in a certain time interval, which is usually at least 10 days, the most appropriate is 15 days. Also, the ideal water temperature in hot springs is 36-38 degrees.<\/p>\n<\/div>\n<\/div>\t\t\t\t\t\t\t\t<\/div>\n\t\t\t\t\t<\/div>\n\t\t<\/div>\n\t\t\t\t\t<\/div>\n\t\t<\/section>\n\t\t\t\t<section class=\"elementor-section elementor-top-section elementor-element elementor-element-565474a elementor-section-boxed elementor-section-height-default elementor-section-height-default\" data-id=\"565474a\" data-element_type=\"section\" data-e-type=\"section\" data-settings=\"{&quot;ekit_has_onepagescroll_dot&quot;:&quot;yes&quot;}\">\n\t\t\t\t\t\t<div class=\"elementor-container elementor-column-gap-default\">\n\t\t\t\t\t<div class=\"elementor-column elementor-col-100 elementor-top-column elementor-element elementor-element-6b985f4\" data-id=\"6b985f4\" data-element_type=\"column\" data-e-type=\"column\">\n\t\t\t<div class=\"elementor-widget-wrap elementor-element-populated\">\n\t\t\t\t\t\t<div class=\"elementor-element elementor-element-a457561 elementor-widget elementor-widget-gallery\" data-id=\"a457561\" data-element_type=\"widget\" data-e-type=\"widget\" data-settings=\"{&quot;columns_mobile&quot;:2,&quot;lazyload&quot;:&quot;yes&quot;,&quot;gallery_layout&quot;:&quot;grid&quot;,&quot;columns&quot;:4,&quot;columns_tablet&quot;:2,&quot;gap&quot;:{&quot;unit&quot;:&quot;px&quot;,&quot;size&quot;:10,&quot;sizes&quot;:[]},&quot;gap_tablet&quot;:{&quot;unit&quot;:&quot;px&quot;,&quot;size&quot;:10,&quot;sizes&quot;:[]},&quot;gap_mobile&quot;:{&quot;unit&quot;:&quot;px&quot;,&quot;size&quot;:10,&quot;sizes&quot;:[]},&quot;link_to&quot;:&quot;file&quot;,&quot;aspect_ratio&quot;:&quot;3:2&quot;,&quot;overlay_background&quot;:&quot;yes&quot;,&quot;content_hover_animation&quot;:&quot;fade-in&quot;,&quot;ekit_we_effect_on&quot;:&quot;none&quot;}\" data-widget_type=\"gallery.default\">\n\t\t\t\t<div class=\"elementor-widget-container\">\n\t\t\t\t\t\t\t<div class=\"elementor-gallery__container\">\n\t\t\t\t\t\t\t<a class=\"e-gallery-item elementor-gallery-item elementor-animated-content\" href=\"https:\/\/www.blackbirdthermal.com\/wp-content\/uploads\/2022\/12\/Blackbird_Termal_565.jpg\" data-elementor-open-lightbox=\"yes\" data-elementor-lightbox-slideshow=\"all-a457561\" data-elementor-lightbox-title=\"Blackbird_Termal_565\" data-e-action-hash=\"#elementor-action%3Aaction%3Dlightbox%26settings%3DeyJpZCI6NTg4MCwidXJsIjoiaHR0cHM6XC9cL3d3dy5ibGFja2JpcmR0aGVybWFsLmNvbVwvd3AtY29udGVudFwvdXBsb2Fkc1wvMjAyMlwvMTJcL0JsYWNrYmlyZF9UZXJtYWxfNTY1LmpwZyIsInNsaWRlc2hvdyI6ImFsbC1hNDU3NTYxIn0%3D\">\n\t\t\t\t\t<div class=\"e-gallery-image elementor-gallery-item__image\" data-thumbnail=\"https:\/\/www.blackbirdthermal.com\/wp-content\/uploads\/2022\/12\/Blackbird_Termal_565-300x200.jpg\" data-width=\"300\" data-height=\"200\" alt=\"\" ><\/div>\n\t\t\t\t\t\t\t\t\t\t\t<div class=\"elementor-gallery-item__overlay\"><\/div>\n\t\t\t\t\t\t\t\t\t\t\t\t\t\t<\/a>\n\t\t\t\t\t\t\t<a class=\"e-gallery-item elementor-gallery-item elementor-animated-content\" href=\"https:\/\/www.blackbirdthermal.com\/wp-content\/uploads\/2022\/12\/Blackbird_Termal_643.jpg\" data-elementor-open-lightbox=\"yes\" data-elementor-lightbox-slideshow=\"all-a457561\" data-elementor-lightbox-title=\"Blackbird_Termal_643\" data-e-action-hash=\"#elementor-action%3Aaction%3Dlightbox%26settings%3DeyJpZCI6NTg3MywidXJsIjoiaHR0cHM6XC9cL3d3dy5ibGFja2JpcmR0aGVybWFsLmNvbVwvd3AtY29udGVudFwvdXBsb2Fkc1wvMjAyMlwvMTJcL0JsYWNrYmlyZF9UZXJtYWxfNjQzLmpwZyIsInNsaWRlc2hvdyI6ImFsbC1hNDU3NTYxIn0%3D\">\n\t\t\t\t\t<div class=\"e-gallery-image elementor-gallery-item__image\" data-thumbnail=\"https:\/\/www.blackbirdthermal.com\/wp-content\/uploads\/2022\/12\/Blackbird_Termal_643-300x200.jpg\" data-width=\"300\" data-height=\"200\" alt=\"\" ><\/div>\n\t\t\t\t\t\t\t\t\t\t\t<div class=\"elementor-gallery-item__overlay\"><\/div>\n\t\t\t\t\t\t\t\t\t\t\t\t\t\t<\/a>\n\t\t\t\t\t\t\t<a class=\"e-gallery-item elementor-gallery-item elementor-animated-content\" href=\"https:\/\/www.blackbirdthermal.com\/wp-content\/uploads\/2022\/11\/SPA-72-scaled.jpg\" data-elementor-open-lightbox=\"yes\" data-elementor-lightbox-slideshow=\"all-a457561\" data-elementor-lightbox-title=\"SPA (72)\" data-e-action-hash=\"#elementor-action%3Aaction%3Dlightbox%26settings%3DeyJpZCI6NTM2MCwidXJsIjoiaHR0cHM6XC9cL3d3dy5ibGFja2JpcmR0aGVybWFsLmNvbVwvd3AtY29udGVudFwvdXBsb2Fkc1wvMjAyMlwvMTFcL1NQQS03Mi1zY2FsZWQuanBnIiwic2xpZGVzaG93IjoiYWxsLWE0NTc1NjEifQ%3D%3D\">\n\t\t\t\t\t<div class=\"e-gallery-image elementor-gallery-item__image\" data-thumbnail=\"https:\/\/www.blackbirdthermal.com\/wp-content\/uploads\/2022\/11\/SPA-72-300x199.jpg\" data-width=\"300\" data-height=\"199\" alt=\"\" ><\/div>\n\t\t\t\t\t\t\t\t\t\t\t<div class=\"elementor-gallery-item__overlay\"><\/div>\n\t\t\t\t\t\t\t\t\t\t\t\t\t\t<\/a>\n\t\t\t\t\t\t\t<a class=\"e-gallery-item elementor-gallery-item elementor-animated-content\" href=\"https:\/\/www.blackbirdthermal.com\/wp-content\/uploads\/2022\/11\/SPA-65-scaled.jpg\" data-elementor-open-lightbox=\"yes\" data-elementor-lightbox-slideshow=\"all-a457561\" data-elementor-lightbox-title=\"SPA (65)\" data-e-action-hash=\"#elementor-action%3Aaction%3Dlightbox%26settings%3DeyJpZCI6NTM5MywidXJsIjoiaHR0cHM6XC9cL3d3dy5ibGFja2JpcmR0aGVybWFsLmNvbVwvd3AtY29udGVudFwvdXBsb2Fkc1wvMjAyMlwvMTFcL1NQQS02NS1zY2FsZWQuanBnIiwic2xpZGVzaG93IjoiYWxsLWE0NTc1NjEifQ%3D%3D\">\n\t\t\t\t\t<div class=\"e-gallery-image elementor-gallery-item__image\" data-thumbnail=\"https:\/\/www.blackbirdthermal.com\/wp-content\/uploads\/2022\/11\/SPA-65-300x199.jpg\" data-width=\"300\" data-height=\"199\" alt=\"\" ><\/div>\n\t\t\t\t\t\t\t\t\t\t\t<div class=\"elementor-gallery-item__overlay\"><\/div>\n\t\t\t\t\t\t\t\t\t\t\t\t\t\t<\/a>\n\t\t\t\t\t<\/div>\n\t\t\t\t\t<\/div>\n\t\t\t\t<\/div>\n\t\t\t\t\t<\/div>\n\t\t<\/div>\n\t\t\t\t\t<\/div>\n\t\t<\/section>\n\t\t\t\t<\/div>","protected":false},"excerpt":{"rendered":"<p>Termal Havuz T\u0131pta \u2018termomineral sular\u2019 olarak adland\u0131r\u0131lan termal suyun kapl\u0131cada kullan\u0131labilmesi i\u00e7in o suyun yeralt\u0131ndan \u00e7\u0131kan do\u011fal termal su olmas\u0131, s\u0131cakl\u0131\u011f\u0131n\u0131n 20 derece \u00fczerinde bulunmas\u0131,litresinde ise en az 1 gram mineral bulunmas\u0131 gerekmektedir.Yurdumuzda y\u0131lda en az 10 milyon ki\u015fi kapl\u0131calara \u015fifa bulmaya gitmektedir. Uzmanlar, ister m\u00fczmin bir rahats\u0131zl\u0131\u011f\u0131 olsun,isterse sa\u011fl\u0131kl\u0131 herkesin hastal\u0131k durumlar\u0131nda tedaviyi g\u00fc\u00e7lendirmek [&hellip;]<\/p>\n","protected":false},"author":1,"featured_media":0,"parent":0,"menu_order":0,"comment_status":"closed","ping_status":"closed","template":"elementor_header_footer","meta":{"two_page_speed":[],"footnotes":""},"class_list":["post-3598","page","type-page","status-publish","hentry"],"yoast_head":"<!-- This site is optimized with the Yoast SEO plugin v27.4 - https:\/\/yoast.com\/product\/yoast-seo-wordpress\/ -->\n<title>Havuz - Blackbird Thermal Hotel &amp; SPA<\/title>\n<meta name=\"robots\" content=\"index, follow, max-snippet:-1, max-image-preview:large, max-video-preview:-1\" \/>\n<link rel=\"canonical\" href=\"https:\/\/www.blackbirdthermal.com\/en\/havuz\/\" \/>\n<meta property=\"og:locale\" content=\"en_GB\" \/>\n<meta property=\"og:type\" content=\"article\" \/>\n<meta property=\"og:title\" content=\"Havuz - Blackbird Thermal Hotel &amp; SPA\" \/>\n<meta property=\"og:description\" content=\"Termal Havuz T\u0131pta \u2018termomineral sular\u2019 olarak adland\u0131r\u0131lan termal suyun kapl\u0131cada kullan\u0131labilmesi i\u00e7in o suyun yeralt\u0131ndan \u00e7\u0131kan do\u011fal termal su olmas\u0131, s\u0131cakl\u0131\u011f\u0131n\u0131n 20 derece \u00fczerinde bulunmas\u0131,litresinde ise en az 1 gram mineral bulunmas\u0131 gerekmektedir.Yurdumuzda y\u0131lda en az 10 milyon ki\u015fi kapl\u0131calara \u015fifa bulmaya gitmektedir. Uzmanlar, ister m\u00fczmin bir rahats\u0131zl\u0131\u011f\u0131 olsun,isterse sa\u011fl\u0131kl\u0131 herkesin hastal\u0131k durumlar\u0131nda tedaviyi g\u00fc\u00e7lendirmek [&hellip;]\" \/>\n<meta property=\"og:url\" content=\"https:\/\/www.blackbirdthermal.com\/en\/havuz\/\" \/>\n<meta property=\"og:site_name\" content=\"Blackbird Thermal Hotel &amp; SPA\" \/>\n<meta property=\"article:publisher\" content=\"https:\/\/www.facebook.com\/blackbirdthermalhotel\/\" \/>\n<meta property=\"article:modified_time\" content=\"2022-12-16T10:01:33+00:00\" \/>\n<meta name=\"twitter:card\" content=\"summary_large_image\" \/>\n<meta name=\"twitter:label1\" content=\"Estimated reading time\" \/>\n\t<meta name=\"twitter:data1\" content=\"2 minutes\" \/>\n<script type=\"application\/ld+json\" class=\"yoast-schema-graph\">{\"@context\":\"https:\\\/\\\/schema.org\",\"@graph\":[{\"@type\":\"WebPage\",\"@id\":\"https:\\\/\\\/www.blackbirdthermal.com\\\/en\\\/havuz\\\/\",\"url\":\"https:\\\/\\\/www.blackbirdthermal.com\\\/en\\\/havuz\\\/\",\"name\":\"Havuz - Blackbird Thermal Hotel &amp; SPA\",\"isPartOf\":{\"@id\":\"https:\\\/\\\/www.blackbirdthermal.com\\\/en\\\/#website\"},\"datePublished\":\"2022-03-01T04:49:10+00:00\",\"dateModified\":\"2022-12-16T10:01:33+00:00\",\"breadcrumb\":{\"@id\":\"https:\\\/\\\/www.blackbirdthermal.com\\\/en\\\/havuz\\\/#breadcrumb\"},\"inLanguage\":\"en-GB\",\"potentialAction\":[{\"@type\":\"ReadAction\",\"target\":[\"https:\\\/\\\/www.blackbirdthermal.com\\\/en\\\/havuz\\\/\"]}]},{\"@type\":\"BreadcrumbList\",\"@id\":\"https:\\\/\\\/www.blackbirdthermal.com\\\/en\\\/havuz\\\/#breadcrumb\",\"itemListElement\":[{\"@type\":\"ListItem\",\"position\":1,\"name\":\"Anasayfa\",\"item\":\"https:\\\/\\\/www.blackbirdthermal.com\\\/tr\\\/\"},{\"@type\":\"ListItem\",\"position\":2,\"name\":\"Havuz\"}]},{\"@type\":\"WebSite\",\"@id\":\"https:\\\/\\\/www.blackbirdthermal.com\\\/en\\\/#website\",\"url\":\"https:\\\/\\\/www.blackbirdthermal.com\\\/en\\\/\",\"name\":\"Blackbird Thermal Hotel & SPA\",\"description\":\"G\u00f6k\u00e7edere Mah. Atat\u00fcrk Cad. No.30 \\\/ 1 Termal YALOVA\",\"publisher\":{\"@id\":\"https:\\\/\\\/www.blackbirdthermal.com\\\/en\\\/#organization\"},\"potentialAction\":[{\"@type\":\"SearchAction\",\"target\":{\"@type\":\"EntryPoint\",\"urlTemplate\":\"https:\\\/\\\/www.blackbirdthermal.com\\\/en\\\/?s={search_term_string}\"},\"query-input\":{\"@type\":\"PropertyValueSpecification\",\"valueRequired\":true,\"valueName\":\"search_term_string\"}}],\"inLanguage\":\"en-GB\"},{\"@type\":\"Organization\",\"@id\":\"https:\\\/\\\/www.blackbirdthermal.com\\\/en\\\/#organization\",\"name\":\"Blackbird Thermal Hotel & SPA\",\"url\":\"https:\\\/\\\/www.blackbirdthermal.com\\\/en\\\/\",\"logo\":{\"@type\":\"ImageObject\",\"inLanguage\":\"en-GB\",\"@id\":\"https:\\\/\\\/www.blackbirdthermal.com\\\/en\\\/#\\\/schema\\\/logo\\\/image\\\/\",\"url\":\"https:\\\/\\\/www.blackbirdthermal.com\\\/wp-content\\\/uploads\\\/2022\\\/09\\\/BBTH-ACIK-LOGO-00000002.png\",\"contentUrl\":\"https:\\\/\\\/www.blackbirdthermal.com\\\/wp-content\\\/uploads\\\/2022\\\/09\\\/BBTH-ACIK-LOGO-00000002.png\",\"width\":4861,\"height\":2661,\"caption\":\"Blackbird Thermal Hotel & SPA\"},\"image\":{\"@id\":\"https:\\\/\\\/www.blackbirdthermal.com\\\/en\\\/#\\\/schema\\\/logo\\\/image\\\/\"},\"sameAs\":[\"https:\\\/\\\/www.facebook.com\\\/blackbirdthermalhotel\\\/\",\"https:\\\/\\\/www.instagram.com\\\/blackbirdthermalhotel\\\/\",\"https:\\\/\\\/www.youtube.com\\\/channel\\\/UC-3dGStBdsgInCfMTJxOBYg\"]}]}<\/script>\n<!-- \/ Yoast SEO plugin. -->","yoast_head_json":{"title":"Havuz - Blackbird Thermal Hotel &amp; SPA","robots":{"index":"index","follow":"follow","max-snippet":"max-snippet:-1","max-image-preview":"max-image-preview:large","max-video-preview":"max-video-preview:-1"},"canonical":"https:\/\/www.blackbirdthermal.com\/en\/havuz\/","og_locale":"en_GB","og_type":"article","og_title":"Havuz - Blackbird Thermal Hotel &amp; SPA","og_description":"Termal Havuz T\u0131pta \u2018termomineral sular\u2019 olarak adland\u0131r\u0131lan termal suyun kapl\u0131cada kullan\u0131labilmesi i\u00e7in o suyun yeralt\u0131ndan \u00e7\u0131kan do\u011fal termal su olmas\u0131, s\u0131cakl\u0131\u011f\u0131n\u0131n 20 derece \u00fczerinde bulunmas\u0131,litresinde ise en az 1 gram mineral bulunmas\u0131 gerekmektedir.Yurdumuzda y\u0131lda en az 10 milyon ki\u015fi kapl\u0131calara \u015fifa bulmaya gitmektedir. Uzmanlar, ister m\u00fczmin bir rahats\u0131zl\u0131\u011f\u0131 olsun,isterse sa\u011fl\u0131kl\u0131 herkesin hastal\u0131k durumlar\u0131nda tedaviyi g\u00fc\u00e7lendirmek [&hellip;]","og_url":"https:\/\/www.blackbirdthermal.com\/en\/havuz\/","og_site_name":"Blackbird Thermal Hotel &amp; SPA","article_publisher":"https:\/\/www.facebook.com\/blackbirdthermalhotel\/","article_modified_time":"2022-12-16T10:01:33+00:00","twitter_card":"summary_large_image","twitter_misc":{"Estimated reading time":"2 minutes"},"schema":{"@context":"https:\/\/schema.org","@graph":[{"@type":"WebPage","@id":"https:\/\/www.blackbirdthermal.com\/en\/havuz\/","url":"https:\/\/www.blackbirdthermal.com\/en\/havuz\/","name":"Havuz - Blackbird Thermal Hotel &amp; SPA","isPartOf":{"@id":"https:\/\/www.blackbirdthermal.com\/en\/#website"},"datePublished":"2022-03-01T04:49:10+00:00","dateModified":"2022-12-16T10:01:33+00:00","breadcrumb":{"@id":"https:\/\/www.blackbirdthermal.com\/en\/havuz\/#breadcrumb"},"inLanguage":"en-GB","potentialAction":[{"@type":"ReadAction","target":["https:\/\/www.blackbirdthermal.com\/en\/havuz\/"]}]},{"@type":"BreadcrumbList","@id":"https:\/\/www.blackbirdthermal.com\/en\/havuz\/#breadcrumb","itemListElement":[{"@type":"ListItem","position":1,"name":"Anasayfa","item":"https:\/\/www.blackbirdthermal.com\/tr\/"},{"@type":"ListItem","position":2,"name":"Havuz"}]},{"@type":"WebSite","@id":"https:\/\/www.blackbirdthermal.com\/en\/#website","url":"https:\/\/www.blackbirdthermal.com\/en\/","name":"Blackbird Thermal Hotel & SPA","description":"Gokcedere Mah. Atat\u00fcrk CAD. No. 30 \/ 1 Yalova thermal","publisher":{"@id":"https:\/\/www.blackbirdthermal.com\/en\/#organization"},"potentialAction":[{"@type":"SearchAction","target":{"@type":"EntryPoint","urlTemplate":"https:\/\/www.blackbirdthermal.com\/en\/?s={search_term_string}"},"query-input":{"@type":"PropertyValueSpecification","valueRequired":true,"valueName":"search_term_string"}}],"inLanguage":"en-GB"},{"@type":"Organization","@id":"https:\/\/www.blackbirdthermal.com\/en\/#organization","name":"Blackbird Thermal Hotel & SPA","url":"https:\/\/www.blackbirdthermal.com\/en\/","logo":{"@type":"ImageObject","inLanguage":"en-GB","@id":"https:\/\/www.blackbirdthermal.com\/en\/#\/schema\/logo\/image\/","url":"https:\/\/www.blackbirdthermal.com\/wp-content\/uploads\/2022\/09\/BBTH-ACIK-LOGO-00000002.png","contentUrl":"https:\/\/www.blackbirdthermal.com\/wp-content\/uploads\/2022\/09\/BBTH-ACIK-LOGO-00000002.png","width":4861,"height":2661,"caption":"Blackbird Thermal Hotel & SPA"},"image":{"@id":"https:\/\/www.blackbirdthermal.com\/en\/#\/schema\/logo\/image\/"},"sameAs":["https:\/\/www.facebook.com\/blackbirdthermalhotel\/","https:\/\/www.instagram.com\/blackbirdthermalhotel\/","https:\/\/www.youtube.com\/channel\/UC-3dGStBdsgInCfMTJxOBYg"]}]}},"_links":{"self":[{"href":"https:\/\/www.blackbirdthermal.com\/en\/wp-json\/wp\/v2\/pages\/3598","targetHints":{"allow":["GET"]}}],"collection":[{"href":"https:\/\/www.blackbirdthermal.com\/en\/wp-json\/wp\/v2\/pages"}],"about":[{"href":"https:\/\/www.blackbirdthermal.com\/en\/wp-json\/wp\/v2\/types\/page"}],"author":[{"embeddable":true,"href":"https:\/\/www.blackbirdthermal.com\/en\/wp-json\/wp\/v2\/users\/1"}],"replies":[{"embeddable":true,"href":"https:\/\/www.blackbirdthermal.com\/en\/wp-json\/wp\/v2\/comments?post=3598"}],"version-history":[{"count":0,"href":"https:\/\/www.blackbirdthermal.com\/en\/wp-json\/wp\/v2\/pages\/3598\/revisions"}],"wp:attachment":[{"href":"https:\/\/www.blackbirdthermal.com\/en\/wp-json\/wp\/v2\/media?parent=3598"}],"curies":[{"name":"wp","href":"https:\/\/api.w.org\/{rel}","templated":true}]}}