{"id":4247,"date":"2022-09-26T12:29:29","date_gmt":"2022-09-26T09:29:29","guid":{"rendered":"https:\/\/www.blackbirdthermal.com\/?page_id=4247"},"modified":"2022-09-26T12:30:33","modified_gmt":"2022-09-26T09:30:33","slug":"misyonumuz","status":"publish","type":"page","link":"https:\/\/www.blackbirdthermal.com\/en\/misyonumuz\/","title":{"rendered":"Our Mission"},"content":{"rendered":"<div data-elementor-type=\"wp-page\" data-elementor-id=\"4247\" class=\"elementor elementor-4247\">\n\t\t\t\t\t\t<section class=\"elementor-section elementor-top-section elementor-element elementor-element-20c3ed9 elementor-section-boxed elementor-section-height-default elementor-section-height-default\" data-id=\"20c3ed9\" data-element_type=\"section\" data-e-type=\"section\" data-settings=\"{&quot;ekit_has_onepagescroll_dot&quot;:&quot;yes&quot;}\">\n\t\t\t\t\t\t<div class=\"elementor-container elementor-column-gap-default\">\n\t\t\t\t\t<div class=\"elementor-column elementor-col-100 elementor-top-column elementor-element elementor-element-050ab03\" data-id=\"050ab03\" data-element_type=\"column\" data-e-type=\"column\">\n\t\t\t<div class=\"elementor-widget-wrap elementor-element-populated\">\n\t\t\t\t\t\t<div class=\"elementor-element elementor-element-150f402 elementor-widget elementor-widget-heading\" data-id=\"150f402\" data-element_type=\"widget\" data-e-type=\"widget\" data-settings=\"{&quot;ekit_we_effect_on&quot;:&quot;none&quot;}\" data-widget_type=\"heading.default\">\n\t\t\t\t\t<h2 class=\"elementor-heading-title elementor-size-default\">Our Mission<\/h2>\t\t\t\t<\/div>\n\t\t\t\t<div class=\"elementor-element elementor-element-1d31cc7 elementor-widget elementor-widget-text-editor\" data-id=\"1d31cc7\" data-element_type=\"widget\" data-e-type=\"widget\" data-settings=\"{&quot;ekit_we_effect_on&quot;:&quot;none&quot;}\" data-widget_type=\"text-editor.default\">\n\t\t\t\t\t\t\t\t\t<p>To bring solutions of the same excellence to our customers at every level, from individuals, beginners to corporate, and professional level demands.<\/p><p>To maximise quality, efficiency and accessibility in the solutions we offer.<\/p><p>To build an organisation with high customer potential, 100% satisfied with its services and able to extend its understanding to as many guests as possible.<\/p><p>\u00a0<\/p>\t\t\t\t\t\t\t\t<\/div>\n\t\t\t\t\t<\/div>\n\t\t<\/div>\n\t\t\t\t\t<\/div>\n\t\t<\/section>\n\t\t\t\t<\/div>","protected":false},"excerpt":{"rendered":"<p>Misyonumuz Bireysel, ba\u015flang\u0131\u00e7 seviyesindeki kullan\u0131c\u0131lardan; kurumsal, profesyonel seviyedeki taleplere kadar her seviyedeki m\u00fc\u015fterimize ayn\u0131 m\u00fckemmellikteki \u00e7\u00f6z\u00fcmleri sunmak. Sundu\u011fumuz \u00e7\u00f6z\u00fcmlerde kaliteyi, verimlili\u011fi ve ula\u015f\u0131labilirli\u011fi en \u00fcst seviyeye \u00e7\u0131karmak. M\u00fc\u015fteri potansiyeli y\u00fcksek, hizmetlerinden %100 memnun olunan, m\u00fcmk\u00fcn oldu\u011funca \u00e7ok kullan\u0131c\u0131ya anlay\u0131\u015f\u0131n\u0131 sunabilen bir kurum yaratmak. \u00a0<\/p>","protected":false},"author":1,"featured_media":0,"parent":0,"menu_order":0,"comment_status":"closed","ping_status":"closed","template":"elementor_header_footer","meta":{"two_page_speed":[],"footnotes":""},"class_list":["post-4247","page","type-page","status-publish","hentry"],"yoast_head":"<!-- This site is optimized with the Yoast SEO plugin v27.0 - https:\/\/yoast.com\/product\/yoast-seo-wordpress\/ -->\n<title>Misyonumuz - Blackbird Thermal Hotel &amp; SPA<\/title>\n<meta name=\"robots\" content=\"index, follow, max-snippet:-1, max-image-preview:large, max-video-preview:-1\" \/>\n<link rel=\"canonical\" href=\"https:\/\/www.blackbirdthermal.com\/en\/misyonumuz\/\" \/>\n<meta property=\"og:locale\" content=\"en_GB\" \/>\n<meta property=\"og:type\" content=\"article\" \/>\n<meta property=\"og:title\" content=\"Misyonumuz - Blackbird Thermal Hotel &amp; SPA\" \/>\n<meta property=\"og:description\" content=\"Misyonumuz Bireysel, ba\u015flang\u0131\u00e7 seviyesindeki kullan\u0131c\u0131lardan; kurumsal, profesyonel seviyedeki taleplere kadar her seviyedeki m\u00fc\u015fterimize ayn\u0131 m\u00fckemmellikteki \u00e7\u00f6z\u00fcmleri sunmak. Sundu\u011fumuz \u00e7\u00f6z\u00fcmlerde kaliteyi, verimlili\u011fi ve ula\u015f\u0131labilirli\u011fi en \u00fcst seviyeye \u00e7\u0131karmak. M\u00fc\u015fteri potansiyeli y\u00fcksek, hizmetlerinden %100 memnun olunan, m\u00fcmk\u00fcn oldu\u011funca \u00e7ok kullan\u0131c\u0131ya anlay\u0131\u015f\u0131n\u0131 sunabilen bir kurum yaratmak. \u00a0\" \/>\n<meta property=\"og:url\" content=\"https:\/\/www.blackbirdthermal.com\/en\/misyonumuz\/\" \/>\n<meta property=\"og:site_name\" content=\"Blackbird Thermal Hotel &amp; SPA\" \/>\n<meta property=\"article:publisher\" content=\"https:\/\/www.facebook.com\/blackbirdthermalhotel\/\" \/>\n<meta property=\"article:modified_time\" content=\"2022-09-26T09:30:33+00:00\" \/>\n<meta name=\"twitter:card\" content=\"summary_large_image\" \/>\n<script type=\"application\/ld+json\" class=\"yoast-schema-graph\">{\"@context\":\"https:\/\/schema.org\",\"@graph\":[{\"@type\":\"WebPage\",\"@id\":\"https:\/\/www.blackbirdthermal.com\/en\/misyonumuz\/\",\"url\":\"https:\/\/www.blackbirdthermal.com\/en\/misyonumuz\/\",\"name\":\"Misyonumuz - Blackbird Thermal Hotel &amp; SPA\",\"isPartOf\":{\"@id\":\"https:\/\/www.blackbirdthermal.com\/en\/#website\"},\"datePublished\":\"2022-09-26T09:29:29+00:00\",\"dateModified\":\"2022-09-26T09:30:33+00:00\",\"breadcrumb\":{\"@id\":\"https:\/\/www.blackbirdthermal.com\/en\/misyonumuz\/#breadcrumb\"},\"inLanguage\":\"en-GB\",\"potentialAction\":[{\"@type\":\"ReadAction\",\"target\":[\"https:\/\/www.blackbirdthermal.com\/en\/misyonumuz\/\"]}]},{\"@type\":\"BreadcrumbList\",\"@id\":\"https:\/\/www.blackbirdthermal.com\/en\/misyonumuz\/#breadcrumb\",\"itemListElement\":[{\"@type\":\"ListItem\",\"position\":1,\"name\":\"Anasayfa\",\"item\":\"https:\/\/www.blackbirdthermal.com\/tr\/\"},{\"@type\":\"ListItem\",\"position\":2,\"name\":\"Misyonumuz\"}]},{\"@type\":\"WebSite\",\"@id\":\"https:\/\/www.blackbirdthermal.com\/en\/#website\",\"url\":\"https:\/\/www.blackbirdthermal.com\/en\/\",\"name\":\"Blackbird Thermal Hotel & SPA\",\"description\":\"G\u00f6k\u00e7edere Mah. Atat\u00fcrk Cad. No.30 \/ 1 Termal YALOVA\",\"publisher\":{\"@id\":\"https:\/\/www.blackbirdthermal.com\/en\/#organization\"},\"potentialAction\":[{\"@type\":\"SearchAction\",\"target\":{\"@type\":\"EntryPoint\",\"urlTemplate\":\"https:\/\/www.blackbirdthermal.com\/en\/?s={search_term_string}\"},\"query-input\":{\"@type\":\"PropertyValueSpecification\",\"valueRequired\":true,\"valueName\":\"search_term_string\"}}],\"inLanguage\":\"en-GB\"},{\"@type\":\"Organization\",\"@id\":\"https:\/\/www.blackbirdthermal.com\/en\/#organization\",\"name\":\"Blackbird Thermal Hotel & SPA\",\"url\":\"https:\/\/www.blackbirdthermal.com\/en\/\",\"logo\":{\"@type\":\"ImageObject\",\"inLanguage\":\"en-GB\",\"@id\":\"https:\/\/www.blackbirdthermal.com\/en\/#\/schema\/logo\/image\/\",\"url\":\"https:\/\/www.blackbirdthermal.com\/wp-content\/uploads\/2022\/09\/BBTH-ACIK-LOGO-00000002.png\",\"contentUrl\":\"https:\/\/www.blackbirdthermal.com\/wp-content\/uploads\/2022\/09\/BBTH-ACIK-LOGO-00000002.png\",\"width\":4861,\"height\":2661,\"caption\":\"Blackbird Thermal Hotel & SPA\"},\"image\":{\"@id\":\"https:\/\/www.blackbirdthermal.com\/en\/#\/schema\/logo\/image\/\"},\"sameAs\":[\"https:\/\/www.facebook.com\/blackbirdthermalhotel\/\",\"https:\/\/www.instagram.com\/blackbirdthermalhotel\/\",\"https:\/\/www.youtube.com\/channel\/UC-3dGStBdsgInCfMTJxOBYg\"]}]}<\/script>\n<!-- \/ Yoast SEO plugin. -->","yoast_head_json":{"title":"Misyonumuz - Blackbird Thermal Hotel &amp; SPA","robots":{"index":"index","follow":"follow","max-snippet":"max-snippet:-1","max-image-preview":"max-image-preview:large","max-video-preview":"max-video-preview:-1"},"canonical":"https:\/\/www.blackbirdthermal.com\/en\/misyonumuz\/","og_locale":"en_GB","og_type":"article","og_title":"Misyonumuz - Blackbird Thermal Hotel &amp; SPA","og_description":"Misyonumuz Bireysel, ba\u015flang\u0131\u00e7 seviyesindeki kullan\u0131c\u0131lardan; kurumsal, profesyonel seviyedeki taleplere kadar her seviyedeki m\u00fc\u015fterimize ayn\u0131 m\u00fckemmellikteki \u00e7\u00f6z\u00fcmleri sunmak. Sundu\u011fumuz \u00e7\u00f6z\u00fcmlerde kaliteyi, verimlili\u011fi ve ula\u015f\u0131labilirli\u011fi en \u00fcst seviyeye \u00e7\u0131karmak. M\u00fc\u015fteri potansiyeli y\u00fcksek, hizmetlerinden %100 memnun olunan, m\u00fcmk\u00fcn oldu\u011funca \u00e7ok kullan\u0131c\u0131ya anlay\u0131\u015f\u0131n\u0131 sunabilen bir kurum yaratmak. \u00a0","og_url":"https:\/\/www.blackbirdthermal.com\/en\/misyonumuz\/","og_site_name":"Blackbird Thermal Hotel &amp; SPA","article_publisher":"https:\/\/www.facebook.com\/blackbirdthermalhotel\/","article_modified_time":"2022-09-26T09:30:33+00:00","twitter_card":"summary_large_image","schema":{"@context":"https:\/\/schema.org","@graph":[{"@type":"WebPage","@id":"https:\/\/www.blackbirdthermal.com\/en\/misyonumuz\/","url":"https:\/\/www.blackbirdthermal.com\/en\/misyonumuz\/","name":"Misyonumuz - Blackbird Thermal Hotel &amp; SPA","isPartOf":{"@id":"https:\/\/www.blackbirdthermal.com\/en\/#website"},"datePublished":"2022-09-26T09:29:29+00:00","dateModified":"2022-09-26T09:30:33+00:00","breadcrumb":{"@id":"https:\/\/www.blackbirdthermal.com\/en\/misyonumuz\/#breadcrumb"},"inLanguage":"en-GB","potentialAction":[{"@type":"ReadAction","target":["https:\/\/www.blackbirdthermal.com\/en\/misyonumuz\/"]}]},{"@type":"BreadcrumbList","@id":"https:\/\/www.blackbirdthermal.com\/en\/misyonumuz\/#breadcrumb","itemListElement":[{"@type":"ListItem","position":1,"name":"Anasayfa","item":"https:\/\/www.blackbirdthermal.com\/tr\/"},{"@type":"ListItem","position":2,"name":"Misyonumuz"}]},{"@type":"WebSite","@id":"https:\/\/www.blackbirdthermal.com\/en\/#website","url":"https:\/\/www.blackbirdthermal.com\/en\/","name":"Blackbird Thermal Hotel & SPA","description":"Gokcedere Mah. Atat\u00fcrk CAD. No. 30 \/ 1 Yalova thermal","publisher":{"@id":"https:\/\/www.blackbirdthermal.com\/en\/#organization"},"potentialAction":[{"@type":"SearchAction","target":{"@type":"EntryPoint","urlTemplate":"https:\/\/www.blackbirdthermal.com\/en\/?s={search_term_string}"},"query-input":{"@type":"PropertyValueSpecification","valueRequired":true,"valueName":"search_term_string"}}],"inLanguage":"en-GB"},{"@type":"Organization","@id":"https:\/\/www.blackbirdthermal.com\/en\/#organization","name":"Blackbird Thermal Hotel & SPA","url":"https:\/\/www.blackbirdthermal.com\/en\/","logo":{"@type":"ImageObject","inLanguage":"en-GB","@id":"https:\/\/www.blackbirdthermal.com\/en\/#\/schema\/logo\/image\/","url":"https:\/\/www.blackbirdthermal.com\/wp-content\/uploads\/2022\/09\/BBTH-ACIK-LOGO-00000002.png","contentUrl":"https:\/\/www.blackbirdthermal.com\/wp-content\/uploads\/2022\/09\/BBTH-ACIK-LOGO-00000002.png","width":4861,"height":2661,"caption":"Blackbird Thermal Hotel & SPA"},"image":{"@id":"https:\/\/www.blackbirdthermal.com\/en\/#\/schema\/logo\/image\/"},"sameAs":["https:\/\/www.facebook.com\/blackbirdthermalhotel\/","https:\/\/www.instagram.com\/blackbirdthermalhotel\/","https:\/\/www.youtube.com\/channel\/UC-3dGStBdsgInCfMTJxOBYg"]}]}},"_links":{"self":[{"href":"https:\/\/www.blackbirdthermal.com\/en\/wp-json\/wp\/v2\/pages\/4247","targetHints":{"allow":["GET"]}}],"collection":[{"href":"https:\/\/www.blackbirdthermal.com\/en\/wp-json\/wp\/v2\/pages"}],"about":[{"href":"https:\/\/www.blackbirdthermal.com\/en\/wp-json\/wp\/v2\/types\/page"}],"author":[{"embeddable":true,"href":"https:\/\/www.blackbirdthermal.com\/en\/wp-json\/wp\/v2\/users\/1"}],"replies":[{"embeddable":true,"href":"https:\/\/www.blackbirdthermal.com\/en\/wp-json\/wp\/v2\/comments?post=4247"}],"version-history":[{"count":0,"href":"https:\/\/www.blackbirdthermal.com\/en\/wp-json\/wp\/v2\/pages\/4247\/revisions"}],"wp:attachment":[{"href":"https:\/\/www.blackbirdthermal.com\/en\/wp-json\/wp\/v2\/media?parent=4247"}],"curies":[{"name":"wp","href":"https:\/\/api.w.org\/{rel}","templated":true}]}}