{"id":4252,"date":"2022-09-26T12:31:00","date_gmt":"2022-09-26T09:31:00","guid":{"rendered":"https:\/\/www.blackbirdthermal.com\/?page_id=4252"},"modified":"2022-09-26T12:32:06","modified_gmt":"2022-09-26T09:32:06","slug":"degerlerimiz","status":"publish","type":"page","link":"https:\/\/www.blackbirdthermal.com\/en\/degerlerimiz\/","title":{"rendered":"Our Values"},"content":{"rendered":"<div data-elementor-type=\"wp-page\" data-elementor-id=\"4252\" class=\"elementor elementor-4252\">\n\t\t\t\t\t\t<section class=\"elementor-section elementor-top-section elementor-element elementor-element-54c44b0 elementor-section-boxed elementor-section-height-default elementor-section-height-default\" data-id=\"54c44b0\" data-element_type=\"section\" data-e-type=\"section\" data-settings=\"{&quot;ekit_has_onepagescroll_dot&quot;:&quot;yes&quot;}\">\n\t\t\t\t\t\t<div class=\"elementor-container elementor-column-gap-default\">\n\t\t\t\t\t<div class=\"elementor-column elementor-col-100 elementor-top-column elementor-element elementor-element-c5cd625\" data-id=\"c5cd625\" data-element_type=\"column\" data-e-type=\"column\">\n\t\t\t<div class=\"elementor-widget-wrap elementor-element-populated\">\n\t\t\t\t\t\t<div class=\"elementor-element elementor-element-f7ddb74 elementor-widget elementor-widget-heading\" data-id=\"f7ddb74\" data-element_type=\"widget\" data-e-type=\"widget\" data-settings=\"{&quot;ekit_we_effect_on&quot;:&quot;none&quot;}\" data-widget_type=\"heading.default\">\n\t\t\t\t\t<h2 class=\"elementor-heading-title elementor-size-default\">Our Values<\/h2>\t\t\t\t<\/div>\n\t\t\t\t<div class=\"elementor-element elementor-element-19610c3 elementor-widget elementor-widget-text-editor\" data-id=\"19610c3\" data-element_type=\"widget\" data-e-type=\"widget\" data-settings=\"{&quot;ekit_we_effect_on&quot;:&quot;none&quot;}\" data-widget_type=\"text-editor.default\">\n\t\t\t\t\t\t\t\t\t<p style=\"text-align: center;\">We stick to ethical values and trade codes.<\/p><p style=\"text-align: center;\">We believe in human value and invest in people.<\/p><p style=\"text-align: center;\">We make an effort to instil quality awareness in every sphere.<\/p><p style=\"text-align: center;\">We are based on customer satisfaction.<\/p><p style=\"text-align: center;\">We believe in the intrinsic value of gaining permanent guests and cherish the long-term business partnerships that we establish with our guests.<\/p><p style=\"text-align: center;\">We think on behalf of our guests and produce value-added solutions that meet their needs.<\/p><p style=\"text-align: center;\">We adopt a proactive approach and take precautions for potential problems ahead of time.<\/p>\t\t\t\t\t\t\t\t<\/div>\n\t\t\t\t\t<\/div>\n\t\t<\/div>\n\t\t\t\t\t<\/div>\n\t\t<\/section>\n\t\t\t\t<\/div>","protected":false},"excerpt":{"rendered":"<p>De\u011ferlerimiz Etik de\u011ferlere, ticaret ahlak\u0131na ba\u011fl\u0131y\u0131z. \u0130nsan de\u011ferine inan\u0131r ve insana yat\u0131r\u0131m yapar\u0131z. Her alanda kalite bilincini yerle\u015ftirmek \u00fczere \u00e7aba g\u00f6steririz. M\u00fc\u015fteri memnuniyetini esas al\u0131r\u0131z. Kal\u0131c\u0131 konuklar edinmenin de\u011ferine inan\u0131yor, konuklar\u0131m\u0131zla aram\u0131zdaki i\u015f ortakl\u0131klar\u0131na uzun vadeli bak\u0131yoruz. Konuklar\u0131m\u0131z\u0131n yerine d\u00fc\u015f\u00fcn\u00fcyor, konuklar\u0131m\u0131z\u0131n ihtiya\u00e7lar\u0131na uygun, de\u011fer katan \u00e7\u00f6z\u00fcmler \u00fcretiyoruz. Proaktif yakla\u015f\u0131mlarla hareket ederek olu\u015fabilecek sorunlar\u0131n \u00f6nlemlerini \u00f6nceden [&hellip;]<\/p>\n","protected":false},"author":1,"featured_media":0,"parent":0,"menu_order":0,"comment_status":"closed","ping_status":"closed","template":"elementor_header_footer","meta":{"two_page_speed":[],"footnotes":""},"class_list":["post-4252","page","type-page","status-publish","hentry"],"yoast_head":"<!-- This site is optimized with the Yoast SEO plugin v27.0 - https:\/\/yoast.com\/product\/yoast-seo-wordpress\/ -->\n<title>De\u011ferlerimiz - Blackbird Thermal Hotel &amp; SPA<\/title>\n<meta name=\"robots\" content=\"index, follow, max-snippet:-1, max-image-preview:large, max-video-preview:-1\" \/>\n<link rel=\"canonical\" href=\"https:\/\/www.blackbirdthermal.com\/en\/degerlerimiz\/\" \/>\n<meta property=\"og:locale\" content=\"en_GB\" \/>\n<meta property=\"og:type\" content=\"article\" \/>\n<meta property=\"og:title\" content=\"De\u011ferlerimiz - Blackbird Thermal Hotel &amp; SPA\" \/>\n<meta property=\"og:description\" content=\"De\u011ferlerimiz Etik de\u011ferlere, ticaret ahlak\u0131na ba\u011fl\u0131y\u0131z. \u0130nsan de\u011ferine inan\u0131r ve insana yat\u0131r\u0131m yapar\u0131z. Her alanda kalite bilincini yerle\u015ftirmek \u00fczere \u00e7aba g\u00f6steririz. M\u00fc\u015fteri memnuniyetini esas al\u0131r\u0131z. Kal\u0131c\u0131 konuklar edinmenin de\u011ferine inan\u0131yor, konuklar\u0131m\u0131zla aram\u0131zdaki i\u015f ortakl\u0131klar\u0131na uzun vadeli bak\u0131yoruz. Konuklar\u0131m\u0131z\u0131n yerine d\u00fc\u015f\u00fcn\u00fcyor, konuklar\u0131m\u0131z\u0131n ihtiya\u00e7lar\u0131na uygun, de\u011fer katan \u00e7\u00f6z\u00fcmler \u00fcretiyoruz. Proaktif yakla\u015f\u0131mlarla hareket ederek olu\u015fabilecek sorunlar\u0131n \u00f6nlemlerini \u00f6nceden [&hellip;]\" \/>\n<meta property=\"og:url\" content=\"https:\/\/www.blackbirdthermal.com\/en\/degerlerimiz\/\" \/>\n<meta property=\"og:site_name\" content=\"Blackbird Thermal Hotel &amp; SPA\" \/>\n<meta property=\"article:publisher\" content=\"https:\/\/www.facebook.com\/blackbirdthermalhotel\/\" \/>\n<meta property=\"article:modified_time\" content=\"2022-09-26T09:32:06+00:00\" \/>\n<meta name=\"twitter:card\" content=\"summary_large_image\" \/>\n<script type=\"application\/ld+json\" class=\"yoast-schema-graph\">{\"@context\":\"https:\/\/schema.org\",\"@graph\":[{\"@type\":\"WebPage\",\"@id\":\"https:\/\/www.blackbirdthermal.com\/en\/degerlerimiz\/\",\"url\":\"https:\/\/www.blackbirdthermal.com\/en\/degerlerimiz\/\",\"name\":\"De\u011ferlerimiz - Blackbird Thermal Hotel &amp; SPA\",\"isPartOf\":{\"@id\":\"https:\/\/www.blackbirdthermal.com\/en\/#website\"},\"datePublished\":\"2022-09-26T09:31:00+00:00\",\"dateModified\":\"2022-09-26T09:32:06+00:00\",\"breadcrumb\":{\"@id\":\"https:\/\/www.blackbirdthermal.com\/en\/degerlerimiz\/#breadcrumb\"},\"inLanguage\":\"en-GB\",\"potentialAction\":[{\"@type\":\"ReadAction\",\"target\":[\"https:\/\/www.blackbirdthermal.com\/en\/degerlerimiz\/\"]}]},{\"@type\":\"BreadcrumbList\",\"@id\":\"https:\/\/www.blackbirdthermal.com\/en\/degerlerimiz\/#breadcrumb\",\"itemListElement\":[{\"@type\":\"ListItem\",\"position\":1,\"name\":\"Anasayfa\",\"item\":\"https:\/\/www.blackbirdthermal.com\/tr\/\"},{\"@type\":\"ListItem\",\"position\":2,\"name\":\"De\u011ferlerimiz\"}]},{\"@type\":\"WebSite\",\"@id\":\"https:\/\/www.blackbirdthermal.com\/en\/#website\",\"url\":\"https:\/\/www.blackbirdthermal.com\/en\/\",\"name\":\"Blackbird Thermal Hotel & SPA\",\"description\":\"G\u00f6k\u00e7edere Mah. Atat\u00fcrk Cad. No.30 \/ 1 Termal YALOVA\",\"publisher\":{\"@id\":\"https:\/\/www.blackbirdthermal.com\/en\/#organization\"},\"potentialAction\":[{\"@type\":\"SearchAction\",\"target\":{\"@type\":\"EntryPoint\",\"urlTemplate\":\"https:\/\/www.blackbirdthermal.com\/en\/?s={search_term_string}\"},\"query-input\":{\"@type\":\"PropertyValueSpecification\",\"valueRequired\":true,\"valueName\":\"search_term_string\"}}],\"inLanguage\":\"en-GB\"},{\"@type\":\"Organization\",\"@id\":\"https:\/\/www.blackbirdthermal.com\/en\/#organization\",\"name\":\"Blackbird Thermal Hotel & SPA\",\"url\":\"https:\/\/www.blackbirdthermal.com\/en\/\",\"logo\":{\"@type\":\"ImageObject\",\"inLanguage\":\"en-GB\",\"@id\":\"https:\/\/www.blackbirdthermal.com\/en\/#\/schema\/logo\/image\/\",\"url\":\"https:\/\/www.blackbirdthermal.com\/wp-content\/uploads\/2022\/09\/BBTH-ACIK-LOGO-00000002.png\",\"contentUrl\":\"https:\/\/www.blackbirdthermal.com\/wp-content\/uploads\/2022\/09\/BBTH-ACIK-LOGO-00000002.png\",\"width\":4861,\"height\":2661,\"caption\":\"Blackbird Thermal Hotel & SPA\"},\"image\":{\"@id\":\"https:\/\/www.blackbirdthermal.com\/en\/#\/schema\/logo\/image\/\"},\"sameAs\":[\"https:\/\/www.facebook.com\/blackbirdthermalhotel\/\",\"https:\/\/www.instagram.com\/blackbirdthermalhotel\/\",\"https:\/\/www.youtube.com\/channel\/UC-3dGStBdsgInCfMTJxOBYg\"]}]}<\/script>\n<!-- \/ Yoast SEO plugin. -->","yoast_head_json":{"title":"De\u011ferlerimiz - Blackbird Thermal Hotel &amp; SPA","robots":{"index":"index","follow":"follow","max-snippet":"max-snippet:-1","max-image-preview":"max-image-preview:large","max-video-preview":"max-video-preview:-1"},"canonical":"https:\/\/www.blackbirdthermal.com\/en\/degerlerimiz\/","og_locale":"en_GB","og_type":"article","og_title":"De\u011ferlerimiz - Blackbird Thermal Hotel &amp; SPA","og_description":"De\u011ferlerimiz Etik de\u011ferlere, ticaret ahlak\u0131na ba\u011fl\u0131y\u0131z. \u0130nsan de\u011ferine inan\u0131r ve insana yat\u0131r\u0131m yapar\u0131z. Her alanda kalite bilincini yerle\u015ftirmek \u00fczere \u00e7aba g\u00f6steririz. M\u00fc\u015fteri memnuniyetini esas al\u0131r\u0131z. Kal\u0131c\u0131 konuklar edinmenin de\u011ferine inan\u0131yor, konuklar\u0131m\u0131zla aram\u0131zdaki i\u015f ortakl\u0131klar\u0131na uzun vadeli bak\u0131yoruz. Konuklar\u0131m\u0131z\u0131n yerine d\u00fc\u015f\u00fcn\u00fcyor, konuklar\u0131m\u0131z\u0131n ihtiya\u00e7lar\u0131na uygun, de\u011fer katan \u00e7\u00f6z\u00fcmler \u00fcretiyoruz. Proaktif yakla\u015f\u0131mlarla hareket ederek olu\u015fabilecek sorunlar\u0131n \u00f6nlemlerini \u00f6nceden [&hellip;]","og_url":"https:\/\/www.blackbirdthermal.com\/en\/degerlerimiz\/","og_site_name":"Blackbird Thermal Hotel &amp; SPA","article_publisher":"https:\/\/www.facebook.com\/blackbirdthermalhotel\/","article_modified_time":"2022-09-26T09:32:06+00:00","twitter_card":"summary_large_image","schema":{"@context":"https:\/\/schema.org","@graph":[{"@type":"WebPage","@id":"https:\/\/www.blackbirdthermal.com\/en\/degerlerimiz\/","url":"https:\/\/www.blackbirdthermal.com\/en\/degerlerimiz\/","name":"De\u011ferlerimiz - Blackbird Thermal Hotel &amp; SPA","isPartOf":{"@id":"https:\/\/www.blackbirdthermal.com\/en\/#website"},"datePublished":"2022-09-26T09:31:00+00:00","dateModified":"2022-09-26T09:32:06+00:00","breadcrumb":{"@id":"https:\/\/www.blackbirdthermal.com\/en\/degerlerimiz\/#breadcrumb"},"inLanguage":"en-GB","potentialAction":[{"@type":"ReadAction","target":["https:\/\/www.blackbirdthermal.com\/en\/degerlerimiz\/"]}]},{"@type":"BreadcrumbList","@id":"https:\/\/www.blackbirdthermal.com\/en\/degerlerimiz\/#breadcrumb","itemListElement":[{"@type":"ListItem","position":1,"name":"Anasayfa","item":"https:\/\/www.blackbirdthermal.com\/tr\/"},{"@type":"ListItem","position":2,"name":"De\u011ferlerimiz"}]},{"@type":"WebSite","@id":"https:\/\/www.blackbirdthermal.com\/en\/#website","url":"https:\/\/www.blackbirdthermal.com\/en\/","name":"Blackbird Thermal Hotel & SPA","description":"Gokcedere Mah. Atat\u00fcrk CAD. No. 30 \/ 1 Yalova thermal","publisher":{"@id":"https:\/\/www.blackbirdthermal.com\/en\/#organization"},"potentialAction":[{"@type":"SearchAction","target":{"@type":"EntryPoint","urlTemplate":"https:\/\/www.blackbirdthermal.com\/en\/?s={search_term_string}"},"query-input":{"@type":"PropertyValueSpecification","valueRequired":true,"valueName":"search_term_string"}}],"inLanguage":"en-GB"},{"@type":"Organization","@id":"https:\/\/www.blackbirdthermal.com\/en\/#organization","name":"Blackbird Thermal Hotel & SPA","url":"https:\/\/www.blackbirdthermal.com\/en\/","logo":{"@type":"ImageObject","inLanguage":"en-GB","@id":"https:\/\/www.blackbirdthermal.com\/en\/#\/schema\/logo\/image\/","url":"https:\/\/www.blackbirdthermal.com\/wp-content\/uploads\/2022\/09\/BBTH-ACIK-LOGO-00000002.png","contentUrl":"https:\/\/www.blackbirdthermal.com\/wp-content\/uploads\/2022\/09\/BBTH-ACIK-LOGO-00000002.png","width":4861,"height":2661,"caption":"Blackbird Thermal Hotel & SPA"},"image":{"@id":"https:\/\/www.blackbirdthermal.com\/en\/#\/schema\/logo\/image\/"},"sameAs":["https:\/\/www.facebook.com\/blackbirdthermalhotel\/","https:\/\/www.instagram.com\/blackbirdthermalhotel\/","https:\/\/www.youtube.com\/channel\/UC-3dGStBdsgInCfMTJxOBYg"]}]}},"_links":{"self":[{"href":"https:\/\/www.blackbirdthermal.com\/en\/wp-json\/wp\/v2\/pages\/4252","targetHints":{"allow":["GET"]}}],"collection":[{"href":"https:\/\/www.blackbirdthermal.com\/en\/wp-json\/wp\/v2\/pages"}],"about":[{"href":"https:\/\/www.blackbirdthermal.com\/en\/wp-json\/wp\/v2\/types\/page"}],"author":[{"embeddable":true,"href":"https:\/\/www.blackbirdthermal.com\/en\/wp-json\/wp\/v2\/users\/1"}],"replies":[{"embeddable":true,"href":"https:\/\/www.blackbirdthermal.com\/en\/wp-json\/wp\/v2\/comments?post=4252"}],"version-history":[{"count":0,"href":"https:\/\/www.blackbirdthermal.com\/en\/wp-json\/wp\/v2\/pages\/4252\/revisions"}],"wp:attachment":[{"href":"https:\/\/www.blackbirdthermal.com\/en\/wp-json\/wp\/v2\/media?parent=4252"}],"curies":[{"name":"wp","href":"https:\/\/api.w.org\/{rel}","templated":true}]}}