{"id":55,"date":"2022-01-17T07:41:54","date_gmt":"2022-01-17T04:41:54","guid":{"rendered":"http:\/\/demo.ovathemes.com\/hotelft\/?page_id=55"},"modified":"2022-12-01T13:25:32","modified_gmt":"2022-12-01T10:25:32","slug":"hakkimizda","status":"publish","type":"page","link":"https:\/\/www.blackbirdthermal.com\/en\/hakkimizda\/","title":{"rendered":"About Us"},"content":{"rendered":"<div data-elementor-type=\"wp-page\" data-elementor-id=\"55\" class=\"elementor elementor-55\">\n\t\t\t\t\t\t<section class=\"elementor-section elementor-top-section elementor-element elementor-element-14a4c4f elementor-section-boxed elementor-section-height-default elementor-section-height-default\" data-id=\"14a4c4f\" data-element_type=\"section\" data-e-type=\"section\" data-settings=\"{&quot;ekit_has_onepagescroll_dot&quot;:&quot;yes&quot;}\">\n\t\t\t\t\t\t<div class=\"elementor-container elementor-column-gap-default\">\n\t\t\t\t\t<div class=\"elementor-column elementor-col-100 elementor-top-column elementor-element elementor-element-5c8fa6c\" data-id=\"5c8fa6c\" data-element_type=\"column\" data-e-type=\"column\">\n\t\t\t<div class=\"elementor-widget-wrap elementor-element-populated\">\n\t\t\t\t\t\t<div class=\"elementor-element elementor-element-7fdc516 elementor-widget elementor-widget-heading\" data-id=\"7fdc516\" data-element_type=\"widget\" data-e-type=\"widget\" data-settings=\"{&quot;ekit_we_effect_on&quot;:&quot;none&quot;}\" data-widget_type=\"heading.default\">\n\t\t\t\t\t<h2 class=\"elementor-heading-title elementor-size-default\">We Make Our Guests Relax<\/h2>\t\t\t\t<\/div>\n\t\t\t\t<div class=\"elementor-element elementor-element-b5baf9f elementor-widget elementor-widget-text-editor\" data-id=\"b5baf9f\" data-element_type=\"widget\" data-e-type=\"widget\" data-settings=\"{&quot;ekit_we_effect_on&quot;:&quot;none&quot;}\" data-widget_type=\"text-editor.default\">\n\t\t\t\t\t\t\t\t\t<p style=\"text-align: center;\">Having a holiday in Yalova, the pearl of Marmara with its nature, sea, historical sites, and hot spring waters, will be even more memorable with the distinction of Black Bird Thermal Hotel &amp; SPA.<\/p><p style=\"text-align: center;\">Featuring a privileged location among Yalova hotels, Black Bird Thermal Hotel &amp; SPA boasts an area of 5,500 square metres and offers luxury and comfort by blending quality and excellence. It offers you more than any other in Yalova with its thermal water used in the rooms and spa centre, pools, rooms and suites furnished with high-level comfort, a\u2019la carte restaurant, vitamin bar, patisserie and magnificent SPA.<\/p><p style=\"text-align: center;\">It has 71 rooms and 204 beds, including 50 Standard rooms, one accessible room, eight Deluxe Jacuzzi Suites, eight suites and four Jacuzzi Suites.<\/p><p style=\"text-align: center;\">The hotel has a main restaurant for 150 guests, one a la carte restaurant, one patisserie for 50 guests, a lobby bar, one meeting room for 100 persons, one vitamin bar and a pool bar, and impresses with its flavoursome and high-quality presentations.<\/p>\t\t\t\t\t\t\t\t<\/div>\n\t\t\t\t\t<\/div>\n\t\t<\/div>\n\t\t\t\t\t<\/div>\n\t\t<\/section>\n\t\t\t\t<\/div>","protected":false},"excerpt":{"rendered":"<p>Konuklar\u0131m\u0131z\u0131 Dinlendiriyoruz Do\u011fas\u0131, denizi, tarihi yerleri, kapl\u0131ca suyu ve Marmara\u2019n\u0131n incisi olan Yalova\u2019da tatil yapmak, Black Bird Thermal Hotel &amp; SPA fark\u0131 ile \u00e7ok daha unutulmaz olacak. Yalova otelleri aras\u0131ndaki ayr\u0131cal\u0131kl\u0131 konumuyla Black Bird Thermal Hotel &amp; SPA, 5.500 metrekare alana sahip olup kalite ile m\u00fckemmelli\u011fi birle\u015ftirerek l\u00fcks ve konforu beraberinde sunuyor. Odalarda ve spa [&hellip;]<\/p>\n","protected":false},"author":1,"featured_media":1409,"parent":0,"menu_order":0,"comment_status":"closed","ping_status":"closed","template":"elementor_header_footer","meta":{"two_page_speed":[],"footnotes":""},"class_list":["post-55","page","type-page","status-publish","has-post-thumbnail","hentry"],"yoast_head":"<!-- This site is optimized with the Yoast SEO plugin v27.4 - https:\/\/yoast.com\/product\/yoast-seo-wordpress\/ -->\n<title>Hakk\u0131m\u0131zda - Blackbird Thermal Hotel &amp; SPA<\/title>\n<meta name=\"robots\" content=\"index, follow, max-snippet:-1, max-image-preview:large, max-video-preview:-1\" \/>\n<link rel=\"canonical\" href=\"https:\/\/www.blackbirdthermal.com\/en\/hakkimizda\/\" \/>\n<meta property=\"og:locale\" content=\"en_GB\" \/>\n<meta property=\"og:type\" content=\"article\" \/>\n<meta property=\"og:title\" content=\"Hakk\u0131m\u0131zda - Blackbird Thermal Hotel &amp; SPA\" \/>\n<meta property=\"og:description\" content=\"Konuklar\u0131m\u0131z\u0131 Dinlendiriyoruz Do\u011fas\u0131, denizi, tarihi yerleri, kapl\u0131ca suyu ve Marmara\u2019n\u0131n incisi olan Yalova\u2019da tatil yapmak, Black Bird Thermal Hotel &amp; SPA fark\u0131 ile \u00e7ok daha unutulmaz olacak. Yalova otelleri aras\u0131ndaki ayr\u0131cal\u0131kl\u0131 konumuyla Black Bird Thermal Hotel &amp; SPA, 5.500 metrekare alana sahip olup kalite ile m\u00fckemmelli\u011fi birle\u015ftirerek l\u00fcks ve konforu beraberinde sunuyor. Odalarda ve spa [&hellip;]\" \/>\n<meta property=\"og:url\" content=\"https:\/\/www.blackbirdthermal.com\/en\/hakkimizda\/\" \/>\n<meta property=\"og:site_name\" content=\"Blackbird Thermal Hotel &amp; SPA\" \/>\n<meta property=\"article:publisher\" content=\"https:\/\/www.facebook.com\/blackbirdthermalhotel\/\" \/>\n<meta property=\"article:modified_time\" content=\"2022-12-01T10:25:32+00:00\" \/>\n<meta name=\"twitter:card\" content=\"summary_large_image\" \/>\n<meta name=\"twitter:label1\" content=\"Estimated reading time\" \/>\n\t<meta name=\"twitter:data1\" content=\"1 minute\" \/>\n<script type=\"application\/ld+json\" class=\"yoast-schema-graph\">{\"@context\":\"https:\\\/\\\/schema.org\",\"@graph\":[{\"@type\":\"WebPage\",\"@id\":\"https:\\\/\\\/www.blackbirdthermal.com\\\/en\\\/hakkimizda\\\/\",\"url\":\"https:\\\/\\\/www.blackbirdthermal.com\\\/en\\\/hakkimizda\\\/\",\"name\":\"Hakk\u0131m\u0131zda - Blackbird Thermal Hotel &amp; SPA\",\"isPartOf\":{\"@id\":\"https:\\\/\\\/www.blackbirdthermal.com\\\/en\\\/#website\"},\"primaryImageOfPage\":{\"@id\":\"https:\\\/\\\/www.blackbirdthermal.com\\\/en\\\/hakkimizda\\\/#primaryimage\"},\"image\":{\"@id\":\"https:\\\/\\\/www.blackbirdthermal.com\\\/en\\\/hakkimizda\\\/#primaryimage\"},\"thumbnailUrl\":\"\",\"datePublished\":\"2022-01-17T04:41:54+00:00\",\"dateModified\":\"2022-12-01T10:25:32+00:00\",\"breadcrumb\":{\"@id\":\"https:\\\/\\\/www.blackbirdthermal.com\\\/en\\\/hakkimizda\\\/#breadcrumb\"},\"inLanguage\":\"en-GB\",\"potentialAction\":[{\"@type\":\"ReadAction\",\"target\":[\"https:\\\/\\\/www.blackbirdthermal.com\\\/en\\\/hakkimizda\\\/\"]}]},{\"@type\":\"ImageObject\",\"inLanguage\":\"en-GB\",\"@id\":\"https:\\\/\\\/www.blackbirdthermal.com\\\/en\\\/hakkimizda\\\/#primaryimage\",\"url\":\"\",\"contentUrl\":\"\"},{\"@type\":\"BreadcrumbList\",\"@id\":\"https:\\\/\\\/www.blackbirdthermal.com\\\/en\\\/hakkimizda\\\/#breadcrumb\",\"itemListElement\":[{\"@type\":\"ListItem\",\"position\":1,\"name\":\"Anasayfa\",\"item\":\"https:\\\/\\\/www.blackbirdthermal.com\\\/tr\\\/\"},{\"@type\":\"ListItem\",\"position\":2,\"name\":\"Hakk\u0131m\u0131zda\"}]},{\"@type\":\"WebSite\",\"@id\":\"https:\\\/\\\/www.blackbirdthermal.com\\\/en\\\/#website\",\"url\":\"https:\\\/\\\/www.blackbirdthermal.com\\\/en\\\/\",\"name\":\"Blackbird Thermal Hotel & SPA\",\"description\":\"G\u00f6k\u00e7edere Mah. Atat\u00fcrk Cad. No.30 \\\/ 1 Termal YALOVA\",\"publisher\":{\"@id\":\"https:\\\/\\\/www.blackbirdthermal.com\\\/en\\\/#organization\"},\"potentialAction\":[{\"@type\":\"SearchAction\",\"target\":{\"@type\":\"EntryPoint\",\"urlTemplate\":\"https:\\\/\\\/www.blackbirdthermal.com\\\/en\\\/?s={search_term_string}\"},\"query-input\":{\"@type\":\"PropertyValueSpecification\",\"valueRequired\":true,\"valueName\":\"search_term_string\"}}],\"inLanguage\":\"en-GB\"},{\"@type\":\"Organization\",\"@id\":\"https:\\\/\\\/www.blackbirdthermal.com\\\/en\\\/#organization\",\"name\":\"Blackbird Thermal Hotel & SPA\",\"url\":\"https:\\\/\\\/www.blackbirdthermal.com\\\/en\\\/\",\"logo\":{\"@type\":\"ImageObject\",\"inLanguage\":\"en-GB\",\"@id\":\"https:\\\/\\\/www.blackbirdthermal.com\\\/en\\\/#\\\/schema\\\/logo\\\/image\\\/\",\"url\":\"https:\\\/\\\/www.blackbirdthermal.com\\\/wp-content\\\/uploads\\\/2022\\\/09\\\/BBTH-ACIK-LOGO-00000002.png\",\"contentUrl\":\"https:\\\/\\\/www.blackbirdthermal.com\\\/wp-content\\\/uploads\\\/2022\\\/09\\\/BBTH-ACIK-LOGO-00000002.png\",\"width\":4861,\"height\":2661,\"caption\":\"Blackbird Thermal Hotel & SPA\"},\"image\":{\"@id\":\"https:\\\/\\\/www.blackbirdthermal.com\\\/en\\\/#\\\/schema\\\/logo\\\/image\\\/\"},\"sameAs\":[\"https:\\\/\\\/www.facebook.com\\\/blackbirdthermalhotel\\\/\",\"https:\\\/\\\/www.instagram.com\\\/blackbirdthermalhotel\\\/\",\"https:\\\/\\\/www.youtube.com\\\/channel\\\/UC-3dGStBdsgInCfMTJxOBYg\"]}]}<\/script>\n<!-- \/ Yoast SEO plugin. -->","yoast_head_json":{"title":"Hakk\u0131m\u0131zda - Blackbird Thermal Hotel &amp; SPA","robots":{"index":"index","follow":"follow","max-snippet":"max-snippet:-1","max-image-preview":"max-image-preview:large","max-video-preview":"max-video-preview:-1"},"canonical":"https:\/\/www.blackbirdthermal.com\/en\/hakkimizda\/","og_locale":"en_GB","og_type":"article","og_title":"Hakk\u0131m\u0131zda - Blackbird Thermal Hotel &amp; SPA","og_description":"Konuklar\u0131m\u0131z\u0131 Dinlendiriyoruz Do\u011fas\u0131, denizi, tarihi yerleri, kapl\u0131ca suyu ve Marmara\u2019n\u0131n incisi olan Yalova\u2019da tatil yapmak, Black Bird Thermal Hotel &amp; SPA fark\u0131 ile \u00e7ok daha unutulmaz olacak. Yalova otelleri aras\u0131ndaki ayr\u0131cal\u0131kl\u0131 konumuyla Black Bird Thermal Hotel &amp; SPA, 5.500 metrekare alana sahip olup kalite ile m\u00fckemmelli\u011fi birle\u015ftirerek l\u00fcks ve konforu beraberinde sunuyor. Odalarda ve spa [&hellip;]","og_url":"https:\/\/www.blackbirdthermal.com\/en\/hakkimizda\/","og_site_name":"Blackbird Thermal Hotel &amp; SPA","article_publisher":"https:\/\/www.facebook.com\/blackbirdthermalhotel\/","article_modified_time":"2022-12-01T10:25:32+00:00","twitter_card":"summary_large_image","twitter_misc":{"Estimated reading time":"1 minute"},"schema":{"@context":"https:\/\/schema.org","@graph":[{"@type":"WebPage","@id":"https:\/\/www.blackbirdthermal.com\/en\/hakkimizda\/","url":"https:\/\/www.blackbirdthermal.com\/en\/hakkimizda\/","name":"Hakk\u0131m\u0131zda - Blackbird Thermal Hotel &amp; SPA","isPartOf":{"@id":"https:\/\/www.blackbirdthermal.com\/en\/#website"},"primaryImageOfPage":{"@id":"https:\/\/www.blackbirdthermal.com\/en\/hakkimizda\/#primaryimage"},"image":{"@id":"https:\/\/www.blackbirdthermal.com\/en\/hakkimizda\/#primaryimage"},"thumbnailUrl":"","datePublished":"2022-01-17T04:41:54+00:00","dateModified":"2022-12-01T10:25:32+00:00","breadcrumb":{"@id":"https:\/\/www.blackbirdthermal.com\/en\/hakkimizda\/#breadcrumb"},"inLanguage":"en-GB","potentialAction":[{"@type":"ReadAction","target":["https:\/\/www.blackbirdthermal.com\/en\/hakkimizda\/"]}]},{"@type":"ImageObject","inLanguage":"en-GB","@id":"https:\/\/www.blackbirdthermal.com\/en\/hakkimizda\/#primaryimage","url":"","contentUrl":""},{"@type":"BreadcrumbList","@id":"https:\/\/www.blackbirdthermal.com\/en\/hakkimizda\/#breadcrumb","itemListElement":[{"@type":"ListItem","position":1,"name":"Anasayfa","item":"https:\/\/www.blackbirdthermal.com\/tr\/"},{"@type":"ListItem","position":2,"name":"Hakk\u0131m\u0131zda"}]},{"@type":"WebSite","@id":"https:\/\/www.blackbirdthermal.com\/en\/#website","url":"https:\/\/www.blackbirdthermal.com\/en\/","name":"Blackbird Thermal Hotel & SPA","description":"Gokcedere Mah. Atat\u00fcrk CAD. No. 30 \/ 1 Yalova thermal","publisher":{"@id":"https:\/\/www.blackbirdthermal.com\/en\/#organization"},"potentialAction":[{"@type":"SearchAction","target":{"@type":"EntryPoint","urlTemplate":"https:\/\/www.blackbirdthermal.com\/en\/?s={search_term_string}"},"query-input":{"@type":"PropertyValueSpecification","valueRequired":true,"valueName":"search_term_string"}}],"inLanguage":"en-GB"},{"@type":"Organization","@id":"https:\/\/www.blackbirdthermal.com\/en\/#organization","name":"Blackbird Thermal Hotel & SPA","url":"https:\/\/www.blackbirdthermal.com\/en\/","logo":{"@type":"ImageObject","inLanguage":"en-GB","@id":"https:\/\/www.blackbirdthermal.com\/en\/#\/schema\/logo\/image\/","url":"https:\/\/www.blackbirdthermal.com\/wp-content\/uploads\/2022\/09\/BBTH-ACIK-LOGO-00000002.png","contentUrl":"https:\/\/www.blackbirdthermal.com\/wp-content\/uploads\/2022\/09\/BBTH-ACIK-LOGO-00000002.png","width":4861,"height":2661,"caption":"Blackbird Thermal Hotel & SPA"},"image":{"@id":"https:\/\/www.blackbirdthermal.com\/en\/#\/schema\/logo\/image\/"},"sameAs":["https:\/\/www.facebook.com\/blackbirdthermalhotel\/","https:\/\/www.instagram.com\/blackbirdthermalhotel\/","https:\/\/www.youtube.com\/channel\/UC-3dGStBdsgInCfMTJxOBYg"]}]}},"_links":{"self":[{"href":"https:\/\/www.blackbirdthermal.com\/en\/wp-json\/wp\/v2\/pages\/55","targetHints":{"allow":["GET"]}}],"collection":[{"href":"https:\/\/www.blackbirdthermal.com\/en\/wp-json\/wp\/v2\/pages"}],"about":[{"href":"https:\/\/www.blackbirdthermal.com\/en\/wp-json\/wp\/v2\/types\/page"}],"author":[{"embeddable":true,"href":"https:\/\/www.blackbirdthermal.com\/en\/wp-json\/wp\/v2\/users\/1"}],"replies":[{"embeddable":true,"href":"https:\/\/www.blackbirdthermal.com\/en\/wp-json\/wp\/v2\/comments?post=55"}],"version-history":[{"count":0,"href":"https:\/\/www.blackbirdthermal.com\/en\/wp-json\/wp\/v2\/pages\/55\/revisions"}],"wp:featuredmedia":[{"embeddable":true,"href":"https:\/\/www.blackbirdthermal.com\/en\/wp-json\/"}],"wp:attachment":[{"href":"https:\/\/www.blackbirdthermal.com\/en\/wp-json\/wp\/v2\/media?parent=55"}],"curies":[{"name":"wp","href":"https:\/\/api.w.org\/{rel}","templated":true}]}}