{"id":6783,"date":"2023-05-23T16:56:51","date_gmt":"2023-05-23T13:56:51","guid":{"rendered":"https:\/\/www.blackbirdthermal.com\/?page_id=6783"},"modified":"2023-05-24T20:20:38","modified_gmt":"2023-05-24T17:20:38","slug":"surdurulebilir-turizm","status":"publish","type":"page","link":"https:\/\/www.blackbirdthermal.com\/en\/surdurulebilir-turizm\/","title":{"rendered":"Sustainable Tourism"},"content":{"rendered":"<div data-elementor-type=\"wp-page\" data-elementor-id=\"6783\" class=\"elementor elementor-6783\">\n\t\t\t\t\t\t<section class=\"elementor-section elementor-top-section elementor-element elementor-element-0d32b6b elementor-section-full_width elementor-section-stretched elementor-section-height-default elementor-section-height-default\" data-id=\"0d32b6b\" data-element_type=\"section\" data-e-type=\"section\" data-settings=\"{&quot;stretch_section&quot;:&quot;section-stretched&quot;,&quot;background_background&quot;:&quot;classic&quot;,&quot;ekit_has_onepagescroll_dot&quot;:&quot;yes&quot;}\">\n\t\t\t\t\t\t<div class=\"elementor-container elementor-column-gap-default\">\n\t\t\t\t\t<div class=\"elementor-column elementor-col-100 elementor-top-column elementor-element elementor-element-9dc90b0\" data-id=\"9dc90b0\" data-element_type=\"column\" data-e-type=\"column\">\n\t\t\t<div class=\"elementor-widget-wrap elementor-element-populated\">\n\t\t\t\t\t\t<div class=\"elementor-element elementor-element-f7a8dc5 elementor-widget elementor-widget-spacer\" data-id=\"f7a8dc5\" data-element_type=\"widget\" data-e-type=\"widget\" data-settings=\"{&quot;ekit_we_effect_on&quot;:&quot;none&quot;}\" data-widget_type=\"spacer.default\">\n\t\t\t\t\t\t\t<div class=\"elementor-spacer\">\n\t\t\t<div class=\"elementor-spacer-inner\"><\/div>\n\t\t<\/div>\n\t\t\t\t\t\t<\/div>\n\t\t\t\t<div class=\"elementor-element elementor-element-0372cde elementor-widget elementor-widget-image\" data-id=\"0372cde\" data-element_type=\"widget\" data-e-type=\"widget\" data-settings=\"{&quot;ekit_we_effect_on&quot;:&quot;none&quot;}\" data-widget_type=\"image.default\">\n\t\t\t\t\t\t\t\t\t\t\t\t\t\t\t<img fetchpriority=\"high\" decoding=\"async\" width=\"300\" height=\"300\" src=\"https:\/\/www.blackbirdthermal.com\/wp-content\/uploads\/2023\/05\/Surdurulebilir-turizm-SERTIFIKALI-TR-1-300x300.png.webp\" class=\"attachment-large size-large wp-image-6791\" alt=\"\" srcset=\"https:\/\/www.blackbirdthermal.com\/wp-content\/uploads\/2023\/05\/Surdurulebilir-turizm-SERTIFIKALI-TR-1-300x300.png.webp 300w, https:\/\/www.blackbirdthermal.com\/wp-content\/uploads\/2023\/05\/Surdurulebilir-turizm-SERTIFIKALI-TR-1-300x300.png-150x150.webp 150w, https:\/\/www.blackbirdthermal.com\/wp-content\/uploads\/2023\/05\/Surdurulebilir-turizm-SERTIFIKALI-TR-1-300x300.png-12x12.webp 12w, https:\/\/www.blackbirdthermal.com\/wp-content\/uploads\/2023\/05\/Surdurulebilir-turizm-SERTIFIKALI-TR-1-300x300.png-100x100.webp 100w\" sizes=\"(max-width: 300px) 100vw, 300px\" \/>\t\t\t\t\t\t\t\t\t\t\t\t\t\t\t<\/div>\n\t\t\t\t<div class=\"elementor-element elementor-element-e07167d elementor-widget elementor-widget-spacer\" data-id=\"e07167d\" data-element_type=\"widget\" data-e-type=\"widget\" data-settings=\"{&quot;ekit_we_effect_on&quot;:&quot;none&quot;}\" data-widget_type=\"spacer.default\">\n\t\t\t\t\t\t\t<div class=\"elementor-spacer\">\n\t\t\t<div class=\"elementor-spacer-inner\"><\/div>\n\t\t<\/div>\n\t\t\t\t\t\t<\/div>\n\t\t\t\t\t<\/div>\n\t\t<\/div>\n\t\t\t\t\t<\/div>\n\t\t<\/section>\n\t\t\t\t<section class=\"elementor-section elementor-top-section elementor-element elementor-element-f8b03f6 elementor-section-full_width elementor-section-stretched elementor-section-height-default elementor-section-height-default\" data-id=\"f8b03f6\" data-element_type=\"section\" data-e-type=\"section\" data-settings=\"{&quot;stretch_section&quot;:&quot;section-stretched&quot;,&quot;ekit_has_onepagescroll_dot&quot;:&quot;yes&quot;}\">\n\t\t\t\t\t\t<div class=\"elementor-container elementor-column-gap-default\">\n\t\t\t\t\t<div class=\"elementor-column elementor-col-50 elementor-top-column elementor-element elementor-element-542d871\" data-id=\"542d871\" data-element_type=\"column\" data-e-type=\"column\">\n\t\t\t<div class=\"elementor-widget-wrap elementor-element-populated\">\n\t\t\t\t\t\t<div class=\"elementor-element elementor-element-1530c80 elementor-widget elementor-widget-heading\" data-id=\"1530c80\" data-element_type=\"widget\" data-e-type=\"widget\" data-settings=\"{&quot;ekit_we_effect_on&quot;:&quot;none&quot;}\" data-widget_type=\"heading.default\">\n\t\t\t\t\t<h2 class=\"elementor-heading-title elementor-size-default\">S\u00fcrd\u00fcr\u00fclebilir Turizm<\/h2>\t\t\t\t<\/div>\n\t\t\t\t<div class=\"elementor-element elementor-element-72eaa3d elementor-widget elementor-widget-text-editor\" data-id=\"72eaa3d\" data-element_type=\"widget\" data-e-type=\"widget\" data-settings=\"{&quot;ekit_we_effect_on&quot;:&quot;none&quot;}\" data-widget_type=\"text-editor.default\">\n\t\t\t\t\t\t\t\t\t<p style=\"text-align: left;\"><b>Black Bird Thermal Hotel<\/b> olarak \u00c7evreyi korumak ve s\u00fcrd\u00fcr\u00fclebilir turizmin geli\u015ftirilmesini sa\u011flamak amac\u0131yla bu projeye dahil olduk.<\/p><p style=\"text-align: left;\">\u00c7evre bilincini sadece \u00e7al\u0131\u015fanlar\u0131m\u0131z\u0131n de\u011fil siz de\u011ferli misafirlerimizin de benimsemesini sa\u011flamak isteriz.<\/p><p style=\"text-align: left;\">Bu projede <b>amac\u0131m\u0131z b\u00f6lge turizminde s\u00fcrd\u00fcr\u00fclebilir geli\u015fimin sa\u011flanmas\u0131 yeni nesil turizm t\u00fcrlerinin yarat\u0131c\u0131 y\u00f6ntemlerle turizme kazand\u0131r\u0131lmas\u0131 kapsam\u0131nda yerel sat\u0131c\u0131lar\u0131 ve b\u00f6lge halk\u0131n\u0131 desteklemekteyiz.<\/b><\/p><p style=\"text-align: left;\">Daha temiz bir \u00e7evre, sa\u011fl\u0131kl\u0131 nesiller i\u00e7in \u00e7evre koruma projelerinin desteklenmesi ve geli\u015ftirilmesi i\u00e7in elimizden geleni yaparak destek olamaya devam edece\u011fiz.<\/p><p style=\"text-align: left;\">Do\u011fan\u0131n kurtulu\u015funa destek olman\u0131z i\u00e7in <b>siz de\u011feli misafirlerimize tohum kalem hediye ediyoruz.<\/b><\/p><p style=\"text-align: left;\">Peki sizler bu projeye nas\u0131l destek olabilirsiniz\u2026.?<\/p><p style=\"text-align: left;\">Odalar\u0131n\u0131zda bulunan tekstil \u00fcr\u00fcn de\u011fi\u015fimlerini minimuma indirerek, su ve enerji tasarrufuna katk\u0131da bulunabilirsiniz.<\/p>\t\t\t\t\t\t\t\t<\/div>\n\t\t\t\t\t<\/div>\n\t\t<\/div>\n\t\t\t\t<div class=\"elementor-column elementor-col-50 elementor-top-column elementor-element elementor-element-cf1a424\" data-id=\"cf1a424\" data-element_type=\"column\" data-e-type=\"column\" data-settings=\"{&quot;background_background&quot;:&quot;classic&quot;}\">\n\t\t\t<div class=\"elementor-widget-wrap\">\n\t\t\t\t\t\t\t<\/div>\n\t\t<\/div>\n\t\t\t\t\t<\/div>\n\t\t<\/section>\n\t\t\t\t<section class=\"elementor-section elementor-top-section elementor-element elementor-element-ea18381 elementor-section-full_width elementor-section-stretched elementor-section-height-default elementor-section-height-default\" data-id=\"ea18381\" data-element_type=\"section\" data-e-type=\"section\" data-settings=\"{&quot;stretch_section&quot;:&quot;section-stretched&quot;,&quot;ekit_has_onepagescroll_dot&quot;:&quot;yes&quot;}\">\n\t\t\t\t\t\t<div class=\"elementor-container elementor-column-gap-default\">\n\t\t\t\t\t<div class=\"elementor-column elementor-col-50 elementor-top-column elementor-element elementor-element-1076154\" data-id=\"1076154\" data-element_type=\"column\" data-e-type=\"column\" data-settings=\"{&quot;background_background&quot;:&quot;classic&quot;}\">\n\t\t\t<div class=\"elementor-widget-wrap\">\n\t\t\t\t\t\t\t<\/div>\n\t\t<\/div>\n\t\t\t\t<div class=\"elementor-column elementor-col-50 elementor-top-column elementor-element elementor-element-47fdc1c\" data-id=\"47fdc1c\" data-element_type=\"column\" data-e-type=\"column\" data-settings=\"{&quot;background_background&quot;:&quot;classic&quot;}\">\n\t\t\t<div class=\"elementor-widget-wrap elementor-element-populated\">\n\t\t\t\t\t\t<div class=\"elementor-element elementor-element-026d425 elementor-widget elementor-widget-image\" data-id=\"026d425\" data-element_type=\"widget\" data-e-type=\"widget\" data-settings=\"{&quot;ekit_we_effect_on&quot;:&quot;none&quot;}\" data-widget_type=\"image.default\">\n\t\t\t\t\t\t\t\t\t\t\t\t\t\t\t<img decoding=\"async\" width=\"1080\" height=\"1532\" src=\"https:\/\/www.blackbirdthermal.com\/wp-content\/uploads\/2023\/05\/bagis.jpg\" class=\"attachment-full size-full wp-image-6808\" alt=\"\" srcset=\"https:\/\/www.blackbirdthermal.com\/wp-content\/uploads\/2023\/05\/bagis.jpg 1080w, https:\/\/www.blackbirdthermal.com\/wp-content\/uploads\/2023\/05\/bagis-211x300.jpg 211w, https:\/\/www.blackbirdthermal.com\/wp-content\/uploads\/2023\/05\/bagis-722x1024.jpg 722w, https:\/\/www.blackbirdthermal.com\/wp-content\/uploads\/2023\/05\/bagis-768x1089.jpg 768w, https:\/\/www.blackbirdthermal.com\/wp-content\/uploads\/2023\/05\/bagis-8x12.jpg 8w, https:\/\/www.blackbirdthermal.com\/wp-content\/uploads\/2023\/05\/bagis-600x851.jpg 600w\" sizes=\"(max-width: 1080px) 100vw, 1080px\" \/>\t\t\t\t\t\t\t\t\t\t\t\t\t\t\t<\/div>\n\t\t\t\t\t<\/div>\n\t\t<\/div>\n\t\t\t\t\t<\/div>\n\t\t<\/section>\n\t\t\t\t<\/div>","protected":false},"excerpt":{"rendered":"<p>S\u00fcrd\u00fcr\u00fclebilir Turizm Black Bird Thermal Hotel olarak \u00c7evreyi korumak ve s\u00fcrd\u00fcr\u00fclebilir turizmin geli\u015ftirilmesini sa\u011flamak amac\u0131yla bu projeye dahil olduk. \u00c7evre bilincini sadece \u00e7al\u0131\u015fanlar\u0131m\u0131z\u0131n de\u011fil siz de\u011ferli misafirlerimizin de benimsemesini sa\u011flamak isteriz. Bu projede amac\u0131m\u0131z b\u00f6lge turizminde s\u00fcrd\u00fcr\u00fclebilir geli\u015fimin sa\u011flanmas\u0131 yeni nesil turizm t\u00fcrlerinin yarat\u0131c\u0131 y\u00f6ntemlerle turizme kazand\u0131r\u0131lmas\u0131 kapsam\u0131nda yerel sat\u0131c\u0131lar\u0131 ve b\u00f6lge halk\u0131n\u0131 desteklemekteyiz. Daha [&hellip;]<\/p>\n","protected":false},"author":1,"featured_media":0,"parent":0,"menu_order":0,"comment_status":"closed","ping_status":"closed","template":"elementor_header_footer","meta":{"two_page_speed":[],"footnotes":""},"class_list":["post-6783","page","type-page","status-publish","hentry"],"yoast_head":"<!-- This site is optimized with the Yoast SEO plugin v27.0 - https:\/\/yoast.com\/product\/yoast-seo-wordpress\/ -->\n<title>S\u00dcRD\u00dcR\u00dcLEB\u0130L\u0130R TUR\u0130ZM - Blackbird Thermal Hotel &amp; SPA<\/title>\n<meta name=\"robots\" content=\"index, follow, max-snippet:-1, max-image-preview:large, max-video-preview:-1\" \/>\n<link rel=\"canonical\" href=\"https:\/\/www.blackbirdthermal.com\/en\/surdurulebilir-turizm\/\" \/>\n<meta property=\"og:locale\" content=\"en_GB\" \/>\n<meta property=\"og:type\" content=\"article\" \/>\n<meta property=\"og:title\" content=\"S\u00dcRD\u00dcR\u00dcLEB\u0130L\u0130R TUR\u0130ZM - Blackbird Thermal Hotel &amp; SPA\" \/>\n<meta property=\"og:description\" content=\"S\u00fcrd\u00fcr\u00fclebilir Turizm Black Bird Thermal Hotel olarak \u00c7evreyi korumak ve s\u00fcrd\u00fcr\u00fclebilir turizmin geli\u015ftirilmesini sa\u011flamak amac\u0131yla bu projeye dahil olduk. \u00c7evre bilincini sadece \u00e7al\u0131\u015fanlar\u0131m\u0131z\u0131n de\u011fil siz de\u011ferli misafirlerimizin de benimsemesini sa\u011flamak isteriz. Bu projede amac\u0131m\u0131z b\u00f6lge turizminde s\u00fcrd\u00fcr\u00fclebilir geli\u015fimin sa\u011flanmas\u0131 yeni nesil turizm t\u00fcrlerinin yarat\u0131c\u0131 y\u00f6ntemlerle turizme kazand\u0131r\u0131lmas\u0131 kapsam\u0131nda yerel sat\u0131c\u0131lar\u0131 ve b\u00f6lge halk\u0131n\u0131 desteklemekteyiz. Daha [&hellip;]\" \/>\n<meta property=\"og:url\" content=\"https:\/\/www.blackbirdthermal.com\/en\/surdurulebilir-turizm\/\" \/>\n<meta property=\"og:site_name\" content=\"Blackbird Thermal Hotel &amp; SPA\" \/>\n<meta property=\"article:publisher\" content=\"https:\/\/www.facebook.com\/blackbirdthermalhotel\/\" \/>\n<meta property=\"article:modified_time\" content=\"2023-05-24T17:20:38+00:00\" \/>\n<meta property=\"og:image\" content=\"https:\/\/www.blackbirdthermal.com\/wp-content\/uploads\/2023\/05\/Surdurulebilir-turizm-SERTIFIKALI-TR-1-300x300.png.webp\" \/>\n<meta name=\"twitter:card\" content=\"summary_large_image\" \/>\n<meta name=\"twitter:label1\" content=\"Estimated reading time\" \/>\n\t<meta name=\"twitter:data1\" content=\"1 minute\" \/>\n<script type=\"application\/ld+json\" class=\"yoast-schema-graph\">{\"@context\":\"https:\/\/schema.org\",\"@graph\":[{\"@type\":\"WebPage\",\"@id\":\"https:\/\/www.blackbirdthermal.com\/en\/surdurulebilir-turizm\/\",\"url\":\"https:\/\/www.blackbirdthermal.com\/en\/surdurulebilir-turizm\/\",\"name\":\"S\u00dcRD\u00dcR\u00dcLEB\u0130L\u0130R TUR\u0130ZM - Blackbird Thermal Hotel &amp; SPA\",\"isPartOf\":{\"@id\":\"https:\/\/www.blackbirdthermal.com\/en\/#website\"},\"primaryImageOfPage\":{\"@id\":\"https:\/\/www.blackbirdthermal.com\/en\/surdurulebilir-turizm\/#primaryimage\"},\"image\":{\"@id\":\"https:\/\/www.blackbirdthermal.com\/en\/surdurulebilir-turizm\/#primaryimage\"},\"thumbnailUrl\":\"https:\/\/www.blackbirdthermal.com\/wp-content\/uploads\/2023\/05\/Surdurulebilir-turizm-SERTIFIKALI-TR-1-300x300.png.webp\",\"datePublished\":\"2023-05-23T13:56:51+00:00\",\"dateModified\":\"2023-05-24T17:20:38+00:00\",\"breadcrumb\":{\"@id\":\"https:\/\/www.blackbirdthermal.com\/en\/surdurulebilir-turizm\/#breadcrumb\"},\"inLanguage\":\"en-GB\",\"potentialAction\":[{\"@type\":\"ReadAction\",\"target\":[\"https:\/\/www.blackbirdthermal.com\/en\/surdurulebilir-turizm\/\"]}]},{\"@type\":\"ImageObject\",\"inLanguage\":\"en-GB\",\"@id\":\"https:\/\/www.blackbirdthermal.com\/en\/surdurulebilir-turizm\/#primaryimage\",\"url\":\"https:\/\/www.blackbirdthermal.com\/wp-content\/uploads\/2023\/05\/Surdurulebilir-turizm-SERTIFIKALI-TR-1-300x300.png.webp\",\"contentUrl\":\"https:\/\/www.blackbirdthermal.com\/wp-content\/uploads\/2023\/05\/Surdurulebilir-turizm-SERTIFIKALI-TR-1-300x300.png.webp\"},{\"@type\":\"BreadcrumbList\",\"@id\":\"https:\/\/www.blackbirdthermal.com\/en\/surdurulebilir-turizm\/#breadcrumb\",\"itemListElement\":[{\"@type\":\"ListItem\",\"position\":1,\"name\":\"Anasayfa\",\"item\":\"https:\/\/www.blackbirdthermal.com\/tr\/\"},{\"@type\":\"ListItem\",\"position\":2,\"name\":\"S\u00dcRD\u00dcR\u00dcLEB\u0130L\u0130R TUR\u0130ZM\"}]},{\"@type\":\"WebSite\",\"@id\":\"https:\/\/www.blackbirdthermal.com\/en\/#website\",\"url\":\"https:\/\/www.blackbirdthermal.com\/en\/\",\"name\":\"Blackbird Thermal Hotel & SPA\",\"description\":\"G\u00f6k\u00e7edere Mah. Atat\u00fcrk Cad. No.30 \/ 1 Termal YALOVA\",\"publisher\":{\"@id\":\"https:\/\/www.blackbirdthermal.com\/en\/#organization\"},\"potentialAction\":[{\"@type\":\"SearchAction\",\"target\":{\"@type\":\"EntryPoint\",\"urlTemplate\":\"https:\/\/www.blackbirdthermal.com\/en\/?s={search_term_string}\"},\"query-input\":{\"@type\":\"PropertyValueSpecification\",\"valueRequired\":true,\"valueName\":\"search_term_string\"}}],\"inLanguage\":\"en-GB\"},{\"@type\":\"Organization\",\"@id\":\"https:\/\/www.blackbirdthermal.com\/en\/#organization\",\"name\":\"Blackbird Thermal Hotel & SPA\",\"url\":\"https:\/\/www.blackbirdthermal.com\/en\/\",\"logo\":{\"@type\":\"ImageObject\",\"inLanguage\":\"en-GB\",\"@id\":\"https:\/\/www.blackbirdthermal.com\/en\/#\/schema\/logo\/image\/\",\"url\":\"https:\/\/www.blackbirdthermal.com\/wp-content\/uploads\/2022\/09\/BBTH-ACIK-LOGO-00000002.png\",\"contentUrl\":\"https:\/\/www.blackbirdthermal.com\/wp-content\/uploads\/2022\/09\/BBTH-ACIK-LOGO-00000002.png\",\"width\":4861,\"height\":2661,\"caption\":\"Blackbird Thermal Hotel & SPA\"},\"image\":{\"@id\":\"https:\/\/www.blackbirdthermal.com\/en\/#\/schema\/logo\/image\/\"},\"sameAs\":[\"https:\/\/www.facebook.com\/blackbirdthermalhotel\/\",\"https:\/\/www.instagram.com\/blackbirdthermalhotel\/\",\"https:\/\/www.youtube.com\/channel\/UC-3dGStBdsgInCfMTJxOBYg\"]}]}<\/script>\n<!-- \/ Yoast SEO plugin. -->","yoast_head_json":{"title":"S\u00dcRD\u00dcR\u00dcLEB\u0130L\u0130R TUR\u0130ZM - Blackbird Thermal Hotel &amp; SPA","robots":{"index":"index","follow":"follow","max-snippet":"max-snippet:-1","max-image-preview":"max-image-preview:large","max-video-preview":"max-video-preview:-1"},"canonical":"https:\/\/www.blackbirdthermal.com\/en\/surdurulebilir-turizm\/","og_locale":"en_GB","og_type":"article","og_title":"S\u00dcRD\u00dcR\u00dcLEB\u0130L\u0130R TUR\u0130ZM - Blackbird Thermal Hotel &amp; SPA","og_description":"S\u00fcrd\u00fcr\u00fclebilir Turizm Black Bird Thermal Hotel olarak \u00c7evreyi korumak ve s\u00fcrd\u00fcr\u00fclebilir turizmin geli\u015ftirilmesini sa\u011flamak amac\u0131yla bu projeye dahil olduk. \u00c7evre bilincini sadece \u00e7al\u0131\u015fanlar\u0131m\u0131z\u0131n de\u011fil siz de\u011ferli misafirlerimizin de benimsemesini sa\u011flamak isteriz. Bu projede amac\u0131m\u0131z b\u00f6lge turizminde s\u00fcrd\u00fcr\u00fclebilir geli\u015fimin sa\u011flanmas\u0131 yeni nesil turizm t\u00fcrlerinin yarat\u0131c\u0131 y\u00f6ntemlerle turizme kazand\u0131r\u0131lmas\u0131 kapsam\u0131nda yerel sat\u0131c\u0131lar\u0131 ve b\u00f6lge halk\u0131n\u0131 desteklemekteyiz. Daha [&hellip;]","og_url":"https:\/\/www.blackbirdthermal.com\/en\/surdurulebilir-turizm\/","og_site_name":"Blackbird Thermal Hotel &amp; SPA","article_publisher":"https:\/\/www.facebook.com\/blackbirdthermalhotel\/","article_modified_time":"2023-05-24T17:20:38+00:00","og_image":[{"url":"https:\/\/www.blackbirdthermal.com\/wp-content\/uploads\/2023\/05\/Surdurulebilir-turizm-SERTIFIKALI-TR-1-300x300.png.webp","type":"","width":"","height":""}],"twitter_card":"summary_large_image","twitter_misc":{"Estimated reading time":"1 minute"},"schema":{"@context":"https:\/\/schema.org","@graph":[{"@type":"WebPage","@id":"https:\/\/www.blackbirdthermal.com\/en\/surdurulebilir-turizm\/","url":"https:\/\/www.blackbirdthermal.com\/en\/surdurulebilir-turizm\/","name":"S\u00dcRD\u00dcR\u00dcLEB\u0130L\u0130R TUR\u0130ZM - Blackbird Thermal Hotel &amp; SPA","isPartOf":{"@id":"https:\/\/www.blackbirdthermal.com\/en\/#website"},"primaryImageOfPage":{"@id":"https:\/\/www.blackbirdthermal.com\/en\/surdurulebilir-turizm\/#primaryimage"},"image":{"@id":"https:\/\/www.blackbirdthermal.com\/en\/surdurulebilir-turizm\/#primaryimage"},"thumbnailUrl":"https:\/\/www.blackbirdthermal.com\/wp-content\/uploads\/2023\/05\/Surdurulebilir-turizm-SERTIFIKALI-TR-1-300x300.png.webp","datePublished":"2023-05-23T13:56:51+00:00","dateModified":"2023-05-24T17:20:38+00:00","breadcrumb":{"@id":"https:\/\/www.blackbirdthermal.com\/en\/surdurulebilir-turizm\/#breadcrumb"},"inLanguage":"en-GB","potentialAction":[{"@type":"ReadAction","target":["https:\/\/www.blackbirdthermal.com\/en\/surdurulebilir-turizm\/"]}]},{"@type":"ImageObject","inLanguage":"en-GB","@id":"https:\/\/www.blackbirdthermal.com\/en\/surdurulebilir-turizm\/#primaryimage","url":"https:\/\/www.blackbirdthermal.com\/wp-content\/uploads\/2023\/05\/Surdurulebilir-turizm-SERTIFIKALI-TR-1-300x300.png.webp","contentUrl":"https:\/\/www.blackbirdthermal.com\/wp-content\/uploads\/2023\/05\/Surdurulebilir-turizm-SERTIFIKALI-TR-1-300x300.png.webp"},{"@type":"BreadcrumbList","@id":"https:\/\/www.blackbirdthermal.com\/en\/surdurulebilir-turizm\/#breadcrumb","itemListElement":[{"@type":"ListItem","position":1,"name":"Anasayfa","item":"https:\/\/www.blackbirdthermal.com\/tr\/"},{"@type":"ListItem","position":2,"name":"S\u00dcRD\u00dcR\u00dcLEB\u0130L\u0130R TUR\u0130ZM"}]},{"@type":"WebSite","@id":"https:\/\/www.blackbirdthermal.com\/en\/#website","url":"https:\/\/www.blackbirdthermal.com\/en\/","name":"Blackbird Thermal Hotel & SPA","description":"Gokcedere Mah. Atat\u00fcrk CAD. No. 30 \/ 1 Yalova thermal","publisher":{"@id":"https:\/\/www.blackbirdthermal.com\/en\/#organization"},"potentialAction":[{"@type":"SearchAction","target":{"@type":"EntryPoint","urlTemplate":"https:\/\/www.blackbirdthermal.com\/en\/?s={search_term_string}"},"query-input":{"@type":"PropertyValueSpecification","valueRequired":true,"valueName":"search_term_string"}}],"inLanguage":"en-GB"},{"@type":"Organization","@id":"https:\/\/www.blackbirdthermal.com\/en\/#organization","name":"Blackbird Thermal Hotel & SPA","url":"https:\/\/www.blackbirdthermal.com\/en\/","logo":{"@type":"ImageObject","inLanguage":"en-GB","@id":"https:\/\/www.blackbirdthermal.com\/en\/#\/schema\/logo\/image\/","url":"https:\/\/www.blackbirdthermal.com\/wp-content\/uploads\/2022\/09\/BBTH-ACIK-LOGO-00000002.png","contentUrl":"https:\/\/www.blackbirdthermal.com\/wp-content\/uploads\/2022\/09\/BBTH-ACIK-LOGO-00000002.png","width":4861,"height":2661,"caption":"Blackbird Thermal Hotel & SPA"},"image":{"@id":"https:\/\/www.blackbirdthermal.com\/en\/#\/schema\/logo\/image\/"},"sameAs":["https:\/\/www.facebook.com\/blackbirdthermalhotel\/","https:\/\/www.instagram.com\/blackbirdthermalhotel\/","https:\/\/www.youtube.com\/channel\/UC-3dGStBdsgInCfMTJxOBYg"]}]}},"_links":{"self":[{"href":"https:\/\/www.blackbirdthermal.com\/en\/wp-json\/wp\/v2\/pages\/6783","targetHints":{"allow":["GET"]}}],"collection":[{"href":"https:\/\/www.blackbirdthermal.com\/en\/wp-json\/wp\/v2\/pages"}],"about":[{"href":"https:\/\/www.blackbirdthermal.com\/en\/wp-json\/wp\/v2\/types\/page"}],"author":[{"embeddable":true,"href":"https:\/\/www.blackbirdthermal.com\/en\/wp-json\/wp\/v2\/users\/1"}],"replies":[{"embeddable":true,"href":"https:\/\/www.blackbirdthermal.com\/en\/wp-json\/wp\/v2\/comments?post=6783"}],"version-history":[{"count":0,"href":"https:\/\/www.blackbirdthermal.com\/en\/wp-json\/wp\/v2\/pages\/6783\/revisions"}],"wp:attachment":[{"href":"https:\/\/www.blackbirdthermal.com\/en\/wp-json\/wp\/v2\/media?parent=6783"}],"curies":[{"name":"wp","href":"https:\/\/api.w.org\/{rel}","templated":true}]}}