{"id":4450,"date":"2022-09-27T13:49:58","date_gmt":"2022-09-27T10:49:58","guid":{"rendered":"https:\/\/www.blackbirdthermal.com\/?page_id=4450"},"modified":"2022-12-16T13:08:31","modified_gmt":"2022-12-16T10:08:31","slug":"cocuk-oyun-alani","status":"publish","type":"page","link":"https:\/\/www.blackbirdthermal.com\/ru\/cocuk-oyun-alani\/","title":{"rendered":"\u0414\u0435\u0442\u0441\u043a\u0430\u044f \u0438\u0433\u0440\u043e\u0432\u0430\u044f \u043f\u043b\u043e\u0449\u0430\u0434\u043a\u0430"},"content":{"rendered":"<div data-elementor-type=\"wp-page\" data-elementor-id=\"4450\" class=\"elementor elementor-4450\">\n\t\t\t\t\t\t<section class=\"elementor-section elementor-top-section elementor-element elementor-element-8338339 elementor-section-boxed elementor-section-height-default elementor-section-height-default\" data-id=\"8338339\" data-element_type=\"section\" data-e-type=\"section\" data-settings=\"{&quot;ekit_has_onepagescroll_dot&quot;:&quot;yes&quot;}\">\n\t\t\t\t\t\t<div class=\"elementor-container elementor-column-gap-default\">\n\t\t\t\t\t<div class=\"elementor-column elementor-col-100 elementor-top-column elementor-element elementor-element-b5ed201\" data-id=\"b5ed201\" data-element_type=\"column\" data-e-type=\"column\">\n\t\t\t<div class=\"elementor-widget-wrap elementor-element-populated\">\n\t\t\t\t\t\t<div class=\"elementor-element elementor-element-16730f8 elementor-widget elementor-widget-heading\" data-id=\"16730f8\" data-element_type=\"widget\" data-e-type=\"widget\" data-settings=\"{&quot;ekit_we_effect_on&quot;:&quot;none&quot;}\" data-widget_type=\"heading.default\">\n\t\t\t\t\t<h4 class=\"elementor-heading-title elementor-size-default\">\u0414\u0435\u0442\u0441\u043a\u0430\u044f \u0438\u0433\u0440\u043e\u0432\u0430\u044f \u043f\u043b\u043e\u0449\u0430\u0434\u043a\u0430<\/h4>\t\t\t\t<\/div>\n\t\t\t\t<div class=\"elementor-element elementor-element-cd79822 elementor-widget elementor-widget-text-editor\" data-id=\"cd79822\" data-element_type=\"widget\" data-e-type=\"widget\" data-settings=\"{&quot;ekit_we_effect_on&quot;:&quot;none&quot;}\" data-widget_type=\"text-editor.default\">\n\t\t\t\t\t\t\t\t\t<p style=\"text-align: center;\">\u041f\u0440\u0430\u0432\u0438\u043b\u044c\u043d\u043e \u043e\u0444\u043e\u0440\u043c\u043b\u0435\u043d\u043d\u043e\u0435 \u0432 \u0441\u043e\u043f\u0440\u043e\u0432\u043e\u0436\u0434\u0435\u043d\u0438\u0438 \u043e\u043f\u044b\u0442\u043d\u044b\u0445 \u0442\u0440\u0435\u043d\u0435\u0440\u043e\u0432 \u043f\u043e\u043c\u0435\u0449\u0435\u043d\u0438\u0435 \u0438 \u043c\u0435\u0431\u0435\u043b\u044c \u0432 \u044d\u0442\u043e\u043c \u043f\u043e\u043c\u0435\u0449\u0435\u043d\u0438\u0438 \u0438\u0433\u0440\u0430\u044e\u0442 \u0432\u0430\u0436\u043d\u0443\u044e \u0440\u043e\u043b\u044c \u0432 \u0444\u0438\u0437\u0438\u0447\u0435\u0441\u043a\u043e\u043c \u0438 \u0434\u0443\u0445\u043e\u0432\u043d\u043e\u043c \u0440\u0430\u0437\u0432\u0438\u0442\u0438\u0438 \u0440\u0435\u0431\u0435\u043d\u043a\u0430. \u00ab\u0414\u0435\u0442\u0441\u043a\u0430\u044f \u0438\u0433\u0440\u043e\u0432\u0430\u044f \u043f\u043b\u043e\u0449\u0430\u0434\u043a\u0430\u00bb \u00abBlackbird Thermal Hotel\u00bb, \u043f\u043e\u0434\u0433\u043e\u0442\u043e\u0432\u043b\u0435\u043d\u043d\u0430\u044f \u0441 \u0437\u0430\u0431\u043e\u0442\u043e\u0439 \u043e \u0432\u0430\u0448\u0438\u0445 \u0434\u0435\u0442\u044f\u0445.<\/p>\t\t\t\t\t\t\t\t<\/div>\n\t\t\t\t<div class=\"elementor-element elementor-element-94668b2 elementor-widget elementor-widget-gallery\" data-id=\"94668b2\" data-element_type=\"widget\" data-e-type=\"widget\" data-settings=\"{&quot;columns_mobile&quot;:2,&quot;lazyload&quot;:&quot;yes&quot;,&quot;gallery_layout&quot;:&quot;grid&quot;,&quot;columns&quot;:4,&quot;columns_tablet&quot;:2,&quot;gap&quot;:{&quot;unit&quot;:&quot;px&quot;,&quot;size&quot;:10,&quot;sizes&quot;:[]},&quot;gap_tablet&quot;:{&quot;unit&quot;:&quot;px&quot;,&quot;size&quot;:10,&quot;sizes&quot;:[]},&quot;gap_mobile&quot;:{&quot;unit&quot;:&quot;px&quot;,&quot;size&quot;:10,&quot;sizes&quot;:[]},&quot;link_to&quot;:&quot;file&quot;,&quot;aspect_ratio&quot;:&quot;3:2&quot;,&quot;overlay_background&quot;:&quot;yes&quot;,&quot;content_hover_animation&quot;:&quot;fade-in&quot;,&quot;ekit_we_effect_on&quot;:&quot;none&quot;}\" data-widget_type=\"gallery.default\">\n\t\t\t\t<div class=\"elementor-widget-container\">\n\t\t\t\t\t\t\t<div class=\"elementor-gallery__container\">\n\t\t\t\t\t\t\t<a class=\"e-gallery-item elementor-gallery-item elementor-animated-content\" href=\"https:\/\/www.blackbirdthermal.com\/wp-content\/uploads\/2022\/09\/WhatsApp_Image_2021-02-25_at_13.19.24.jpeg\" data-elementor-open-lightbox=\"yes\" data-elementor-lightbox-slideshow=\"all-94668b2\" data-elementor-lightbox-title=\"WhatsApp_Image_2021-02-25_at_13.19.24\" data-e-action-hash=\"#elementor-action%3Aaction%3Dlightbox%26settings%3DeyJpZCI6NDAyMCwidXJsIjoiaHR0cHM6XC9cL3d3dy5ibGFja2JpcmR0aGVybWFsLmNvbVwvd3AtY29udGVudFwvdXBsb2Fkc1wvMjAyMlwvMDlcL1doYXRzQXBwX0ltYWdlXzIwMjEtMDItMjVfYXRfMTMuMTkuMjQuanBlZyIsInNsaWRlc2hvdyI6ImFsbC05NDY2OGIyIn0%3D\">\n\t\t\t\t\t<div class=\"e-gallery-image elementor-gallery-item__image\" data-thumbnail=\"https:\/\/www.blackbirdthermal.com\/wp-content\/uploads\/2022\/09\/WhatsApp_Image_2021-02-25_at_13.19.24-300x200.jpeg\" data-width=\"300\" data-height=\"200\" alt=\"\" ><\/div>\n\t\t\t\t\t\t\t\t\t\t\t<div class=\"elementor-gallery-item__overlay\"><\/div>\n\t\t\t\t\t\t\t\t\t\t\t\t\t\t<\/a>\n\t\t\t\t\t\t\t<a class=\"e-gallery-item elementor-gallery-item elementor-animated-content\" href=\"https:\/\/www.blackbirdthermal.com\/wp-content\/uploads\/2022\/09\/WhatsApp_Image_2021-02-25_at_13.19.25_1.jpeg\" data-elementor-open-lightbox=\"yes\" data-elementor-lightbox-slideshow=\"all-94668b2\" data-elementor-lightbox-title=\"WhatsApp_Image_2021-02-25_at_13.19.25_1\" data-e-action-hash=\"#elementor-action%3Aaction%3Dlightbox%26settings%3DeyJpZCI6NDQ1OSwidXJsIjoiaHR0cHM6XC9cL3d3dy5ibGFja2JpcmR0aGVybWFsLmNvbVwvd3AtY29udGVudFwvdXBsb2Fkc1wvMjAyMlwvMDlcL1doYXRzQXBwX0ltYWdlXzIwMjEtMDItMjVfYXRfMTMuMTkuMjVfMS5qcGVnIiwic2xpZGVzaG93IjoiYWxsLTk0NjY4YjIifQ%3D%3D\">\n\t\t\t\t\t<div class=\"e-gallery-image elementor-gallery-item__image\" data-thumbnail=\"https:\/\/www.blackbirdthermal.com\/wp-content\/uploads\/2022\/09\/WhatsApp_Image_2021-02-25_at_13.19.25_1-300x200.jpeg\" data-width=\"300\" data-height=\"200\" alt=\"\" ><\/div>\n\t\t\t\t\t\t\t\t\t\t\t<div class=\"elementor-gallery-item__overlay\"><\/div>\n\t\t\t\t\t\t\t\t\t\t\t\t\t\t<\/a>\n\t\t\t\t\t\t\t<a class=\"e-gallery-item elementor-gallery-item elementor-animated-content\" href=\"https:\/\/www.blackbirdthermal.com\/wp-content\/uploads\/2022\/09\/WhatsApp_Image_2021-02-25_at_13.19.25.jpeg\" data-elementor-open-lightbox=\"yes\" data-elementor-lightbox-slideshow=\"all-94668b2\" data-elementor-lightbox-title=\"WhatsApp_Image_2021-02-25_at_13.19.25\" data-e-action-hash=\"#elementor-action%3Aaction%3Dlightbox%26settings%3DeyJpZCI6NDQ1NywidXJsIjoiaHR0cHM6XC9cL3d3dy5ibGFja2JpcmR0aGVybWFsLmNvbVwvd3AtY29udGVudFwvdXBsb2Fkc1wvMjAyMlwvMDlcL1doYXRzQXBwX0ltYWdlXzIwMjEtMDItMjVfYXRfMTMuMTkuMjUuanBlZyIsInNsaWRlc2hvdyI6ImFsbC05NDY2OGIyIn0%3D\">\n\t\t\t\t\t<div class=\"e-gallery-image elementor-gallery-item__image\" data-thumbnail=\"https:\/\/www.blackbirdthermal.com\/wp-content\/uploads\/2022\/09\/WhatsApp_Image_2021-02-25_at_13.19.25-300x200.jpeg\" data-width=\"300\" data-height=\"200\" alt=\"\" ><\/div>\n\t\t\t\t\t\t\t\t\t\t\t<div class=\"elementor-gallery-item__overlay\"><\/div>\n\t\t\t\t\t\t\t\t\t\t\t\t\t\t<\/a>\n\t\t\t\t\t\t\t<a class=\"e-gallery-item elementor-gallery-item elementor-animated-content\" href=\"https:\/\/www.blackbirdthermal.com\/wp-content\/uploads\/2022\/09\/WhatsApp_Image_2021-02-25_at_13.19.24_1.jpeg\" data-elementor-open-lightbox=\"yes\" data-elementor-lightbox-slideshow=\"all-94668b2\" data-elementor-lightbox-title=\"WhatsApp_Image_2021-02-25_at_13.19.24_1\" data-e-action-hash=\"#elementor-action%3Aaction%3Dlightbox%26settings%3DeyJpZCI6NDQ1NSwidXJsIjoiaHR0cHM6XC9cL3d3dy5ibGFja2JpcmR0aGVybWFsLmNvbVwvd3AtY29udGVudFwvdXBsb2Fkc1wvMjAyMlwvMDlcL1doYXRzQXBwX0ltYWdlXzIwMjEtMDItMjVfYXRfMTMuMTkuMjRfMS5qcGVnIiwic2xpZGVzaG93IjoiYWxsLTk0NjY4YjIifQ%3D%3D\">\n\t\t\t\t\t<div class=\"e-gallery-image elementor-gallery-item__image\" data-thumbnail=\"https:\/\/www.blackbirdthermal.com\/wp-content\/uploads\/2022\/09\/WhatsApp_Image_2021-02-25_at_13.19.24_1-300x200.jpeg\" data-width=\"300\" data-height=\"200\" alt=\"\" ><\/div>\n\t\t\t\t\t\t\t\t\t\t\t<div class=\"elementor-gallery-item__overlay\"><\/div>\n\t\t\t\t\t\t\t\t\t\t\t\t\t\t<\/a>\n\t\t\t\t\t<\/div>\n\t\t\t\t\t<\/div>\n\t\t\t\t<\/div>\n\t\t\t\t\t<\/div>\n\t\t<\/div>\n\t\t\t\t\t<\/div>\n\t\t<\/section>\n\t\t\t\t<\/div>","protected":false},"excerpt":{"rendered":"<p>\u00c7ocuk Oyun Alan\u0131 Uzman E\u011fitmenler e\u015fli\u011finde do\u011fru tasarlanm\u0131\u015f bir oda ve bu odada bulunan mobilyalar \u00e7ocu\u011fun fiziksel ve ruhsal geli\u015fiminde \u00f6nemli bir rol \u00fcstlenmektedir. Blackbird Thermal Hotel&#8217;in \u00e7ocuklar\u0131n\u0131z i\u00e7in \u00f6zenle haz\u0131rlad\u0131\u011f\u0131 &#8220;\u00c7ocuk Oyun Alan\u0131&#8221;.<\/p>","protected":false},"author":1,"featured_media":0,"parent":0,"menu_order":0,"comment_status":"closed","ping_status":"closed","template":"elementor_header_footer","meta":{"two_page_speed":[],"footnotes":""},"class_list":["post-4450","page","type-page","status-publish","hentry"],"yoast_head":"<!-- This site is optimized with the Yoast SEO plugin v27.0 - https:\/\/yoast.com\/product\/yoast-seo-wordpress\/ -->\n<title>\u00c7ocuk Oyun Alan\u0131 - Blackbird Thermal Hotel &amp; SPA<\/title>\n<meta name=\"robots\" content=\"index, follow, max-snippet:-1, max-image-preview:large, max-video-preview:-1\" \/>\n<link rel=\"canonical\" href=\"https:\/\/www.blackbirdthermal.com\/ru\/cocuk-oyun-alani\/\" \/>\n<meta property=\"og:locale\" content=\"ru_RU\" \/>\n<meta property=\"og:type\" content=\"article\" \/>\n<meta property=\"og:title\" content=\"\u00c7ocuk Oyun Alan\u0131 - Blackbird Thermal Hotel &amp; SPA\" \/>\n<meta property=\"og:description\" content=\"\u00c7ocuk Oyun Alan\u0131 Uzman E\u011fitmenler e\u015fli\u011finde do\u011fru tasarlanm\u0131\u015f bir oda ve bu odada bulunan mobilyalar \u00e7ocu\u011fun fiziksel ve ruhsal geli\u015fiminde \u00f6nemli bir rol \u00fcstlenmektedir. Blackbird Thermal Hotel&#8217;in \u00e7ocuklar\u0131n\u0131z i\u00e7in \u00f6zenle haz\u0131rlad\u0131\u011f\u0131 &#8220;\u00c7ocuk Oyun Alan\u0131&#8221;.\" \/>\n<meta property=\"og:url\" content=\"https:\/\/www.blackbirdthermal.com\/ru\/cocuk-oyun-alani\/\" \/>\n<meta property=\"og:site_name\" content=\"Blackbird Thermal Hotel &amp; SPA\" \/>\n<meta property=\"article:publisher\" content=\"https:\/\/www.facebook.com\/blackbirdthermalhotel\/\" \/>\n<meta property=\"article:modified_time\" content=\"2022-12-16T10:08:31+00:00\" \/>\n<meta name=\"twitter:card\" content=\"summary_large_image\" \/>\n<script type=\"application\/ld+json\" class=\"yoast-schema-graph\">{\"@context\":\"https:\/\/schema.org\",\"@graph\":[{\"@type\":\"WebPage\",\"@id\":\"https:\/\/www.blackbirdthermal.com\/ru\/cocuk-oyun-alani\/\",\"url\":\"https:\/\/www.blackbirdthermal.com\/ru\/cocuk-oyun-alani\/\",\"name\":\"\u00c7ocuk Oyun Alan\u0131 - Blackbird Thermal Hotel &amp; SPA\",\"isPartOf\":{\"@id\":\"https:\/\/www.blackbirdthermal.com\/ru\/#website\"},\"datePublished\":\"2022-09-27T10:49:58+00:00\",\"dateModified\":\"2022-12-16T10:08:31+00:00\",\"breadcrumb\":{\"@id\":\"https:\/\/www.blackbirdthermal.com\/ru\/cocuk-oyun-alani\/#breadcrumb\"},\"inLanguage\":\"ru-RU\",\"potentialAction\":[{\"@type\":\"ReadAction\",\"target\":[\"https:\/\/www.blackbirdthermal.com\/ru\/cocuk-oyun-alani\/\"]}]},{\"@type\":\"BreadcrumbList\",\"@id\":\"https:\/\/www.blackbirdthermal.com\/ru\/cocuk-oyun-alani\/#breadcrumb\",\"itemListElement\":[{\"@type\":\"ListItem\",\"position\":1,\"name\":\"Anasayfa\",\"item\":\"https:\/\/www.blackbirdthermal.com\/tr\/\"},{\"@type\":\"ListItem\",\"position\":2,\"name\":\"\u00c7ocuk Oyun Alan\u0131\"}]},{\"@type\":\"WebSite\",\"@id\":\"https:\/\/www.blackbirdthermal.com\/ru\/#website\",\"url\":\"https:\/\/www.blackbirdthermal.com\/ru\/\",\"name\":\"Blackbird Thermal Hotel & SPA\",\"description\":\"G\u00f6k\u00e7edere Mah. Atat\u00fcrk Cad. No.30 \/ 1 Termal YALOVA\",\"publisher\":{\"@id\":\"https:\/\/www.blackbirdthermal.com\/ru\/#organization\"},\"potentialAction\":[{\"@type\":\"SearchAction\",\"target\":{\"@type\":\"EntryPoint\",\"urlTemplate\":\"https:\/\/www.blackbirdthermal.com\/ru\/?s={search_term_string}\"},\"query-input\":{\"@type\":\"PropertyValueSpecification\",\"valueRequired\":true,\"valueName\":\"search_term_string\"}}],\"inLanguage\":\"ru-RU\"},{\"@type\":\"Organization\",\"@id\":\"https:\/\/www.blackbirdthermal.com\/ru\/#organization\",\"name\":\"Blackbird Thermal Hotel & SPA\",\"url\":\"https:\/\/www.blackbirdthermal.com\/ru\/\",\"logo\":{\"@type\":\"ImageObject\",\"inLanguage\":\"ru-RU\",\"@id\":\"https:\/\/www.blackbirdthermal.com\/ru\/#\/schema\/logo\/image\/\",\"url\":\"https:\/\/www.blackbirdthermal.com\/wp-content\/uploads\/2022\/09\/BBTH-ACIK-LOGO-00000002.png\",\"contentUrl\":\"https:\/\/www.blackbirdthermal.com\/wp-content\/uploads\/2022\/09\/BBTH-ACIK-LOGO-00000002.png\",\"width\":4861,\"height\":2661,\"caption\":\"Blackbird Thermal Hotel & SPA\"},\"image\":{\"@id\":\"https:\/\/www.blackbirdthermal.com\/ru\/#\/schema\/logo\/image\/\"},\"sameAs\":[\"https:\/\/www.facebook.com\/blackbirdthermalhotel\/\",\"https:\/\/www.instagram.com\/blackbirdthermalhotel\/\",\"https:\/\/www.youtube.com\/channel\/UC-3dGStBdsgInCfMTJxOBYg\"]}]}<\/script>\n<!-- \/ Yoast SEO plugin. -->","yoast_head_json":{"title":"\u00c7ocuk Oyun Alan\u0131 - Blackbird Thermal Hotel &amp; SPA","robots":{"index":"index","follow":"follow","max-snippet":"max-snippet:-1","max-image-preview":"max-image-preview:large","max-video-preview":"max-video-preview:-1"},"canonical":"https:\/\/www.blackbirdthermal.com\/ru\/cocuk-oyun-alani\/","og_locale":"ru_RU","og_type":"article","og_title":"\u00c7ocuk Oyun Alan\u0131 - Blackbird Thermal Hotel &amp; SPA","og_description":"\u00c7ocuk Oyun Alan\u0131 Uzman E\u011fitmenler e\u015fli\u011finde do\u011fru tasarlanm\u0131\u015f bir oda ve bu odada bulunan mobilyalar \u00e7ocu\u011fun fiziksel ve ruhsal geli\u015fiminde \u00f6nemli bir rol \u00fcstlenmektedir. Blackbird Thermal Hotel&#8217;in \u00e7ocuklar\u0131n\u0131z i\u00e7in \u00f6zenle haz\u0131rlad\u0131\u011f\u0131 &#8220;\u00c7ocuk Oyun Alan\u0131&#8221;.","og_url":"https:\/\/www.blackbirdthermal.com\/ru\/cocuk-oyun-alani\/","og_site_name":"Blackbird Thermal Hotel &amp; SPA","article_publisher":"https:\/\/www.facebook.com\/blackbirdthermalhotel\/","article_modified_time":"2022-12-16T10:08:31+00:00","twitter_card":"summary_large_image","schema":{"@context":"https:\/\/schema.org","@graph":[{"@type":"WebPage","@id":"https:\/\/www.blackbirdthermal.com\/ru\/cocuk-oyun-alani\/","url":"https:\/\/www.blackbirdthermal.com\/ru\/cocuk-oyun-alani\/","name":"\u00c7ocuk Oyun Alan\u0131 - Blackbird Thermal Hotel &amp; SPA","isPartOf":{"@id":"https:\/\/www.blackbirdthermal.com\/ru\/#website"},"datePublished":"2022-09-27T10:49:58+00:00","dateModified":"2022-12-16T10:08:31+00:00","breadcrumb":{"@id":"https:\/\/www.blackbirdthermal.com\/ru\/cocuk-oyun-alani\/#breadcrumb"},"inLanguage":"ru-RU","potentialAction":[{"@type":"ReadAction","target":["https:\/\/www.blackbirdthermal.com\/ru\/cocuk-oyun-alani\/"]}]},{"@type":"BreadcrumbList","@id":"https:\/\/www.blackbirdthermal.com\/ru\/cocuk-oyun-alani\/#breadcrumb","itemListElement":[{"@type":"ListItem","position":1,"name":"Anasayfa","item":"https:\/\/www.blackbirdthermal.com\/tr\/"},{"@type":"ListItem","position":2,"name":"\u00c7ocuk Oyun Alan\u0131"}]},{"@type":"WebSite","@id":"https:\/\/www.blackbirdthermal.com\/ru\/#website","url":"https:\/\/www.blackbirdthermal.com\/ru\/","name":"Blackbird Thermal Hotel & SPA","description":"G\u00f6k\u00e7edere Mah. Atat\u00fcrk Cad. No.30 \/ 1 Termal YALOVA","publisher":{"@id":"https:\/\/www.blackbirdthermal.com\/ru\/#organization"},"potentialAction":[{"@type":"SearchAction","target":{"@type":"EntryPoint","urlTemplate":"https:\/\/www.blackbirdthermal.com\/ru\/?s={search_term_string}"},"query-input":{"@type":"PropertyValueSpecification","valueRequired":true,"valueName":"search_term_string"}}],"inLanguage":"ru-RU"},{"@type":"Organization","@id":"https:\/\/www.blackbirdthermal.com\/ru\/#organization","name":"Blackbird Thermal Hotel & SPA","url":"https:\/\/www.blackbirdthermal.com\/ru\/","logo":{"@type":"ImageObject","inLanguage":"ru-RU","@id":"https:\/\/www.blackbirdthermal.com\/ru\/#\/schema\/logo\/image\/","url":"https:\/\/www.blackbirdthermal.com\/wp-content\/uploads\/2022\/09\/BBTH-ACIK-LOGO-00000002.png","contentUrl":"https:\/\/www.blackbirdthermal.com\/wp-content\/uploads\/2022\/09\/BBTH-ACIK-LOGO-00000002.png","width":4861,"height":2661,"caption":"Blackbird Thermal Hotel & SPA"},"image":{"@id":"https:\/\/www.blackbirdthermal.com\/ru\/#\/schema\/logo\/image\/"},"sameAs":["https:\/\/www.facebook.com\/blackbirdthermalhotel\/","https:\/\/www.instagram.com\/blackbirdthermalhotel\/","https:\/\/www.youtube.com\/channel\/UC-3dGStBdsgInCfMTJxOBYg"]}]}},"_links":{"self":[{"href":"https:\/\/www.blackbirdthermal.com\/ru\/wp-json\/wp\/v2\/pages\/4450","targetHints":{"allow":["GET"]}}],"collection":[{"href":"https:\/\/www.blackbirdthermal.com\/ru\/wp-json\/wp\/v2\/pages"}],"about":[{"href":"https:\/\/www.blackbirdthermal.com\/ru\/wp-json\/wp\/v2\/types\/page"}],"author":[{"embeddable":true,"href":"https:\/\/www.blackbirdthermal.com\/ru\/wp-json\/wp\/v2\/users\/1"}],"replies":[{"embeddable":true,"href":"https:\/\/www.blackbirdthermal.com\/ru\/wp-json\/wp\/v2\/comments?post=4450"}],"version-history":[{"count":0,"href":"https:\/\/www.blackbirdthermal.com\/ru\/wp-json\/wp\/v2\/pages\/4450\/revisions"}],"wp:attachment":[{"href":"https:\/\/www.blackbirdthermal.com\/ru\/wp-json\/wp\/v2\/media?parent=4450"}],"curies":[{"name":"wp","href":"https:\/\/api.w.org\/{rel}","templated":true}]}}