{"id":7766,"date":"2025-01-23T10:02:57","date_gmt":"2025-01-23T07:02:57","guid":{"rendered":"https:\/\/www.blackbirdthermal.com\/?page_id=7766"},"modified":"2026-01-03T18:07:31","modified_gmt":"2026-01-03T15:07:31","slug":"4-kal-3-ode-kampanyasi","status":"publish","type":"page","link":"https:\/\/www.blackbirdthermal.com\/ru\/4-kal-3-ode-kampanyasi\/","title":{"rendered":"4 Kal 3 \u00d6de Kampanyas\u0131"},"content":{"rendered":"<div data-elementor-type=\"wp-page\" data-elementor-id=\"7766\" class=\"elementor elementor-7766\">\n\t\t\t\t<div class=\"elementor-element elementor-element-4390ae5 e-flex e-con-boxed e-con e-parent\" data-id=\"4390ae5\" data-element_type=\"container\" data-e-type=\"container\" data-settings=\"{&quot;ekit_has_onepagescroll_dot&quot;:&quot;yes&quot;}\">\n\t\t\t\t\t<div class=\"e-con-inner\">\n\t\t\t\t<div class=\"elementor-element elementor-element-e6561fe elementor-widget elementor-widget-image\" data-id=\"e6561fe\" data-element_type=\"widget\" data-e-type=\"widget\" data-settings=\"{&quot;ekit_we_effect_on&quot;:&quot;none&quot;}\" data-widget_type=\"image.default\">\n\t\t\t\t\t\t\t\t\t\t\t\t\t\t\t<img fetchpriority=\"high\" decoding=\"async\" width=\"480\" height=\"600\" src=\"https:\/\/www.blackbirdthermal.com\/wp-content\/uploads\/2025\/06\/Tum-Yaz-Mevsimi-Konaklamalarinizda3-480x600.png\" class=\"attachment-tenweb_optimizer_mobile size-tenweb_optimizer_mobile wp-image-8705\" alt=\"\" srcset=\"https:\/\/www.blackbirdthermal.com\/wp-content\/uploads\/2025\/06\/Tum-Yaz-Mevsimi-Konaklamalarinizda3-480x600.png 480w, https:\/\/www.blackbirdthermal.com\/wp-content\/uploads\/2025\/06\/Tum-Yaz-Mevsimi-Konaklamalarinizda3-240x300.png 240w, https:\/\/www.blackbirdthermal.com\/wp-content\/uploads\/2025\/06\/Tum-Yaz-Mevsimi-Konaklamalarinizda3-819x1024.png 819w, https:\/\/www.blackbirdthermal.com\/wp-content\/uploads\/2025\/06\/Tum-Yaz-Mevsimi-Konaklamalarinizda3-768x960.png 768w, https:\/\/www.blackbirdthermal.com\/wp-content\/uploads\/2025\/06\/Tum-Yaz-Mevsimi-Konaklamalarinizda3-10x12.png 10w, https:\/\/www.blackbirdthermal.com\/wp-content\/uploads\/2025\/06\/Tum-Yaz-Mevsimi-Konaklamalarinizda3.png 1080w\" sizes=\"(max-width: 480px) 100vw, 480px\" \/>\t\t\t\t\t\t\t\t\t\t\t\t\t\t\t<\/div>\n\t\t\t\t<div class=\"elementor-element elementor-element-3a584c5 elementor-widget elementor-widget-heading\" data-id=\"3a584c5\" data-element_type=\"widget\" data-e-type=\"widget\" data-settings=\"{&quot;ekit_we_effect_on&quot;:&quot;none&quot;}\" data-widget_type=\"heading.default\">\n\t\t\t\t\t<h2 class=\"elementor-heading-title elementor-size-default\">4 Kal 3 \u00d6de Kampanyas\u0131<\/h2>\t\t\t\t<\/div>\n\t\t\t\t<div class=\"elementor-element elementor-element-2a4a737 elementor-widget elementor-widget-text-editor\" data-id=\"2a4a737\" data-element_type=\"widget\" data-e-type=\"widget\" data-settings=\"{&quot;ekit_we_effect_on&quot;:&quot;none&quot;}\" data-widget_type=\"text-editor.default\">\n\t\t\t\t\t\t\t\t\t<p data-start=\"370\" data-end=\"507\">\u2728 Tatilinizi uzatman\u0131n tam zaman\u0131!<br data-start=\"404\" data-end=\"407\" \/>A\u011fustos sonuna kadar <strong data-start=\"428\" data-end=\"446\">Yar\u0131m Pansiyon<\/strong> konaklamalar\u0131n\u0131zda, <strong data-start=\"467\" data-end=\"504\">4 gece kal\u0131n sadece 3 gece \u00f6deyin<\/strong>!<\/p><p data-start=\"509\" data-end=\"733\">\ud83d\udecc Kampanya \u015eartlar\u0131:<br data-start=\"530\" data-end=\"533\" \/>1\ufe0f\u20e3 Konaklama d\u00f6neminiz <strong data-start=\"554\" data-end=\"582\">Cumartesi <\/strong>yada<strong data-start=\"554\" data-end=\"582\"> \u00d6zel D\u00f6nemler hari\u00e7<\/strong>\u00a0olmal\u0131<br data-start=\"589\" data-end=\"592\" \/>2\ufe0f\u20e3 <strong data-start=\"596\" data-end=\"618\">Ekonomik oda hari\u00e7<\/strong> her oda tipi ge\u00e7erlidir<br data-start=\"642\" data-end=\"645\" \/>3\ufe0f\u20e3 <strong data-start=\"649\" data-end=\"667\">Yar\u0131m Pansiyon<\/strong> (sabah kahvalt\u0131s\u0131 ve ak\u015fam yeme\u011fi dahil) konaklama yap\u0131lmal\u0131d\u0131r<\/p><p data-start=\"735\" data-end=\"876\">\ud83d\udca7 T\u00fcrk hamam\u0131, sauna, \u015fok du\u015fu, buz \u00e7e\u015fmesi ve <strong data-start=\"783\" data-end=\"824\">a\u00e7\u0131k termal havuz kullan\u0131m\u0131 da dahil!<\/strong><br data-start=\"824\" data-end=\"827\" \/>\ud83d\udcde Detayl\u0131 bilgi ve rezervasyon i\u00e7in bize ula\u015f\u0131n!<\/p>\t\t\t\t\t\t\t\t<\/div>\n\t\t\t\t\t<\/div>\n\t\t\t\t<\/div>\n\t\t\t\t<\/div>","protected":false},"excerpt":{"rendered":"<p>4 Kal 3 \u00d6de Kampanyas\u0131 \u2728 Tatilinizi uzatman\u0131n tam zaman\u0131!A\u011fustos sonuna kadar Yar\u0131m Pansiyon konaklamalar\u0131n\u0131zda, 4 gece kal\u0131n sadece 3 gece \u00f6deyin! \ud83d\udecc Kampanya \u015eartlar\u0131:1\ufe0f\u20e3 Konaklama d\u00f6neminiz Cumartesi yada \u00d6zel D\u00f6nemler hari\u00e7\u00a0olmal\u01312\ufe0f\u20e3 Ekonomik oda hari\u00e7 her oda tipi ge\u00e7erlidir3\ufe0f\u20e3 Yar\u0131m Pansiyon (sabah kahvalt\u0131s\u0131 ve ak\u015fam yeme\u011fi dahil) konaklama yap\u0131lmal\u0131d\u0131r \ud83d\udca7 T\u00fcrk hamam\u0131, sauna, \u015fok du\u015fu, [&hellip;]<\/p>\n","protected":false},"author":1,"featured_media":0,"parent":0,"menu_order":0,"comment_status":"closed","ping_status":"closed","template":"elementor_header_footer","meta":{"two_page_speed":[],"footnotes":""},"class_list":["post-7766","page","type-page","status-publish","hentry"],"yoast_head":"<!-- This site is optimized with the Yoast SEO plugin v27.0 - https:\/\/yoast.com\/product\/yoast-seo-wordpress\/ -->\n<title>4 Kal 3 \u00d6de Kampanyas\u0131 - Blackbird Thermal Hotel &amp; SPA<\/title>\n<meta name=\"robots\" content=\"index, follow, max-snippet:-1, max-image-preview:large, max-video-preview:-1\" \/>\n<link rel=\"canonical\" href=\"https:\/\/www.blackbirdthermal.com\/ru\/4-kal-3-ode-kampanyasi\/\" \/>\n<meta property=\"og:locale\" content=\"ru_RU\" \/>\n<meta property=\"og:type\" content=\"article\" \/>\n<meta property=\"og:title\" content=\"4 Kal 3 \u00d6de Kampanyas\u0131 - Blackbird Thermal Hotel &amp; SPA\" \/>\n<meta property=\"og:description\" content=\"4 Kal 3 \u00d6de Kampanyas\u0131 \u2728 Tatilinizi uzatman\u0131n tam zaman\u0131!A\u011fustos sonuna kadar Yar\u0131m Pansiyon konaklamalar\u0131n\u0131zda, 4 gece kal\u0131n sadece 3 gece \u00f6deyin! \ud83d\udecc Kampanya \u015eartlar\u0131:1\ufe0f\u20e3 Konaklama d\u00f6neminiz Cumartesi yada \u00d6zel D\u00f6nemler hari\u00e7\u00a0olmal\u01312\ufe0f\u20e3 Ekonomik oda hari\u00e7 her oda tipi ge\u00e7erlidir3\ufe0f\u20e3 Yar\u0131m Pansiyon (sabah kahvalt\u0131s\u0131 ve ak\u015fam yeme\u011fi dahil) konaklama yap\u0131lmal\u0131d\u0131r \ud83d\udca7 T\u00fcrk hamam\u0131, sauna, \u015fok du\u015fu, [&hellip;]\" \/>\n<meta property=\"og:url\" content=\"https:\/\/www.blackbirdthermal.com\/ru\/4-kal-3-ode-kampanyasi\/\" \/>\n<meta property=\"og:site_name\" content=\"Blackbird Thermal Hotel &amp; SPA\" \/>\n<meta property=\"article:publisher\" content=\"https:\/\/www.facebook.com\/blackbirdthermalhotel\/\" \/>\n<meta property=\"article:modified_time\" content=\"2026-01-03T15:07:31+00:00\" \/>\n<meta property=\"og:image\" content=\"https:\/\/www.blackbirdthermal.com\/wp-content\/uploads\/2025\/06\/Tum-Yaz-Mevsimi-Konaklamalarinizda3-819x1024.png\" \/>\n\t<meta property=\"og:image:width\" content=\"819\" \/>\n\t<meta property=\"og:image:height\" content=\"1024\" \/>\n\t<meta property=\"og:image:type\" content=\"image\/png\" \/>\n<meta name=\"twitter:card\" content=\"summary_large_image\" \/>\n<meta name=\"twitter:label1\" content=\"\u041f\u0440\u0438\u043c\u0435\u0440\u043d\u043e\u0435 \u0432\u0440\u0435\u043c\u044f \u0434\u043b\u044f \u0447\u0442\u0435\u043d\u0438\u044f\" \/>\n\t<meta name=\"twitter:data1\" content=\"2 \u043c\u0438\u043d\u0443\u0442\u044b\" \/>\n<script type=\"application\/ld+json\" class=\"yoast-schema-graph\">{\"@context\":\"https:\/\/schema.org\",\"@graph\":[{\"@type\":\"WebPage\",\"@id\":\"https:\/\/www.blackbirdthermal.com\/ru\/4-kal-3-ode-kampanyasi\/\",\"url\":\"https:\/\/www.blackbirdthermal.com\/ru\/4-kal-3-ode-kampanyasi\/\",\"name\":\"4 Kal 3 \u00d6de Kampanyas\u0131 - Blackbird Thermal Hotel &amp; SPA\",\"isPartOf\":{\"@id\":\"https:\/\/www.blackbirdthermal.com\/ru\/#website\"},\"primaryImageOfPage\":{\"@id\":\"https:\/\/www.blackbirdthermal.com\/ru\/4-kal-3-ode-kampanyasi\/#primaryimage\"},\"image\":{\"@id\":\"https:\/\/www.blackbirdthermal.com\/ru\/4-kal-3-ode-kampanyasi\/#primaryimage\"},\"thumbnailUrl\":\"https:\/\/www.blackbirdthermal.com\/wp-content\/uploads\/2025\/06\/Tum-Yaz-Mevsimi-Konaklamalarinizda3-480x600.png\",\"datePublished\":\"2025-01-23T07:02:57+00:00\",\"dateModified\":\"2026-01-03T15:07:31+00:00\",\"breadcrumb\":{\"@id\":\"https:\/\/www.blackbirdthermal.com\/ru\/4-kal-3-ode-kampanyasi\/#breadcrumb\"},\"inLanguage\":\"ru-RU\",\"potentialAction\":[{\"@type\":\"ReadAction\",\"target\":[\"https:\/\/www.blackbirdthermal.com\/ru\/4-kal-3-ode-kampanyasi\/\"]}]},{\"@type\":\"ImageObject\",\"inLanguage\":\"ru-RU\",\"@id\":\"https:\/\/www.blackbirdthermal.com\/ru\/4-kal-3-ode-kampanyasi\/#primaryimage\",\"url\":\"https:\/\/www.blackbirdthermal.com\/wp-content\/uploads\/2025\/06\/Tum-Yaz-Mevsimi-Konaklamalarinizda3-480x600.png\",\"contentUrl\":\"https:\/\/www.blackbirdthermal.com\/wp-content\/uploads\/2025\/06\/Tum-Yaz-Mevsimi-Konaklamalarinizda3-480x600.png\"},{\"@type\":\"BreadcrumbList\",\"@id\":\"https:\/\/www.blackbirdthermal.com\/ru\/4-kal-3-ode-kampanyasi\/#breadcrumb\",\"itemListElement\":[{\"@type\":\"ListItem\",\"position\":1,\"name\":\"Anasayfa\",\"item\":\"https:\/\/www.blackbirdthermal.com\/tr\/\"},{\"@type\":\"ListItem\",\"position\":2,\"name\":\"4 Kal 3 \u00d6de Kampanyas\u0131\"}]},{\"@type\":\"WebSite\",\"@id\":\"https:\/\/www.blackbirdthermal.com\/ru\/#website\",\"url\":\"https:\/\/www.blackbirdthermal.com\/ru\/\",\"name\":\"Blackbird Thermal Hotel & SPA\",\"description\":\"G\u00f6k\u00e7edere Mah. Atat\u00fcrk Cad. No.30 \/ 1 Termal YALOVA\",\"publisher\":{\"@id\":\"https:\/\/www.blackbirdthermal.com\/ru\/#organization\"},\"potentialAction\":[{\"@type\":\"SearchAction\",\"target\":{\"@type\":\"EntryPoint\",\"urlTemplate\":\"https:\/\/www.blackbirdthermal.com\/ru\/?s={search_term_string}\"},\"query-input\":{\"@type\":\"PropertyValueSpecification\",\"valueRequired\":true,\"valueName\":\"search_term_string\"}}],\"inLanguage\":\"ru-RU\"},{\"@type\":\"Organization\",\"@id\":\"https:\/\/www.blackbirdthermal.com\/ru\/#organization\",\"name\":\"Blackbird Thermal Hotel & SPA\",\"url\":\"https:\/\/www.blackbirdthermal.com\/ru\/\",\"logo\":{\"@type\":\"ImageObject\",\"inLanguage\":\"ru-RU\",\"@id\":\"https:\/\/www.blackbirdthermal.com\/ru\/#\/schema\/logo\/image\/\",\"url\":\"https:\/\/www.blackbirdthermal.com\/wp-content\/uploads\/2022\/09\/BBTH-ACIK-LOGO-00000002.png\",\"contentUrl\":\"https:\/\/www.blackbirdthermal.com\/wp-content\/uploads\/2022\/09\/BBTH-ACIK-LOGO-00000002.png\",\"width\":4861,\"height\":2661,\"caption\":\"Blackbird Thermal Hotel & SPA\"},\"image\":{\"@id\":\"https:\/\/www.blackbirdthermal.com\/ru\/#\/schema\/logo\/image\/\"},\"sameAs\":[\"https:\/\/www.facebook.com\/blackbirdthermalhotel\/\",\"https:\/\/www.instagram.com\/blackbirdthermalhotel\/\",\"https:\/\/www.youtube.com\/channel\/UC-3dGStBdsgInCfMTJxOBYg\"]}]}<\/script>\n<!-- \/ Yoast SEO plugin. -->","yoast_head_json":{"title":"4 Kal 3 \u00d6de Kampanyas\u0131 - Blackbird Thermal Hotel &amp; SPA","robots":{"index":"index","follow":"follow","max-snippet":"max-snippet:-1","max-image-preview":"max-image-preview:large","max-video-preview":"max-video-preview:-1"},"canonical":"https:\/\/www.blackbirdthermal.com\/ru\/4-kal-3-ode-kampanyasi\/","og_locale":"ru_RU","og_type":"article","og_title":"4 Kal 3 \u00d6de Kampanyas\u0131 - Blackbird Thermal Hotel &amp; SPA","og_description":"4 Kal 3 \u00d6de Kampanyas\u0131 \u2728 Tatilinizi uzatman\u0131n tam zaman\u0131!A\u011fustos sonuna kadar Yar\u0131m Pansiyon konaklamalar\u0131n\u0131zda, 4 gece kal\u0131n sadece 3 gece \u00f6deyin! \ud83d\udecc Kampanya \u015eartlar\u0131:1\ufe0f\u20e3 Konaklama d\u00f6neminiz Cumartesi yada \u00d6zel D\u00f6nemler hari\u00e7\u00a0olmal\u01312\ufe0f\u20e3 Ekonomik oda hari\u00e7 her oda tipi ge\u00e7erlidir3\ufe0f\u20e3 Yar\u0131m Pansiyon (sabah kahvalt\u0131s\u0131 ve ak\u015fam yeme\u011fi dahil) konaklama yap\u0131lmal\u0131d\u0131r \ud83d\udca7 T\u00fcrk hamam\u0131, sauna, \u015fok du\u015fu, [&hellip;]","og_url":"https:\/\/www.blackbirdthermal.com\/ru\/4-kal-3-ode-kampanyasi\/","og_site_name":"Blackbird Thermal Hotel &amp; SPA","article_publisher":"https:\/\/www.facebook.com\/blackbirdthermalhotel\/","article_modified_time":"2026-01-03T15:07:31+00:00","og_image":[{"width":819,"height":1024,"url":"https:\/\/www.blackbirdthermal.com\/wp-content\/uploads\/2025\/06\/Tum-Yaz-Mevsimi-Konaklamalarinizda3-819x1024.png","type":"image\/png"}],"twitter_card":"summary_large_image","twitter_misc":{"\u041f\u0440\u0438\u043c\u0435\u0440\u043d\u043e\u0435 \u0432\u0440\u0435\u043c\u044f \u0434\u043b\u044f \u0447\u0442\u0435\u043d\u0438\u044f":"2 \u043c\u0438\u043d\u0443\u0442\u044b"},"schema":{"@context":"https:\/\/schema.org","@graph":[{"@type":"WebPage","@id":"https:\/\/www.blackbirdthermal.com\/ru\/4-kal-3-ode-kampanyasi\/","url":"https:\/\/www.blackbirdthermal.com\/ru\/4-kal-3-ode-kampanyasi\/","name":"4 Kal 3 \u00d6de Kampanyas\u0131 - Blackbird Thermal Hotel &amp; SPA","isPartOf":{"@id":"https:\/\/www.blackbirdthermal.com\/ru\/#website"},"primaryImageOfPage":{"@id":"https:\/\/www.blackbirdthermal.com\/ru\/4-kal-3-ode-kampanyasi\/#primaryimage"},"image":{"@id":"https:\/\/www.blackbirdthermal.com\/ru\/4-kal-3-ode-kampanyasi\/#primaryimage"},"thumbnailUrl":"https:\/\/www.blackbirdthermal.com\/wp-content\/uploads\/2025\/06\/Tum-Yaz-Mevsimi-Konaklamalarinizda3-480x600.png","datePublished":"2025-01-23T07:02:57+00:00","dateModified":"2026-01-03T15:07:31+00:00","breadcrumb":{"@id":"https:\/\/www.blackbirdthermal.com\/ru\/4-kal-3-ode-kampanyasi\/#breadcrumb"},"inLanguage":"ru-RU","potentialAction":[{"@type":"ReadAction","target":["https:\/\/www.blackbirdthermal.com\/ru\/4-kal-3-ode-kampanyasi\/"]}]},{"@type":"ImageObject","inLanguage":"ru-RU","@id":"https:\/\/www.blackbirdthermal.com\/ru\/4-kal-3-ode-kampanyasi\/#primaryimage","url":"https:\/\/www.blackbirdthermal.com\/wp-content\/uploads\/2025\/06\/Tum-Yaz-Mevsimi-Konaklamalarinizda3-480x600.png","contentUrl":"https:\/\/www.blackbirdthermal.com\/wp-content\/uploads\/2025\/06\/Tum-Yaz-Mevsimi-Konaklamalarinizda3-480x600.png"},{"@type":"BreadcrumbList","@id":"https:\/\/www.blackbirdthermal.com\/ru\/4-kal-3-ode-kampanyasi\/#breadcrumb","itemListElement":[{"@type":"ListItem","position":1,"name":"Anasayfa","item":"https:\/\/www.blackbirdthermal.com\/tr\/"},{"@type":"ListItem","position":2,"name":"4 Kal 3 \u00d6de Kampanyas\u0131"}]},{"@type":"WebSite","@id":"https:\/\/www.blackbirdthermal.com\/ru\/#website","url":"https:\/\/www.blackbirdthermal.com\/ru\/","name":"Blackbird Thermal Hotel & SPA","description":"G\u00f6k\u00e7edere Mah. Atat\u00fcrk Cad. No.30 \/ 1 Termal YALOVA","publisher":{"@id":"https:\/\/www.blackbirdthermal.com\/ru\/#organization"},"potentialAction":[{"@type":"SearchAction","target":{"@type":"EntryPoint","urlTemplate":"https:\/\/www.blackbirdthermal.com\/ru\/?s={search_term_string}"},"query-input":{"@type":"PropertyValueSpecification","valueRequired":true,"valueName":"search_term_string"}}],"inLanguage":"ru-RU"},{"@type":"Organization","@id":"https:\/\/www.blackbirdthermal.com\/ru\/#organization","name":"Blackbird Thermal Hotel & SPA","url":"https:\/\/www.blackbirdthermal.com\/ru\/","logo":{"@type":"ImageObject","inLanguage":"ru-RU","@id":"https:\/\/www.blackbirdthermal.com\/ru\/#\/schema\/logo\/image\/","url":"https:\/\/www.blackbirdthermal.com\/wp-content\/uploads\/2022\/09\/BBTH-ACIK-LOGO-00000002.png","contentUrl":"https:\/\/www.blackbirdthermal.com\/wp-content\/uploads\/2022\/09\/BBTH-ACIK-LOGO-00000002.png","width":4861,"height":2661,"caption":"Blackbird Thermal Hotel & SPA"},"image":{"@id":"https:\/\/www.blackbirdthermal.com\/ru\/#\/schema\/logo\/image\/"},"sameAs":["https:\/\/www.facebook.com\/blackbirdthermalhotel\/","https:\/\/www.instagram.com\/blackbirdthermalhotel\/","https:\/\/www.youtube.com\/channel\/UC-3dGStBdsgInCfMTJxOBYg"]}]}},"_links":{"self":[{"href":"https:\/\/www.blackbirdthermal.com\/ru\/wp-json\/wp\/v2\/pages\/7766","targetHints":{"allow":["GET"]}}],"collection":[{"href":"https:\/\/www.blackbirdthermal.com\/ru\/wp-json\/wp\/v2\/pages"}],"about":[{"href":"https:\/\/www.blackbirdthermal.com\/ru\/wp-json\/wp\/v2\/types\/page"}],"author":[{"embeddable":true,"href":"https:\/\/www.blackbirdthermal.com\/ru\/wp-json\/wp\/v2\/users\/1"}],"replies":[{"embeddable":true,"href":"https:\/\/www.blackbirdthermal.com\/ru\/wp-json\/wp\/v2\/comments?post=7766"}],"version-history":[{"count":7,"href":"https:\/\/www.blackbirdthermal.com\/ru\/wp-json\/wp\/v2\/pages\/7766\/revisions"}],"predecessor-version":[{"id":9164,"href":"https:\/\/www.blackbirdthermal.com\/ru\/wp-json\/wp\/v2\/pages\/7766\/revisions\/9164"}],"wp:attachment":[{"href":"https:\/\/www.blackbirdthermal.com\/ru\/wp-json\/wp\/v2\/media?parent=7766"}],"curies":[{"name":"wp","href":"https:\/\/api.w.org\/{rel}","templated":true}]}}