{"id":8718,"date":"2025-06-28T18:25:49","date_gmt":"2025-06-28T15:25:49","guid":{"rendered":"https:\/\/www.blackbirdthermal.com\/?page_id=8718"},"modified":"2025-10-24T12:35:39","modified_gmt":"2025-10-24T09:35:39","slug":"yalova-gunubirlik-havuz-kampanyasi","status":"publish","type":"page","link":"https:\/\/www.blackbirdthermal.com\/ru\/yalova-gunubirlik-havuz-kampanyasi\/","title":{"rendered":"Yalova G\u00fcn\u00fcbirlik A\u00e7\u0131k Havuz Kampanyas\u0131"},"content":{"rendered":"<div data-elementor-type=\"wp-page\" data-elementor-id=\"8718\" class=\"elementor elementor-8718\">\n\t\t\t\t<div class=\"elementor-element elementor-element-4390ae5 e-flex e-con-boxed e-con e-parent\" data-id=\"4390ae5\" data-element_type=\"container\" data-e-type=\"container\" data-settings=\"{&quot;ekit_has_onepagescroll_dot&quot;:&quot;yes&quot;}\">\n\t\t\t\t\t<div class=\"e-con-inner\">\n\t\t\t\t<div class=\"elementor-element elementor-element-e6561fe elementor-widget elementor-widget-image\" data-id=\"e6561fe\" data-element_type=\"widget\" data-e-type=\"widget\" data-settings=\"{&quot;ekit_we_effect_on&quot;:&quot;none&quot;}\" data-widget_type=\"image.default\">\n\t\t\t\t\t\t\t\t\t\t\t\t\t\t\t<img fetchpriority=\"high\" decoding=\"async\" width=\"600\" height=\"354\" src=\"https:\/\/www.blackbirdthermal.com\/wp-content\/uploads\/2022\/12\/IMG_9992-1-e1669901430729.jpg\" class=\"attachment-tenweb_optimizer_mobile size-tenweb_optimizer_mobile wp-image-6064\" alt=\"\" srcset=\"https:\/\/www.blackbirdthermal.com\/wp-content\/uploads\/2022\/12\/IMG_9992-1-e1669901430729.jpg 2048w, https:\/\/www.blackbirdthermal.com\/wp-content\/uploads\/2022\/12\/IMG_9992-1-e1669901430729-300x177.jpg 300w, https:\/\/www.blackbirdthermal.com\/wp-content\/uploads\/2022\/12\/IMG_9992-1-e1669901430729-1024x604.jpg 1024w, https:\/\/www.blackbirdthermal.com\/wp-content\/uploads\/2022\/12\/IMG_9992-1-e1669901430729-768x453.jpg 768w, https:\/\/www.blackbirdthermal.com\/wp-content\/uploads\/2022\/12\/IMG_9992-1-e1669901430729-1536x906.jpg 1536w, https:\/\/www.blackbirdthermal.com\/wp-content\/uploads\/2022\/12\/IMG_9992-1-e1669901430729-600x354.jpg 600w\" sizes=\"(max-width: 600px) 100vw, 600px\" \/>\t\t\t\t\t\t\t\t\t\t\t\t\t\t\t<\/div>\n\t\t\t\t<div class=\"elementor-element elementor-element-3a584c5 elementor-widget elementor-widget-heading\" data-id=\"3a584c5\" data-element_type=\"widget\" data-e-type=\"widget\" data-settings=\"{&quot;ekit_we_effect_on&quot;:&quot;none&quot;}\" data-widget_type=\"heading.default\">\n\t\t\t\t\t<h2 class=\"elementor-heading-title elementor-size-default\"><h2 data-start=\"282\" data-end=\"329\">\u2744\ufe0f Yalova G\u00fcn\u00fcbirlik A\u00e7\u0131k Havuz ve SPA Keyfi<span style=\"font-weight: 700;letter-spacing: -0.1px\"><\/span><\/h2><\/h2>\t\t\t\t<\/div>\n\t\t\t\t<div class=\"elementor-element elementor-element-2a4a737 elementor-widget elementor-widget-text-editor\" data-id=\"2a4a737\" data-element_type=\"widget\" data-e-type=\"widget\" data-settings=\"{&quot;ekit_we_effect_on&quot;:&quot;none&quot;}\" data-widget_type=\"text-editor.default\">\n\t\t\t\t\t\t\t\t\t<p data-start=\"236\" data-end=\"444\">\u015eehirden uzakla\u015fmadan kendinize k\u0131sa ama huzurlu bir mola vermek ister misiniz?<br data-start=\"315\" data-end=\"318\" \/><strong data-start=\"318\" data-end=\"344\">Black Bird Termal Otel<\/strong>, sizlere hem a\u00e7\u0131k havuz keyfini hem de termal SPA deneyimini g\u00fcn\u00fcbirlik olarak bir arada sunuyor.<\/p><hr data-start=\"446\" data-end=\"449\" \/><h3 data-start=\"451\" data-end=\"496\"><img decoding=\"async\" class=\"emoji\" role=\"img\" draggable=\"false\" src=\"https:\/\/s.w.org\/images\/core\/emoji\/16.0.1\/svg\/1f459.svg\" alt=\"\ud83d\udc59\" \/> Kad\u0131nlara \u00d6zel ve Karma SPA Alanlar\u0131<\/h3><p data-start=\"498\" data-end=\"651\">Yalova\u2019n\u0131n en \u00e7ok tercih edilen termal otellerinden biri olan <strong data-start=\"560\" data-end=\"581\">Black Bird Termal<\/strong>, konaklama yapmadan da g\u00fcn\u00fcn\u00fcz\u00fc dolu dolu ge\u00e7irmenize olanak tan\u0131r.<\/p><p data-start=\"653\" data-end=\"741\"><img decoding=\"async\" class=\"emoji\" role=\"img\" draggable=\"false\" src=\"https:\/\/s.w.org\/images\/core\/emoji\/16.0.1\/svg\/2668.svg\" alt=\"\u2668\ufe0f\" \/> Her iki alanda bulunan olanaklar:<br data-start=\"689\" data-end=\"692\" \/>\u2022 T\u00fcrk Hamam\u0131<br data-start=\"705\" data-end=\"708\" \/>\u2022 Termal Y\u00fczme Havuzu<br data-start=\"729\" data-end=\"732\" \/>\u2022 Sauna<\/p><p data-start=\"743\" data-end=\"851\"><img decoding=\"async\" class=\"emoji\" role=\"img\" draggable=\"false\" src=\"https:\/\/s.w.org\/images\/core\/emoji\/16.0.1\/svg\/2744.svg\" alt=\"\u2744\ufe0f\" \/> Ayr\u0131ca otelimizin en \u00fcst kat\u0131nda yer alan <strong data-start=\"788\" data-end=\"808\">a\u00e7\u0131k termal havuz<\/strong> ile k\u0131\u015f\u0131n s\u0131cakl\u0131\u011f\u0131n\u0131 hissedebilirsiniz.<\/p><h3 data-start=\"858\" data-end=\"905\">\u00a0<\/h3><hr data-start=\"1141\" data-end=\"1144\" \/><h3 data-start=\"1146\" data-end=\"1182\"><img decoding=\"async\" class=\"emoji\" role=\"img\" draggable=\"false\" src=\"https:\/\/s.w.org\/images\/core\/emoji\/16.0.1\/svg\/1f39f.svg\" alt=\"\ud83c\udf9f\ufe0f\" \/> G\u00fcn\u00fcbirlik Kullan\u0131m \u00dccreti<\/h3><p data-start=\"1184\" data-end=\"1256\"><strong data-start=\"1184\" data-end=\"1208\">Hafta i\u00e7i ki\u015fi ba\u015f\u0131:<\/strong> 1.500 TL<br data-start=\"1217\" data-end=\"1220\" \/><strong data-start=\"1220\" data-end=\"1245\">Hafta sonu ki\u015fi ba\u015f\u0131:<\/strong> 1.700 TL<\/p><p data-start=\"1258\" data-end=\"1494\">Fiyatlara dahil olan hizmetler:<br data-start=\"1289\" data-end=\"1292\" \/><img decoding=\"async\" class=\"emoji\" role=\"img\" draggable=\"false\" src=\"https:\/\/s.w.org\/images\/core\/emoji\/16.0.1\/svg\/2705.svg\" alt=\"\u2705\" \/> Termal havuz, hamam ve sauna kullan\u0131m\u0131<br data-start=\"1332\" data-end=\"1335\" \/><img decoding=\"async\" class=\"emoji\" role=\"img\" draggable=\"false\" src=\"https:\/\/s.w.org\/images\/core\/emoji\/16.0.1\/svg\/2705.svg\" alt=\"\u2705\" \/> A\u00e7\u0131k termal havuz eri\u015fimi<br data-start=\"1361\" data-end=\"1364\" \/><img decoding=\"async\" class=\"emoji\" role=\"img\" draggable=\"false\" src=\"https:\/\/s.w.org\/images\/core\/emoji\/16.0.1\/svg\/2705.svg\" alt=\"\u2705\" \/> Kad\u0131nlara \u00f6zel ve karma SPA alanlar\u0131na giri\u015f<\/p><hr data-start=\"1496\" data-end=\"1499\" \/><h3 data-start=\"1501\" data-end=\"1530\"><img decoding=\"async\" class=\"emoji\" role=\"img\" draggable=\"false\" src=\"https:\/\/s.w.org\/images\/core\/emoji\/16.0.1\/svg\/1f4cd.svg\" alt=\"\ud83d\udccd\" \/> Bilgi ve Rezervasyon<\/h3><p data-start=\"1532\" data-end=\"1636\">Yalova\u2019da do\u011fayla i\u00e7 i\u00e7e, konforlu bir SPA deneyimi i\u00e7in sizi <strong data-start=\"1594\" data-end=\"1620\">Black Bird Termal Otel<\/strong>\u2019e bekliyoruz.<\/p><p data-start=\"1873\" data-end=\"1982\"><img decoding=\"async\" class=\"emoji\" role=\"img\" draggable=\"false\" src=\"https:\/\/s.w.org\/images\/core\/emoji\/16.0.1\/svg\/1f4de.svg\" alt=\"\ud83d\udcde\" \/> Rezervasyon: 0226 675 81 51<br data-start=\"1949\" data-end=\"1952\" \/><img decoding=\"async\" class=\"emoji\" role=\"img\" draggable=\"false\" src=\"https:\/\/s.w.org\/images\/core\/emoji\/16.0.1\/svg\/1f4f2.svg\" alt=\"\ud83d\udcf2\" \/> WhatsApp: +90539 944 34 77<\/p><p data-start=\"1873\" data-end=\"1982\"><span style=\"color: #ffffff;\"><code data-start=\"2085\" data-end=\"2115\">yalova g\u00fcn\u00fcbirlik a\u00e7\u0131k havuz<\/code>, <code data-start=\"2117\" data-end=\"2138\">yalova termal havuz<\/code>, <code data-start=\"2140\" data-end=\"2163\">yalova g\u00fcn\u00fcbirlik spa<\/code>, <code data-start=\"2165\" data-end=\"2194\">g\u00fcn\u00fcbirlik havuz kampanyas\u0131<\/code>, <code data-start=\"2196\" data-end=\"2216\">termal otel yalova<\/code>, <code data-start=\"2218\" data-end=\"2241\">yalova havuz restoran<\/code>, <code data-start=\"2243\" data-end=\"2267\">black bird termal otel<\/code><\/span><\/p><p data-start=\"1873\" data-end=\"1982\">\u00a0<\/p>\t\t\t\t\t\t\t\t<\/div>\n\t\t\t\t\t<\/div>\n\t\t\t\t<\/div>\n\t\t\t\t<\/div>","protected":false},"excerpt":{"rendered":"<p>\u2744\ufe0f Yalova G\u00fcn\u00fcbirlik A\u00e7\u0131k Havuz ve SPA Keyfi \u015eehirden uzakla\u015fmadan kendinize k\u0131sa ama huzurlu bir mola vermek ister misiniz?Black Bird Termal Otel, sizlere hem a\u00e7\u0131k havuz keyfini hem de termal SPA deneyimini g\u00fcn\u00fcbirlik olarak bir arada sunuyor. Kad\u0131nlara \u00d6zel ve Karma SPA Alanlar\u0131 Yalova\u2019n\u0131n en \u00e7ok tercih edilen termal otellerinden biri olan Black Bird Termal, [&hellip;]<\/p>\n","protected":false},"author":1,"featured_media":0,"parent":0,"menu_order":0,"comment_status":"closed","ping_status":"closed","template":"elementor_header_footer","meta":{"two_page_speed":[],"footnotes":""},"class_list":["post-8718","page","type-page","status-publish","hentry"],"yoast_head":"<!-- This site is optimized with the Yoast SEO plugin v27.0 - https:\/\/yoast.com\/product\/yoast-seo-wordpress\/ -->\n<title>Yalova G\u00fcn\u00fcbirlik A\u00e7\u0131k Havuz Kampanyas\u0131 - Blackbird Thermal Hotel &amp; SPA<\/title>\n<meta name=\"robots\" content=\"index, follow, max-snippet:-1, max-image-preview:large, max-video-preview:-1\" \/>\n<link rel=\"canonical\" href=\"https:\/\/www.blackbirdthermal.com\/ru\/yalova-gunubirlik-havuz-kampanyasi\/\" \/>\n<meta property=\"og:locale\" content=\"ru_RU\" \/>\n<meta property=\"og:type\" content=\"article\" \/>\n<meta property=\"og:title\" content=\"Yalova G\u00fcn\u00fcbirlik A\u00e7\u0131k Havuz Kampanyas\u0131 - Blackbird Thermal Hotel &amp; SPA\" \/>\n<meta property=\"og:description\" content=\"\u2744\ufe0f Yalova G\u00fcn\u00fcbirlik A\u00e7\u0131k Havuz ve SPA Keyfi \u015eehirden uzakla\u015fmadan kendinize k\u0131sa ama huzurlu bir mola vermek ister misiniz?Black Bird Termal Otel, sizlere hem a\u00e7\u0131k havuz keyfini hem de termal SPA deneyimini g\u00fcn\u00fcbirlik olarak bir arada sunuyor. Kad\u0131nlara \u00d6zel ve Karma SPA Alanlar\u0131 Yalova\u2019n\u0131n en \u00e7ok tercih edilen termal otellerinden biri olan Black Bird Termal, [&hellip;]\" \/>\n<meta property=\"og:url\" content=\"https:\/\/www.blackbirdthermal.com\/ru\/yalova-gunubirlik-havuz-kampanyasi\/\" \/>\n<meta property=\"og:site_name\" content=\"Blackbird Thermal Hotel &amp; SPA\" \/>\n<meta property=\"article:publisher\" content=\"https:\/\/www.facebook.com\/blackbirdthermalhotel\/\" \/>\n<meta property=\"article:modified_time\" content=\"2025-10-24T09:35:39+00:00\" \/>\n<meta property=\"og:image\" content=\"https:\/\/www.blackbirdthermal.com\/wp-content\/uploads\/2022\/12\/IMG_9992-1-e1669901430729.jpg\" \/>\n\t<meta property=\"og:image:width\" content=\"2048\" \/>\n\t<meta property=\"og:image:height\" content=\"1208\" \/>\n\t<meta property=\"og:image:type\" content=\"image\/jpeg\" \/>\n<meta name=\"twitter:card\" content=\"summary_large_image\" \/>\n<meta name=\"twitter:label1\" content=\"\u041f\u0440\u0438\u043c\u0435\u0440\u043d\u043e\u0435 \u0432\u0440\u0435\u043c\u044f \u0434\u043b\u044f \u0447\u0442\u0435\u043d\u0438\u044f\" \/>\n\t<meta name=\"twitter:data1\" content=\"4 \u043c\u0438\u043d\u0443\u0442\u044b\" \/>\n<script type=\"application\/ld+json\" class=\"yoast-schema-graph\">{\"@context\":\"https:\/\/schema.org\",\"@graph\":[{\"@type\":\"WebPage\",\"@id\":\"https:\/\/www.blackbirdthermal.com\/ru\/yalova-gunubirlik-havuz-kampanyasi\/\",\"url\":\"https:\/\/www.blackbirdthermal.com\/ru\/yalova-gunubirlik-havuz-kampanyasi\/\",\"name\":\"Yalova G\u00fcn\u00fcbirlik A\u00e7\u0131k Havuz Kampanyas\u0131 - Blackbird Thermal Hotel &amp; SPA\",\"isPartOf\":{\"@id\":\"https:\/\/www.blackbirdthermal.com\/ru\/#website\"},\"primaryImageOfPage\":{\"@id\":\"https:\/\/www.blackbirdthermal.com\/ru\/yalova-gunubirlik-havuz-kampanyasi\/#primaryimage\"},\"image\":{\"@id\":\"https:\/\/www.blackbirdthermal.com\/ru\/yalova-gunubirlik-havuz-kampanyasi\/#primaryimage\"},\"thumbnailUrl\":\"https:\/\/www.blackbirdthermal.com\/wp-content\/uploads\/2022\/12\/IMG_9992-1-e1669901430729.jpg\",\"datePublished\":\"2025-06-28T15:25:49+00:00\",\"dateModified\":\"2025-10-24T09:35:39+00:00\",\"breadcrumb\":{\"@id\":\"https:\/\/www.blackbirdthermal.com\/ru\/yalova-gunubirlik-havuz-kampanyasi\/#breadcrumb\"},\"inLanguage\":\"ru-RU\",\"potentialAction\":[{\"@type\":\"ReadAction\",\"target\":[\"https:\/\/www.blackbirdthermal.com\/ru\/yalova-gunubirlik-havuz-kampanyasi\/\"]}]},{\"@type\":\"ImageObject\",\"inLanguage\":\"ru-RU\",\"@id\":\"https:\/\/www.blackbirdthermal.com\/ru\/yalova-gunubirlik-havuz-kampanyasi\/#primaryimage\",\"url\":\"https:\/\/www.blackbirdthermal.com\/wp-content\/uploads\/2022\/12\/IMG_9992-1-e1669901430729.jpg\",\"contentUrl\":\"https:\/\/www.blackbirdthermal.com\/wp-content\/uploads\/2022\/12\/IMG_9992-1-e1669901430729.jpg\"},{\"@type\":\"BreadcrumbList\",\"@id\":\"https:\/\/www.blackbirdthermal.com\/ru\/yalova-gunubirlik-havuz-kampanyasi\/#breadcrumb\",\"itemListElement\":[{\"@type\":\"ListItem\",\"position\":1,\"name\":\"Anasayfa\",\"item\":\"https:\/\/www.blackbirdthermal.com\/tr\/\"},{\"@type\":\"ListItem\",\"position\":2,\"name\":\"Yalova G\u00fcn\u00fcbirlik A\u00e7\u0131k Havuz Kampanyas\u0131\"}]},{\"@type\":\"WebSite\",\"@id\":\"https:\/\/www.blackbirdthermal.com\/ru\/#website\",\"url\":\"https:\/\/www.blackbirdthermal.com\/ru\/\",\"name\":\"Blackbird Thermal Hotel & SPA\",\"description\":\"G\u00f6k\u00e7edere Mah. Atat\u00fcrk Cad. No.30 \/ 1 Termal YALOVA\",\"publisher\":{\"@id\":\"https:\/\/www.blackbirdthermal.com\/ru\/#organization\"},\"potentialAction\":[{\"@type\":\"SearchAction\",\"target\":{\"@type\":\"EntryPoint\",\"urlTemplate\":\"https:\/\/www.blackbirdthermal.com\/ru\/?s={search_term_string}\"},\"query-input\":{\"@type\":\"PropertyValueSpecification\",\"valueRequired\":true,\"valueName\":\"search_term_string\"}}],\"inLanguage\":\"ru-RU\"},{\"@type\":\"Organization\",\"@id\":\"https:\/\/www.blackbirdthermal.com\/ru\/#organization\",\"name\":\"Blackbird Thermal Hotel & SPA\",\"url\":\"https:\/\/www.blackbirdthermal.com\/ru\/\",\"logo\":{\"@type\":\"ImageObject\",\"inLanguage\":\"ru-RU\",\"@id\":\"https:\/\/www.blackbirdthermal.com\/ru\/#\/schema\/logo\/image\/\",\"url\":\"https:\/\/www.blackbirdthermal.com\/wp-content\/uploads\/2022\/09\/BBTH-ACIK-LOGO-00000002.png\",\"contentUrl\":\"https:\/\/www.blackbirdthermal.com\/wp-content\/uploads\/2022\/09\/BBTH-ACIK-LOGO-00000002.png\",\"width\":4861,\"height\":2661,\"caption\":\"Blackbird Thermal Hotel & SPA\"},\"image\":{\"@id\":\"https:\/\/www.blackbirdthermal.com\/ru\/#\/schema\/logo\/image\/\"},\"sameAs\":[\"https:\/\/www.facebook.com\/blackbirdthermalhotel\/\",\"https:\/\/www.instagram.com\/blackbirdthermalhotel\/\",\"https:\/\/www.youtube.com\/channel\/UC-3dGStBdsgInCfMTJxOBYg\"]}]}<\/script>\n<!-- \/ Yoast SEO plugin. -->","yoast_head_json":{"title":"Yalova G\u00fcn\u00fcbirlik A\u00e7\u0131k Havuz Kampanyas\u0131 - Blackbird Thermal Hotel &amp; SPA","robots":{"index":"index","follow":"follow","max-snippet":"max-snippet:-1","max-image-preview":"max-image-preview:large","max-video-preview":"max-video-preview:-1"},"canonical":"https:\/\/www.blackbirdthermal.com\/ru\/yalova-gunubirlik-havuz-kampanyasi\/","og_locale":"ru_RU","og_type":"article","og_title":"Yalova G\u00fcn\u00fcbirlik A\u00e7\u0131k Havuz Kampanyas\u0131 - Blackbird Thermal Hotel &amp; SPA","og_description":"\u2744\ufe0f Yalova G\u00fcn\u00fcbirlik A\u00e7\u0131k Havuz ve SPA Keyfi \u015eehirden uzakla\u015fmadan kendinize k\u0131sa ama huzurlu bir mola vermek ister misiniz?Black Bird Termal Otel, sizlere hem a\u00e7\u0131k havuz keyfini hem de termal SPA deneyimini g\u00fcn\u00fcbirlik olarak bir arada sunuyor. Kad\u0131nlara \u00d6zel ve Karma SPA Alanlar\u0131 Yalova\u2019n\u0131n en \u00e7ok tercih edilen termal otellerinden biri olan Black Bird Termal, [&hellip;]","og_url":"https:\/\/www.blackbirdthermal.com\/ru\/yalova-gunubirlik-havuz-kampanyasi\/","og_site_name":"Blackbird Thermal Hotel &amp; SPA","article_publisher":"https:\/\/www.facebook.com\/blackbirdthermalhotel\/","article_modified_time":"2025-10-24T09:35:39+00:00","og_image":[{"width":2048,"height":1208,"url":"https:\/\/www.blackbirdthermal.com\/wp-content\/uploads\/2022\/12\/IMG_9992-1-e1669901430729.jpg","type":"image\/jpeg"}],"twitter_card":"summary_large_image","twitter_misc":{"\u041f\u0440\u0438\u043c\u0435\u0440\u043d\u043e\u0435 \u0432\u0440\u0435\u043c\u044f \u0434\u043b\u044f \u0447\u0442\u0435\u043d\u0438\u044f":"4 \u043c\u0438\u043d\u0443\u0442\u044b"},"schema":{"@context":"https:\/\/schema.org","@graph":[{"@type":"WebPage","@id":"https:\/\/www.blackbirdthermal.com\/ru\/yalova-gunubirlik-havuz-kampanyasi\/","url":"https:\/\/www.blackbirdthermal.com\/ru\/yalova-gunubirlik-havuz-kampanyasi\/","name":"Yalova G\u00fcn\u00fcbirlik A\u00e7\u0131k Havuz Kampanyas\u0131 - Blackbird Thermal Hotel &amp; SPA","isPartOf":{"@id":"https:\/\/www.blackbirdthermal.com\/ru\/#website"},"primaryImageOfPage":{"@id":"https:\/\/www.blackbirdthermal.com\/ru\/yalova-gunubirlik-havuz-kampanyasi\/#primaryimage"},"image":{"@id":"https:\/\/www.blackbirdthermal.com\/ru\/yalova-gunubirlik-havuz-kampanyasi\/#primaryimage"},"thumbnailUrl":"https:\/\/www.blackbirdthermal.com\/wp-content\/uploads\/2022\/12\/IMG_9992-1-e1669901430729.jpg","datePublished":"2025-06-28T15:25:49+00:00","dateModified":"2025-10-24T09:35:39+00:00","breadcrumb":{"@id":"https:\/\/www.blackbirdthermal.com\/ru\/yalova-gunubirlik-havuz-kampanyasi\/#breadcrumb"},"inLanguage":"ru-RU","potentialAction":[{"@type":"ReadAction","target":["https:\/\/www.blackbirdthermal.com\/ru\/yalova-gunubirlik-havuz-kampanyasi\/"]}]},{"@type":"ImageObject","inLanguage":"ru-RU","@id":"https:\/\/www.blackbirdthermal.com\/ru\/yalova-gunubirlik-havuz-kampanyasi\/#primaryimage","url":"https:\/\/www.blackbirdthermal.com\/wp-content\/uploads\/2022\/12\/IMG_9992-1-e1669901430729.jpg","contentUrl":"https:\/\/www.blackbirdthermal.com\/wp-content\/uploads\/2022\/12\/IMG_9992-1-e1669901430729.jpg"},{"@type":"BreadcrumbList","@id":"https:\/\/www.blackbirdthermal.com\/ru\/yalova-gunubirlik-havuz-kampanyasi\/#breadcrumb","itemListElement":[{"@type":"ListItem","position":1,"name":"Anasayfa","item":"https:\/\/www.blackbirdthermal.com\/tr\/"},{"@type":"ListItem","position":2,"name":"Yalova G\u00fcn\u00fcbirlik A\u00e7\u0131k Havuz Kampanyas\u0131"}]},{"@type":"WebSite","@id":"https:\/\/www.blackbirdthermal.com\/ru\/#website","url":"https:\/\/www.blackbirdthermal.com\/ru\/","name":"Blackbird Thermal Hotel & SPA","description":"G\u00f6k\u00e7edere Mah. Atat\u00fcrk Cad. No.30 \/ 1 Termal YALOVA","publisher":{"@id":"https:\/\/www.blackbirdthermal.com\/ru\/#organization"},"potentialAction":[{"@type":"SearchAction","target":{"@type":"EntryPoint","urlTemplate":"https:\/\/www.blackbirdthermal.com\/ru\/?s={search_term_string}"},"query-input":{"@type":"PropertyValueSpecification","valueRequired":true,"valueName":"search_term_string"}}],"inLanguage":"ru-RU"},{"@type":"Organization","@id":"https:\/\/www.blackbirdthermal.com\/ru\/#organization","name":"Blackbird Thermal Hotel & SPA","url":"https:\/\/www.blackbirdthermal.com\/ru\/","logo":{"@type":"ImageObject","inLanguage":"ru-RU","@id":"https:\/\/www.blackbirdthermal.com\/ru\/#\/schema\/logo\/image\/","url":"https:\/\/www.blackbirdthermal.com\/wp-content\/uploads\/2022\/09\/BBTH-ACIK-LOGO-00000002.png","contentUrl":"https:\/\/www.blackbirdthermal.com\/wp-content\/uploads\/2022\/09\/BBTH-ACIK-LOGO-00000002.png","width":4861,"height":2661,"caption":"Blackbird Thermal Hotel & SPA"},"image":{"@id":"https:\/\/www.blackbirdthermal.com\/ru\/#\/schema\/logo\/image\/"},"sameAs":["https:\/\/www.facebook.com\/blackbirdthermalhotel\/","https:\/\/www.instagram.com\/blackbirdthermalhotel\/","https:\/\/www.youtube.com\/channel\/UC-3dGStBdsgInCfMTJxOBYg"]}]}},"_links":{"self":[{"href":"https:\/\/www.blackbirdthermal.com\/ru\/wp-json\/wp\/v2\/pages\/8718","targetHints":{"allow":["GET"]}}],"collection":[{"href":"https:\/\/www.blackbirdthermal.com\/ru\/wp-json\/wp\/v2\/pages"}],"about":[{"href":"https:\/\/www.blackbirdthermal.com\/ru\/wp-json\/wp\/v2\/types\/page"}],"author":[{"embeddable":true,"href":"https:\/\/www.blackbirdthermal.com\/ru\/wp-json\/wp\/v2\/users\/1"}],"replies":[{"embeddable":true,"href":"https:\/\/www.blackbirdthermal.com\/ru\/wp-json\/wp\/v2\/comments?post=8718"}],"version-history":[{"count":7,"href":"https:\/\/www.blackbirdthermal.com\/ru\/wp-json\/wp\/v2\/pages\/8718\/revisions"}],"predecessor-version":[{"id":9039,"href":"https:\/\/www.blackbirdthermal.com\/ru\/wp-json\/wp\/v2\/pages\/8718\/revisions\/9039"}],"wp:attachment":[{"href":"https:\/\/www.blackbirdthermal.com\/ru\/wp-json\/wp\/v2\/media?parent=8718"}],"curies":[{"name":"wp","href":"https:\/\/api.w.org\/{rel}","templated":true}]}}