{"id":3585,"date":"2022-03-01T07:30:37","date_gmt":"2022-03-01T04:30:37","guid":{"rendered":"http:\/\/demo.ovathemes.com\/hotelft\/?page_id=3585"},"modified":"2023-01-13T16:52:32","modified_gmt":"2023-01-13T13:52:32","slug":"lezzetler","status":"publish","type":"page","link":"https:\/\/www.blackbirdthermal.com\/tr\/restaurant\/","title":{"rendered":"Lezzetler"},"content":{"rendered":"\t\t<div data-elementor-type=\"wp-page\" data-elementor-id=\"3585\" class=\"elementor elementor-3585\">\n\t\t\t\t\t\t<section class=\"elementor-section elementor-top-section elementor-element elementor-element-9b8e5da elementor-section-full_width elementor-section-stretched elementor-section-height-default elementor-section-height-default\" data-id=\"9b8e5da\" data-element_type=\"section\" data-e-type=\"section\" data-settings=\"{&quot;stretch_section&quot;:&quot;section-stretched&quot;,&quot;background_background&quot;:&quot;classic&quot;,&quot;ekit_has_onepagescroll_dot&quot;:&quot;yes&quot;}\">\n\t\t\t\t\t\t<div class=\"elementor-container elementor-column-gap-default\">\n\t\t\t\t\t<div class=\"elementor-column elementor-col-100 elementor-top-column elementor-element elementor-element-7298f86\" data-id=\"7298f86\" data-element_type=\"column\" data-e-type=\"column\">\n\t\t\t<div class=\"elementor-widget-wrap elementor-element-populated\">\n\t\t\t\t\t\t<div class=\"elementor-element elementor-element-0c9f6c5 elementor-widget elementor-widget-spacer\" data-id=\"0c9f6c5\" data-element_type=\"widget\" data-e-type=\"widget\" data-settings=\"{&quot;ekit_we_effect_on&quot;:&quot;none&quot;}\" data-widget_type=\"spacer.default\">\n\t\t\t\t\t\t\t<div class=\"elementor-spacer\">\n\t\t\t<div class=\"elementor-spacer-inner\"><\/div>\n\t\t<\/div>\n\t\t\t\t\t\t<\/div>\n\t\t\t\t\t<\/div>\n\t\t<\/div>\n\t\t\t\t\t<\/div>\n\t\t<\/section>\n\t\t\t\t<section class=\"elementor-section elementor-top-section elementor-element elementor-element-a326619 elementor-section-boxed elementor-section-height-default elementor-section-height-default\" data-id=\"a326619\" data-element_type=\"section\" data-e-type=\"section\" data-settings=\"{&quot;ekit_has_onepagescroll_dot&quot;:&quot;yes&quot;}\">\n\t\t\t\t\t\t<div class=\"elementor-container elementor-column-gap-default\">\n\t\t\t\t\t<div class=\"elementor-column elementor-col-100 elementor-top-column elementor-element elementor-element-8f21d2a\" data-id=\"8f21d2a\" data-element_type=\"column\" data-e-type=\"column\">\n\t\t\t<div class=\"elementor-widget-wrap elementor-element-populated\">\n\t\t\t\t\t\t<div class=\"elementor-element elementor-element-c137890 elementor-widget elementor-widget-heading\" data-id=\"c137890\" data-element_type=\"widget\" data-e-type=\"widget\" data-settings=\"{&quot;ekit_we_effect_on&quot;:&quot;none&quot;}\" data-widget_type=\"heading.default\">\n\t\t\t\t\t<h2 class=\"elementor-heading-title elementor-size-default\">Tatilinizi E\u015f\u015fiz Lezzetlerimizle Ta\u00e7land\u0131rman\u0131n Ayr\u0131cal\u0131\u011f\u0131 \u0130le Tan\u0131\u015f\u0131n...<\/h2>\t\t\t\t<\/div>\n\t\t\t\t\t<\/div>\n\t\t<\/div>\n\t\t\t\t\t<\/div>\n\t\t<\/section>\n\t\t\t\t<section class=\"elementor-section elementor-top-section elementor-element elementor-element-59cd8bf elementor-section-boxed elementor-section-height-default elementor-section-height-default\" data-id=\"59cd8bf\" data-element_type=\"section\" data-e-type=\"section\" data-settings=\"{&quot;ekit_has_onepagescroll_dot&quot;:&quot;yes&quot;}\">\n\t\t\t\t\t\t<div class=\"elementor-container elementor-column-gap-default\">\n\t\t\t\t\t<div class=\"elementor-column elementor-col-33 elementor-top-column elementor-element elementor-element-0bbfcb1\" data-id=\"0bbfcb1\" data-element_type=\"column\" data-e-type=\"column\">\n\t\t\t<div class=\"elementor-widget-wrap elementor-element-populated\">\n\t\t\t\t\t\t<div class=\"elementor-element elementor-element-b03741c elementor-widget elementor-widget-image\" data-id=\"b03741c\" data-element_type=\"widget\" data-e-type=\"widget\" data-settings=\"{&quot;ekit_we_effect_on&quot;:&quot;none&quot;}\" data-widget_type=\"image.default\">\n\t\t\t\t\t\t\t\t\t\t\t\t\t\t\t<img decoding=\"async\" src=\"https:\/\/www.blackbirdthermal.com\/wp-content\/uploads\/2022\/12\/WhatsApp-Image-2022-12-02-at-15.48.53-660x450.jpeg\" title=\"WhatsApp Image 2022-12-02 at 15.48.53\" alt=\"WhatsApp Image 2022-12-02 at 15.48.53\" loading=\"lazy\" \/>\t\t\t\t\t\t\t\t\t\t\t\t\t\t\t<\/div>\n\t\t\t\t<section class=\"elementor-section elementor-inner-section elementor-element elementor-element-b4797e8 elementor-section-boxed elementor-section-height-default elementor-section-height-default\" data-id=\"b4797e8\" data-element_type=\"section\" data-e-type=\"section\" data-settings=\"{&quot;background_background&quot;:&quot;classic&quot;,&quot;ekit_has_onepagescroll_dot&quot;:&quot;yes&quot;}\">\n\t\t\t\t\t\t<div class=\"elementor-container elementor-column-gap-default\">\n\t\t\t\t\t<div class=\"elementor-column elementor-col-100 elementor-inner-column elementor-element elementor-element-29b4291\" data-id=\"29b4291\" data-element_type=\"column\" data-e-type=\"column\" data-settings=\"{&quot;background_background&quot;:&quot;classic&quot;}\">\n\t\t\t<div class=\"elementor-widget-wrap elementor-element-populated\">\n\t\t\t\t\t\t<div class=\"elementor-element elementor-element-aab59fc elementor-widget elementor-widget-heading\" data-id=\"aab59fc\" data-element_type=\"widget\" data-e-type=\"widget\" data-settings=\"{&quot;ekit_we_effect_on&quot;:&quot;none&quot;}\" data-widget_type=\"heading.default\">\n\t\t\t\t\t<h2 class=\"elementor-heading-title elementor-size-default\">Elite Restaurant\u200b<\/h2>\t\t\t\t<\/div>\n\t\t\t\t<div class=\"elementor-element elementor-element-7eb2a2a elementor-align-left elementor-widget elementor-widget-elementskit-button\" data-id=\"7eb2a2a\" data-element_type=\"widget\" data-e-type=\"widget\" data-settings=\"{&quot;ekit_we_effect_on&quot;:&quot;none&quot;}\" data-widget_type=\"elementskit-button.default\">\n\t\t\t\t\t<div class=\"ekit-wid-con\" >\t\t<div class=\"ekit-btn-wraper\">\n\t\t\t\t\t\t\t<a href=\"https:\/\/www.blackbirdthermal.com\/elite-restaurant\/\" class=\"elementskit-btn  whitespace--normal\" id=\"\">\n\t\t\t\t\tDETAY<i class=\"icon icon-right-arrow\"><\/i>\t\t\t\t<\/a>\n\t\t\t\t\t<\/div>\n        <\/div>\t\t\t\t<\/div>\n\t\t\t\t\t<\/div>\n\t\t<\/div>\n\t\t\t\t\t<\/div>\n\t\t<\/section>\n\t\t\t\t\t<\/div>\n\t\t<\/div>\n\t\t\t\t<div class=\"elementor-column elementor-col-33 elementor-top-column elementor-element elementor-element-127e876\" data-id=\"127e876\" data-element_type=\"column\" data-e-type=\"column\">\n\t\t\t<div class=\"elementor-widget-wrap elementor-element-populated\">\n\t\t\t\t\t\t<div class=\"elementor-element elementor-element-3f99b8e elementor-widget elementor-widget-image\" data-id=\"3f99b8e\" data-element_type=\"widget\" data-e-type=\"widget\" data-settings=\"{&quot;ekit_we_effect_on&quot;:&quot;none&quot;}\" data-widget_type=\"image.default\">\n\t\t\t\t\t\t\t\t\t\t\t\t\t\t\t<img decoding=\"async\" src=\"https:\/\/www.blackbirdthermal.com\/wp-content\/uploads\/2022\/12\/WhatsApp-Image-2022-12-02-at-16.14.49-660x450.jpeg\" title=\"WhatsApp Image 2022-12-02 at 16.14.49\" alt=\"WhatsApp Image 2022-12-02 at 16.14.49\" loading=\"lazy\" \/>\t\t\t\t\t\t\t\t\t\t\t\t\t\t\t<\/div>\n\t\t\t\t<section class=\"elementor-section elementor-inner-section elementor-element elementor-element-e0b14fe elementor-section-boxed elementor-section-height-default elementor-section-height-default\" data-id=\"e0b14fe\" data-element_type=\"section\" data-e-type=\"section\" data-settings=\"{&quot;background_background&quot;:&quot;classic&quot;,&quot;ekit_has_onepagescroll_dot&quot;:&quot;yes&quot;}\">\n\t\t\t\t\t\t<div class=\"elementor-container elementor-column-gap-default\">\n\t\t\t\t\t<div class=\"elementor-column elementor-col-100 elementor-inner-column elementor-element elementor-element-29b1f6e\" data-id=\"29b1f6e\" data-element_type=\"column\" data-e-type=\"column\" data-settings=\"{&quot;background_background&quot;:&quot;classic&quot;}\">\n\t\t\t<div class=\"elementor-widget-wrap elementor-element-populated\">\n\t\t\t\t\t\t<div class=\"elementor-element elementor-element-fc5fdf4 elementor-widget elementor-widget-heading\" data-id=\"fc5fdf4\" data-element_type=\"widget\" data-e-type=\"widget\" data-settings=\"{&quot;ekit_we_effect_on&quot;:&quot;none&quot;}\" data-widget_type=\"heading.default\">\n\t\t\t\t\t<h2 class=\"elementor-heading-title elementor-size-default\">Black Roof\u200b<\/h2>\t\t\t\t<\/div>\n\t\t\t\t<div class=\"elementor-element elementor-element-06c98df elementor-align-left elementor-widget elementor-widget-elementskit-button\" data-id=\"06c98df\" data-element_type=\"widget\" data-e-type=\"widget\" data-settings=\"{&quot;ekit_we_effect_on&quot;:&quot;none&quot;}\" data-widget_type=\"elementskit-button.default\">\n\t\t\t\t\t<div class=\"ekit-wid-con\" >\t\t<div class=\"ekit-btn-wraper\">\n\t\t\t\t\t\t\t<a href=\"https:\/\/www.blackbirdthermal.com\/black-roof-aktivite\/\" class=\"elementskit-btn  whitespace--normal\" id=\"\">\n\t\t\t\t\tDETAY<i class=\"icon icon-right-arrow\"><\/i>\t\t\t\t<\/a>\n\t\t\t\t\t<\/div>\n        <\/div>\t\t\t\t<\/div>\n\t\t\t\t\t<\/div>\n\t\t<\/div>\n\t\t\t\t\t<\/div>\n\t\t<\/section>\n\t\t\t\t\t<\/div>\n\t\t<\/div>\n\t\t\t\t<div class=\"elementor-column elementor-col-33 elementor-top-column elementor-element elementor-element-57b40ce\" data-id=\"57b40ce\" data-element_type=\"column\" data-e-type=\"column\">\n\t\t\t<div class=\"elementor-widget-wrap elementor-element-populated\">\n\t\t\t\t\t\t<div class=\"elementor-element elementor-element-571ccd3 elementor-widget elementor-widget-image\" data-id=\"571ccd3\" data-element_type=\"widget\" data-e-type=\"widget\" data-settings=\"{&quot;ekit_we_effect_on&quot;:&quot;none&quot;}\" data-widget_type=\"image.default\">\n\t\t\t\t\t\t\t\t\t\t\t\t\t\t\t<img decoding=\"async\" src=\"https:\/\/www.blackbirdthermal.com\/wp-content\/uploads\/2022\/12\/WhatsApp-Image-2022-12-02-at-15.51.27-660x450.jpeg\" title=\"WhatsApp Image 2022-12-02 at 15.51.27\" alt=\"WhatsApp Image 2022-12-02 at 15.51.27\" loading=\"lazy\" \/>\t\t\t\t\t\t\t\t\t\t\t\t\t\t\t<\/div>\n\t\t\t\t<section class=\"elementor-section elementor-inner-section elementor-element elementor-element-bbf5bc3 elementor-section-boxed elementor-section-height-default elementor-section-height-default\" data-id=\"bbf5bc3\" data-element_type=\"section\" data-e-type=\"section\" data-settings=\"{&quot;background_background&quot;:&quot;classic&quot;,&quot;ekit_has_onepagescroll_dot&quot;:&quot;yes&quot;}\">\n\t\t\t\t\t\t<div class=\"elementor-container elementor-column-gap-default\">\n\t\t\t\t\t<div class=\"elementor-column elementor-col-100 elementor-inner-column elementor-element elementor-element-80f0db6\" data-id=\"80f0db6\" data-element_type=\"column\" data-e-type=\"column\" data-settings=\"{&quot;background_background&quot;:&quot;classic&quot;}\">\n\t\t\t<div class=\"elementor-widget-wrap elementor-element-populated\">\n\t\t\t\t\t\t<div class=\"elementor-element elementor-element-b0a0c29 elementor-widget elementor-widget-heading\" data-id=\"b0a0c29\" data-element_type=\"widget\" data-e-type=\"widget\" data-settings=\"{&quot;ekit_we_effect_on&quot;:&quot;none&quot;}\" data-widget_type=\"heading.default\">\n\t\t\t\t\t<h2 class=\"elementor-heading-title elementor-size-default\">Royal Patisserie\u200b<\/h2>\t\t\t\t<\/div>\n\t\t\t\t<div class=\"elementor-element elementor-element-2298af2 elementor-align-left elementor-widget elementor-widget-elementskit-button\" data-id=\"2298af2\" data-element_type=\"widget\" data-e-type=\"widget\" data-settings=\"{&quot;ekit_we_effect_on&quot;:&quot;none&quot;}\" data-widget_type=\"elementskit-button.default\">\n\t\t\t\t\t<div class=\"ekit-wid-con\" >\t\t<div class=\"ekit-btn-wraper\">\n\t\t\t\t\t\t\t<a href=\"https:\/\/www.blackbirdthermal.com\/royal-patisserie\/\" class=\"elementskit-btn  whitespace--normal\" id=\"\">\n\t\t\t\t\tDETAY<i class=\"icon icon-right-arrow\"><\/i>\t\t\t\t<\/a>\n\t\t\t\t\t<\/div>\n        <\/div>\t\t\t\t<\/div>\n\t\t\t\t\t<\/div>\n\t\t<\/div>\n\t\t\t\t\t<\/div>\n\t\t<\/section>\n\t\t\t\t\t<\/div>\n\t\t<\/div>\n\t\t\t\t\t<\/div>\n\t\t<\/section>\n\t\t\t\t<\/div>\n\t\t","protected":false},"excerpt":{"rendered":"<p>Tatilinizi E\u015f\u015fiz Lezzetlerimizle Ta\u00e7land\u0131rman\u0131n Ayr\u0131cal\u0131\u011f\u0131 \u0130le Tan\u0131\u015f\u0131n&#8230; Elite Restaurant\u200b DETAY Black Roof\u200b DETAY Royal Patisserie\u200b DETAY<\/p>\n","protected":false},"author":1,"featured_media":0,"parent":0,"menu_order":0,"comment_status":"closed","ping_status":"closed","template":"elementor_header_footer","meta":{"two_page_speed":[],"footnotes":""},"class_list":["post-3585","page","type-page","status-publish","hentry"],"yoast_head":"<!-- This site is optimized with the Yoast SEO plugin v27.0 - https:\/\/yoast.com\/product\/yoast-seo-wordpress\/ -->\n<title>Lezzetler - Blackbird Thermal Hotel &amp; SPA<\/title>\n<meta name=\"robots\" content=\"index, follow, max-snippet:-1, max-image-preview:large, max-video-preview:-1\" \/>\n<link rel=\"canonical\" href=\"https:\/\/www.blackbirdthermal.com\/tr\/restaurant\/\" \/>\n<meta property=\"og:locale\" content=\"tr_TR\" \/>\n<meta property=\"og:type\" content=\"article\" \/>\n<meta property=\"og:title\" content=\"Lezzetler - Blackbird Thermal Hotel &amp; SPA\" \/>\n<meta property=\"og:description\" content=\"Tatilinizi E\u015f\u015fiz Lezzetlerimizle Ta\u00e7land\u0131rman\u0131n Ayr\u0131cal\u0131\u011f\u0131 \u0130le Tan\u0131\u015f\u0131n&#8230; Elite Restaurant\u200b DETAY Black Roof\u200b DETAY Royal Patisserie\u200b DETAY\" \/>\n<meta property=\"og:url\" content=\"https:\/\/www.blackbirdthermal.com\/tr\/restaurant\/\" \/>\n<meta property=\"og:site_name\" content=\"Blackbird Thermal Hotel &amp; SPA\" \/>\n<meta property=\"article:publisher\" content=\"https:\/\/www.facebook.com\/blackbirdthermalhotel\/\" \/>\n<meta property=\"article:modified_time\" content=\"2023-01-13T13:52:32+00:00\" \/>\n<meta property=\"og:image\" content=\"https:\/\/www.blackbirdthermal.com\/wp-content\/uploads\/2022\/12\/WhatsApp-Image-2022-12-02-at-15.48.53-660x450.jpeg\" \/>\n<meta name=\"twitter:card\" content=\"summary_large_image\" \/>\n<script type=\"application\/ld+json\" class=\"yoast-schema-graph\">{\"@context\":\"https:\/\/schema.org\",\"@graph\":[{\"@type\":\"WebPage\",\"@id\":\"https:\/\/www.blackbirdthermal.com\/tr\/restaurant\/\",\"url\":\"https:\/\/www.blackbirdthermal.com\/tr\/restaurant\/\",\"name\":\"Lezzetler - Blackbird Thermal Hotel &amp; SPA\",\"isPartOf\":{\"@id\":\"https:\/\/www.blackbirdthermal.com\/tr\/#website\"},\"primaryImageOfPage\":{\"@id\":\"https:\/\/www.blackbirdthermal.com\/tr\/restaurant\/#primaryimage\"},\"image\":{\"@id\":\"https:\/\/www.blackbirdthermal.com\/tr\/restaurant\/#primaryimage\"},\"thumbnailUrl\":\"https:\/\/www.blackbirdthermal.com\/wp-content\/uploads\/2022\/12\/WhatsApp-Image-2022-12-02-at-15.48.53-660x450.jpeg\",\"datePublished\":\"2022-03-01T04:30:37+00:00\",\"dateModified\":\"2023-01-13T13:52:32+00:00\",\"breadcrumb\":{\"@id\":\"https:\/\/www.blackbirdthermal.com\/tr\/restaurant\/#breadcrumb\"},\"inLanguage\":\"tr\",\"potentialAction\":[{\"@type\":\"ReadAction\",\"target\":[\"https:\/\/www.blackbirdthermal.com\/tr\/restaurant\/\"]}]},{\"@type\":\"ImageObject\",\"inLanguage\":\"tr\",\"@id\":\"https:\/\/www.blackbirdthermal.com\/tr\/restaurant\/#primaryimage\",\"url\":\"https:\/\/www.blackbirdthermal.com\/wp-content\/uploads\/2022\/12\/WhatsApp-Image-2022-12-02-at-15.48.53-660x450.jpeg\",\"contentUrl\":\"https:\/\/www.blackbirdthermal.com\/wp-content\/uploads\/2022\/12\/WhatsApp-Image-2022-12-02-at-15.48.53-660x450.jpeg\"},{\"@type\":\"BreadcrumbList\",\"@id\":\"https:\/\/www.blackbirdthermal.com\/tr\/restaurant\/#breadcrumb\",\"itemListElement\":[{\"@type\":\"ListItem\",\"position\":1,\"name\":\"Anasayfa\",\"item\":\"https:\/\/www.blackbirdthermal.com\/tr\/\"},{\"@type\":\"ListItem\",\"position\":2,\"name\":\"Lezzetler\"}]},{\"@type\":\"WebSite\",\"@id\":\"https:\/\/www.blackbirdthermal.com\/tr\/#website\",\"url\":\"https:\/\/www.blackbirdthermal.com\/tr\/\",\"name\":\"Blackbird Thermal Hotel & SPA\",\"description\":\"G\u00f6k\u00e7edere Mah. Atat\u00fcrk Cad. No.30 \/ 1 Termal YALOVA\",\"publisher\":{\"@id\":\"https:\/\/www.blackbirdthermal.com\/tr\/#organization\"},\"potentialAction\":[{\"@type\":\"SearchAction\",\"target\":{\"@type\":\"EntryPoint\",\"urlTemplate\":\"https:\/\/www.blackbirdthermal.com\/tr\/?s={search_term_string}\"},\"query-input\":{\"@type\":\"PropertyValueSpecification\",\"valueRequired\":true,\"valueName\":\"search_term_string\"}}],\"inLanguage\":\"tr\"},{\"@type\":\"Organization\",\"@id\":\"https:\/\/www.blackbirdthermal.com\/tr\/#organization\",\"name\":\"Blackbird Thermal Hotel & SPA\",\"url\":\"https:\/\/www.blackbirdthermal.com\/tr\/\",\"logo\":{\"@type\":\"ImageObject\",\"inLanguage\":\"tr\",\"@id\":\"https:\/\/www.blackbirdthermal.com\/tr\/#\/schema\/logo\/image\/\",\"url\":\"https:\/\/www.blackbirdthermal.com\/wp-content\/uploads\/2022\/09\/BBTH-ACIK-LOGO-00000002.png\",\"contentUrl\":\"https:\/\/www.blackbirdthermal.com\/wp-content\/uploads\/2022\/09\/BBTH-ACIK-LOGO-00000002.png\",\"width\":4861,\"height\":2661,\"caption\":\"Blackbird Thermal Hotel & SPA\"},\"image\":{\"@id\":\"https:\/\/www.blackbirdthermal.com\/tr\/#\/schema\/logo\/image\/\"},\"sameAs\":[\"https:\/\/www.facebook.com\/blackbirdthermalhotel\/\",\"https:\/\/www.instagram.com\/blackbirdthermalhotel\/\",\"https:\/\/www.youtube.com\/channel\/UC-3dGStBdsgInCfMTJxOBYg\"]}]}<\/script>\n<!-- \/ Yoast SEO plugin. -->","yoast_head_json":{"title":"Lezzetler - Blackbird Thermal Hotel &amp; SPA","robots":{"index":"index","follow":"follow","max-snippet":"max-snippet:-1","max-image-preview":"max-image-preview:large","max-video-preview":"max-video-preview:-1"},"canonical":"https:\/\/www.blackbirdthermal.com\/tr\/restaurant\/","og_locale":"tr_TR","og_type":"article","og_title":"Lezzetler - Blackbird Thermal Hotel &amp; SPA","og_description":"Tatilinizi E\u015f\u015fiz Lezzetlerimizle Ta\u00e7land\u0131rman\u0131n Ayr\u0131cal\u0131\u011f\u0131 \u0130le Tan\u0131\u015f\u0131n&#8230; Elite Restaurant\u200b DETAY Black Roof\u200b DETAY Royal Patisserie\u200b DETAY","og_url":"https:\/\/www.blackbirdthermal.com\/tr\/restaurant\/","og_site_name":"Blackbird Thermal Hotel &amp; SPA","article_publisher":"https:\/\/www.facebook.com\/blackbirdthermalhotel\/","article_modified_time":"2023-01-13T13:52:32+00:00","og_image":[{"url":"https:\/\/www.blackbirdthermal.com\/wp-content\/uploads\/2022\/12\/WhatsApp-Image-2022-12-02-at-15.48.53-660x450.jpeg","type":"","width":"","height":""}],"twitter_card":"summary_large_image","schema":{"@context":"https:\/\/schema.org","@graph":[{"@type":"WebPage","@id":"https:\/\/www.blackbirdthermal.com\/tr\/restaurant\/","url":"https:\/\/www.blackbirdthermal.com\/tr\/restaurant\/","name":"Lezzetler - Blackbird Thermal Hotel &amp; SPA","isPartOf":{"@id":"https:\/\/www.blackbirdthermal.com\/tr\/#website"},"primaryImageOfPage":{"@id":"https:\/\/www.blackbirdthermal.com\/tr\/restaurant\/#primaryimage"},"image":{"@id":"https:\/\/www.blackbirdthermal.com\/tr\/restaurant\/#primaryimage"},"thumbnailUrl":"https:\/\/www.blackbirdthermal.com\/wp-content\/uploads\/2022\/12\/WhatsApp-Image-2022-12-02-at-15.48.53-660x450.jpeg","datePublished":"2022-03-01T04:30:37+00:00","dateModified":"2023-01-13T13:52:32+00:00","breadcrumb":{"@id":"https:\/\/www.blackbirdthermal.com\/tr\/restaurant\/#breadcrumb"},"inLanguage":"tr","potentialAction":[{"@type":"ReadAction","target":["https:\/\/www.blackbirdthermal.com\/tr\/restaurant\/"]}]},{"@type":"ImageObject","inLanguage":"tr","@id":"https:\/\/www.blackbirdthermal.com\/tr\/restaurant\/#primaryimage","url":"https:\/\/www.blackbirdthermal.com\/wp-content\/uploads\/2022\/12\/WhatsApp-Image-2022-12-02-at-15.48.53-660x450.jpeg","contentUrl":"https:\/\/www.blackbirdthermal.com\/wp-content\/uploads\/2022\/12\/WhatsApp-Image-2022-12-02-at-15.48.53-660x450.jpeg"},{"@type":"BreadcrumbList","@id":"https:\/\/www.blackbirdthermal.com\/tr\/restaurant\/#breadcrumb","itemListElement":[{"@type":"ListItem","position":1,"name":"Anasayfa","item":"https:\/\/www.blackbirdthermal.com\/tr\/"},{"@type":"ListItem","position":2,"name":"Lezzetler"}]},{"@type":"WebSite","@id":"https:\/\/www.blackbirdthermal.com\/tr\/#website","url":"https:\/\/www.blackbirdthermal.com\/tr\/","name":"Blackbird Thermal Hotel & SPA","description":"G\u00f6k\u00e7edere Mah. Atat\u00fcrk Cad. No.30 \/ 1 Termal YALOVA","publisher":{"@id":"https:\/\/www.blackbirdthermal.com\/tr\/#organization"},"potentialAction":[{"@type":"SearchAction","target":{"@type":"EntryPoint","urlTemplate":"https:\/\/www.blackbirdthermal.com\/tr\/?s={search_term_string}"},"query-input":{"@type":"PropertyValueSpecification","valueRequired":true,"valueName":"search_term_string"}}],"inLanguage":"tr"},{"@type":"Organization","@id":"https:\/\/www.blackbirdthermal.com\/tr\/#organization","name":"Blackbird Thermal Hotel & SPA","url":"https:\/\/www.blackbirdthermal.com\/tr\/","logo":{"@type":"ImageObject","inLanguage":"tr","@id":"https:\/\/www.blackbirdthermal.com\/tr\/#\/schema\/logo\/image\/","url":"https:\/\/www.blackbirdthermal.com\/wp-content\/uploads\/2022\/09\/BBTH-ACIK-LOGO-00000002.png","contentUrl":"https:\/\/www.blackbirdthermal.com\/wp-content\/uploads\/2022\/09\/BBTH-ACIK-LOGO-00000002.png","width":4861,"height":2661,"caption":"Blackbird Thermal Hotel & SPA"},"image":{"@id":"https:\/\/www.blackbirdthermal.com\/tr\/#\/schema\/logo\/image\/"},"sameAs":["https:\/\/www.facebook.com\/blackbirdthermalhotel\/","https:\/\/www.instagram.com\/blackbirdthermalhotel\/","https:\/\/www.youtube.com\/channel\/UC-3dGStBdsgInCfMTJxOBYg"]}]}},"_links":{"self":[{"href":"https:\/\/www.blackbirdthermal.com\/tr\/wp-json\/wp\/v2\/pages\/3585","targetHints":{"allow":["GET"]}}],"collection":[{"href":"https:\/\/www.blackbirdthermal.com\/tr\/wp-json\/wp\/v2\/pages"}],"about":[{"href":"https:\/\/www.blackbirdthermal.com\/tr\/wp-json\/wp\/v2\/types\/page"}],"author":[{"embeddable":true,"href":"https:\/\/www.blackbirdthermal.com\/tr\/wp-json\/wp\/v2\/users\/1"}],"replies":[{"embeddable":true,"href":"https:\/\/www.blackbirdthermal.com\/tr\/wp-json\/wp\/v2\/comments?post=3585"}],"version-history":[{"count":0,"href":"https:\/\/www.blackbirdthermal.com\/tr\/wp-json\/wp\/v2\/pages\/3585\/revisions"}],"wp:attachment":[{"href":"https:\/\/www.blackbirdthermal.com\/tr\/wp-json\/wp\/v2\/media?parent=3585"}],"curies":[{"name":"wp","href":"https:\/\/api.w.org\/{rel}","templated":true}]}}