{"id":3598,"date":"2022-03-01T07:49:10","date_gmt":"2022-03-01T04:49:10","guid":{"rendered":"http:\/\/demo.ovathemes.com\/hotelft\/?page_id=3598"},"modified":"2022-12-16T13:01:33","modified_gmt":"2022-12-16T10:01:33","slug":"havuz","status":"publish","type":"page","link":"https:\/\/www.blackbirdthermal.com\/tr\/havuz\/","title":{"rendered":"Havuz"},"content":{"rendered":"\t\t<div data-elementor-type=\"wp-page\" data-elementor-id=\"3598\" class=\"elementor elementor-3598\">\n\t\t\t\t\t\t<section class=\"elementor-section elementor-top-section elementor-element elementor-element-6b0f862 elementor-section-boxed elementor-section-height-default elementor-section-height-default\" data-id=\"6b0f862\" data-element_type=\"section\" data-e-type=\"section\" data-settings=\"{&quot;ekit_has_onepagescroll_dot&quot;:&quot;yes&quot;}\">\n\t\t\t\t\t\t<div class=\"elementor-container elementor-column-gap-default\">\n\t\t\t\t\t<div class=\"elementor-column elementor-col-100 elementor-top-column elementor-element elementor-element-5ffbd3b\" data-id=\"5ffbd3b\" data-element_type=\"column\" data-e-type=\"column\">\n\t\t\t<div class=\"elementor-widget-wrap elementor-element-populated\">\n\t\t\t\t\t\t<div class=\"elementor-element elementor-element-db63de1 elementor-widget elementor-widget-heading\" data-id=\"db63de1\" data-element_type=\"widget\" data-e-type=\"widget\" data-settings=\"{&quot;ekit_we_effect_on&quot;:&quot;none&quot;}\" data-widget_type=\"heading.default\">\n\t\t\t\t\t<h2 class=\"elementor-heading-title elementor-size-default\">Termal Havuz<\/h2>\t\t\t\t<\/div>\n\t\t\t\t<div class=\"elementor-element elementor-element-5554af9 elementor-widget elementor-widget-text-editor\" data-id=\"5554af9\" data-element_type=\"widget\" data-e-type=\"widget\" data-settings=\"{&quot;ekit_we_effect_on&quot;:&quot;none&quot;}\" data-widget_type=\"text-editor.default\">\n\t\t\t\t\t\t\t\t\t<div id=\"collapseTwo1\" class=\"collapse show\" aria-labelledby=\"headingTwo1\" data-parent=\"#accordionExample\">\n<div class=\"card-body\">\n<p style=\"text-align: left;\">T\u0131pta \u2018termomineral sular\u2019 olarak adland\u0131r\u0131lan termal suyun kapl\u0131cada kullan\u0131labilmesi i\u00e7in o suyun yeralt\u0131ndan \u00e7\u0131kan do\u011fal termal su olmas\u0131, s\u0131cakl\u0131\u011f\u0131n\u0131n 20 derece \u00fczerinde bulunmas\u0131,litresinde ise en az 1 gram mineral bulunmas\u0131 gerekmektedir.Yurdumuzda y\u0131lda en az 10 milyon ki\u015fi kapl\u0131calara \u015fifa bulmaya gitmektedir. Uzmanlar, ister m\u00fczmin bir rahats\u0131zl\u0131\u011f\u0131 olsun,isterse sa\u011fl\u0131kl\u0131 herkesin hastal\u0131k durumlar\u0131nda tedaviyi g\u00fc\u00e7lendirmek i\u00e7in y\u0131lda bir kez kapl\u0131ca k\u00fcr\u00fc almas\u0131n\u0131 \u00f6nermektedirler.<\/p>\n<p style=\"text-align: left;\"><b>Kapl\u0131calar\u0131n tedavi maksatl\u0131 olarak \u00f6nerildi\u011fi hastal\u0131klar:<\/b><\/p>\n<p style=\"text-align: left;\">Solunum sistemi hastal\u0131klar\u0131: Astma bron\u015fiyal, kronik bron\u015fit, alerjik \u00fcst solunum yollar\u0131 hastal\u0131klar\u0131, pn\u00f6mokonyoz.<br>Cilt hastal\u0131klar\u0131: Egzama, akne, sedef hastal\u0131\u011f\u0131.<br>Kas iskelet sistemi hastal\u0131klar\u0131: Eklem hastal\u0131klar\u0131, kire\u00e7lenmeler, yumu\u015fak doku romatizmalar\u0131, baz\u0131 romatizmal hastal\u0131klar, yaralanmalar sonras\u0131 olu\u015fan hasarlar\u0131n tedavisi.<br>Kalp dola\u015f\u0131m sistemi hastal\u0131klar\u0131: Kalp yetmezli\u011fi, dola\u015f\u0131m bozuklu\u011fu, hipertansiyon, arter hastal\u0131klar\u0131.<br>Mide ba\u011f\u0131rsak hastal\u0131klar\u0131: Mide hastal\u0131klar\u0131, \u015feker hastal\u0131\u011f\u0131 (diyabet), \u015fi\u015fmanl\u0131k (obezite), gut, karaci\u011fer yetmezli\u011fi tedavisi.<br>B\u00f6brek ve idrar yollar\u0131 hastal\u0131klar\u0131: Kronik sistit, kronik b\u00f6brek ta\u015flar\u0131, fonksiyonel yetmezlik.<br>Kad\u0131n do\u011fum hastal\u0131klar\u0131: Genital organ\u0131n kronik hastal\u0131klar\u0131, k\u0131s\u0131rl\u0131k, ameliyat sonras\u0131 hastal\u0131klar, a\u011fr\u0131l\u0131 ve zor adet g\u00f6rme, genital ak\u0131nt\u0131.<\/p>\n<p style=\"text-align: left;\">Ar\u0131nma ve temizlenmeyle birlikte b\u00fcnyenin g\u00fc\u00e7lenmesi, dolay\u0131s\u0131yla ki\u015filerin hastal\u0131klar\u0131n\u0131n k\u00f6t\u00fcle\u015ftirici etkilerini \u00fczerlerinden atmalar\u0131 nedeniyle kapl\u0131ca son d\u00f6nemde \u2018detox\u2019 olarak da tan\u0131mlanmaktad\u0131r.Ayr\u0131ca kapl\u0131ca tedavisi almak i\u00e7in belirli bir ya\u015f s\u0131n\u0131r\u0131n\u0131n olmamas\u0131na dikkat \u00e7eken uzmanlar ileri ya\u015ftakiler ve \u00e7ocuklar\u0131n da kapl\u0131calardan rahatl\u0131kla k\u00fcr uygulamas\u0131 alabilece\u011fini belirtmektedirler.<\/p>\n<p style=\"text-align: left;\">\u00c7ocuklarda saman nezlesi, ast\u0131m gibi \u00fcst solunum yolu rahats\u0131zl\u0131klar\u0131nda kapl\u0131ca k\u00fcrlerinden yararlan\u0131lmakta iken ya\u015fl\u0131larda ya\u015fl\u0131l\u0131kla birlikte ortaya \u00e7\u0131kan bir\u00e7ok kronik rahats\u0131zl\u0131kta, \u00f6rne\u011fin hipertansiyon, kroner kalp hastal\u0131\u011f\u0131, diyabet (\u015feker hastal\u0131\u011f\u0131), kronik akci\u011fer hastal\u0131\u011f\u0131 gibi durumlarda kapl\u0131ca k\u00fcrlerinin olumlu etkileri kan\u0131tlanm\u0131\u015ft\u0131r. Hastal\u0131klar\u0131n \u00e7e\u015fidine g\u00f6re uygun kapl\u0131ca suyunun se\u00e7imi, yararlanma teknikleri ve s\u00fcreleri bir uzman tavsiyesiyle yap\u0131lmal\u0131d\u0131r.<\/p>\n<p style=\"text-align: left;\">Kapl\u0131ca k\u00fcr uygulamas\u0131 bir uyar\u0131 ve uyum tedavisi oldu\u011fundan belirli bir zaman aral\u0131\u011f\u0131nda ger\u00e7ekle\u015ftirilir ki bu s\u00fcre genelde en az 10 g\u00fcn, en uygunu 15 g\u00fcnd\u00fcr. Yine kapl\u0131calardaki ideal su s\u0131cakl\u0131\u011f\u0131 36-38 derecedir.<\/p>\n<\/div>\n<\/div>\t\t\t\t\t\t\t\t<\/div>\n\t\t\t\t\t<\/div>\n\t\t<\/div>\n\t\t\t\t\t<\/div>\n\t\t<\/section>\n\t\t\t\t<section class=\"elementor-section elementor-top-section elementor-element elementor-element-565474a elementor-section-boxed elementor-section-height-default elementor-section-height-default\" data-id=\"565474a\" data-element_type=\"section\" data-e-type=\"section\" data-settings=\"{&quot;ekit_has_onepagescroll_dot&quot;:&quot;yes&quot;}\">\n\t\t\t\t\t\t<div class=\"elementor-container elementor-column-gap-default\">\n\t\t\t\t\t<div class=\"elementor-column elementor-col-100 elementor-top-column elementor-element elementor-element-6b985f4\" data-id=\"6b985f4\" data-element_type=\"column\" data-e-type=\"column\">\n\t\t\t<div class=\"elementor-widget-wrap elementor-element-populated\">\n\t\t\t\t\t\t<div class=\"elementor-element elementor-element-a457561 elementor-widget elementor-widget-gallery\" data-id=\"a457561\" data-element_type=\"widget\" data-e-type=\"widget\" data-settings=\"{&quot;columns_mobile&quot;:2,&quot;lazyload&quot;:&quot;yes&quot;,&quot;gallery_layout&quot;:&quot;grid&quot;,&quot;columns&quot;:4,&quot;columns_tablet&quot;:2,&quot;gap&quot;:{&quot;unit&quot;:&quot;px&quot;,&quot;size&quot;:10,&quot;sizes&quot;:[]},&quot;gap_tablet&quot;:{&quot;unit&quot;:&quot;px&quot;,&quot;size&quot;:10,&quot;sizes&quot;:[]},&quot;gap_mobile&quot;:{&quot;unit&quot;:&quot;px&quot;,&quot;size&quot;:10,&quot;sizes&quot;:[]},&quot;link_to&quot;:&quot;file&quot;,&quot;aspect_ratio&quot;:&quot;3:2&quot;,&quot;overlay_background&quot;:&quot;yes&quot;,&quot;content_hover_animation&quot;:&quot;fade-in&quot;,&quot;ekit_we_effect_on&quot;:&quot;none&quot;}\" data-widget_type=\"gallery.default\">\n\t\t\t\t<div class=\"elementor-widget-container\">\n\t\t\t\t\t\t\t<div class=\"elementor-gallery__container\">\n\t\t\t\t\t\t\t<a class=\"e-gallery-item elementor-gallery-item elementor-animated-content\" href=\"https:\/\/www.blackbirdthermal.com\/wp-content\/uploads\/2022\/12\/Blackbird_Termal_565.jpg\" data-elementor-open-lightbox=\"yes\" data-elementor-lightbox-slideshow=\"all-a457561\" data-elementor-lightbox-title=\"Blackbird_Termal_565\" data-e-action-hash=\"#elementor-action%3Aaction%3Dlightbox%26settings%3DeyJpZCI6NTg4MCwidXJsIjoiaHR0cHM6XC9cL3d3dy5ibGFja2JpcmR0aGVybWFsLmNvbVwvd3AtY29udGVudFwvdXBsb2Fkc1wvMjAyMlwvMTJcL0JsYWNrYmlyZF9UZXJtYWxfNTY1LmpwZyIsInNsaWRlc2hvdyI6ImFsbC1hNDU3NTYxIn0%3D\">\n\t\t\t\t\t<div class=\"e-gallery-image elementor-gallery-item__image\" data-thumbnail=\"https:\/\/www.blackbirdthermal.com\/wp-content\/uploads\/2022\/12\/Blackbird_Termal_565-300x200.jpg\" data-width=\"300\" data-height=\"200\" alt=\"\" ><\/div>\n\t\t\t\t\t\t\t\t\t\t\t<div class=\"elementor-gallery-item__overlay\"><\/div>\n\t\t\t\t\t\t\t\t\t\t\t\t\t\t<\/a>\n\t\t\t\t\t\t\t<a class=\"e-gallery-item elementor-gallery-item elementor-animated-content\" href=\"https:\/\/www.blackbirdthermal.com\/wp-content\/uploads\/2022\/12\/Blackbird_Termal_643.jpg\" data-elementor-open-lightbox=\"yes\" data-elementor-lightbox-slideshow=\"all-a457561\" data-elementor-lightbox-title=\"Blackbird_Termal_643\" data-e-action-hash=\"#elementor-action%3Aaction%3Dlightbox%26settings%3DeyJpZCI6NTg3MywidXJsIjoiaHR0cHM6XC9cL3d3dy5ibGFja2JpcmR0aGVybWFsLmNvbVwvd3AtY29udGVudFwvdXBsb2Fkc1wvMjAyMlwvMTJcL0JsYWNrYmlyZF9UZXJtYWxfNjQzLmpwZyIsInNsaWRlc2hvdyI6ImFsbC1hNDU3NTYxIn0%3D\">\n\t\t\t\t\t<div class=\"e-gallery-image elementor-gallery-item__image\" data-thumbnail=\"https:\/\/www.blackbirdthermal.com\/wp-content\/uploads\/2022\/12\/Blackbird_Termal_643-300x200.jpg\" data-width=\"300\" data-height=\"200\" alt=\"\" ><\/div>\n\t\t\t\t\t\t\t\t\t\t\t<div class=\"elementor-gallery-item__overlay\"><\/div>\n\t\t\t\t\t\t\t\t\t\t\t\t\t\t<\/a>\n\t\t\t\t\t\t\t<a class=\"e-gallery-item elementor-gallery-item elementor-animated-content\" href=\"https:\/\/www.blackbirdthermal.com\/wp-content\/uploads\/2022\/11\/SPA-72-scaled.jpg\" data-elementor-open-lightbox=\"yes\" data-elementor-lightbox-slideshow=\"all-a457561\" data-elementor-lightbox-title=\"SPA (72)\" data-e-action-hash=\"#elementor-action%3Aaction%3Dlightbox%26settings%3DeyJpZCI6NTM2MCwidXJsIjoiaHR0cHM6XC9cL3d3dy5ibGFja2JpcmR0aGVybWFsLmNvbVwvd3AtY29udGVudFwvdXBsb2Fkc1wvMjAyMlwvMTFcL1NQQS03Mi1zY2FsZWQuanBnIiwic2xpZGVzaG93IjoiYWxsLWE0NTc1NjEifQ%3D%3D\">\n\t\t\t\t\t<div class=\"e-gallery-image elementor-gallery-item__image\" data-thumbnail=\"https:\/\/www.blackbirdthermal.com\/wp-content\/uploads\/2022\/11\/SPA-72-300x199.jpg\" data-width=\"300\" data-height=\"199\" alt=\"\" ><\/div>\n\t\t\t\t\t\t\t\t\t\t\t<div class=\"elementor-gallery-item__overlay\"><\/div>\n\t\t\t\t\t\t\t\t\t\t\t\t\t\t<\/a>\n\t\t\t\t\t\t\t<a class=\"e-gallery-item elementor-gallery-item elementor-animated-content\" href=\"https:\/\/www.blackbirdthermal.com\/wp-content\/uploads\/2022\/11\/SPA-65-scaled.jpg\" data-elementor-open-lightbox=\"yes\" data-elementor-lightbox-slideshow=\"all-a457561\" data-elementor-lightbox-title=\"SPA (65)\" data-e-action-hash=\"#elementor-action%3Aaction%3Dlightbox%26settings%3DeyJpZCI6NTM5MywidXJsIjoiaHR0cHM6XC9cL3d3dy5ibGFja2JpcmR0aGVybWFsLmNvbVwvd3AtY29udGVudFwvdXBsb2Fkc1wvMjAyMlwvMTFcL1NQQS02NS1zY2FsZWQuanBnIiwic2xpZGVzaG93IjoiYWxsLWE0NTc1NjEifQ%3D%3D\">\n\t\t\t\t\t<div class=\"e-gallery-image elementor-gallery-item__image\" data-thumbnail=\"https:\/\/www.blackbirdthermal.com\/wp-content\/uploads\/2022\/11\/SPA-65-300x199.jpg\" data-width=\"300\" data-height=\"199\" alt=\"\" ><\/div>\n\t\t\t\t\t\t\t\t\t\t\t<div class=\"elementor-gallery-item__overlay\"><\/div>\n\t\t\t\t\t\t\t\t\t\t\t\t\t\t<\/a>\n\t\t\t\t\t<\/div>\n\t\t\t\t\t<\/div>\n\t\t\t\t<\/div>\n\t\t\t\t\t<\/div>\n\t\t<\/div>\n\t\t\t\t\t<\/div>\n\t\t<\/section>\n\t\t\t\t<\/div>\n\t\t","protected":false},"excerpt":{"rendered":"<p>Termal Havuz T\u0131pta \u2018termomineral sular\u2019 olarak adland\u0131r\u0131lan termal suyun kapl\u0131cada kullan\u0131labilmesi i\u00e7in o suyun yeralt\u0131ndan \u00e7\u0131kan do\u011fal termal su olmas\u0131, s\u0131cakl\u0131\u011f\u0131n\u0131n 20 derece \u00fczerinde bulunmas\u0131,litresinde ise en az 1 gram mineral bulunmas\u0131 gerekmektedir.Yurdumuzda y\u0131lda en az 10 milyon ki\u015fi kapl\u0131calara \u015fifa bulmaya gitmektedir. Uzmanlar, ister m\u00fczmin bir rahats\u0131zl\u0131\u011f\u0131 olsun,isterse sa\u011fl\u0131kl\u0131 herkesin hastal\u0131k durumlar\u0131nda tedaviyi g\u00fc\u00e7lendirmek [&hellip;]<\/p>\n","protected":false},"author":1,"featured_media":0,"parent":0,"menu_order":0,"comment_status":"closed","ping_status":"closed","template":"elementor_header_footer","meta":{"two_page_speed":[],"footnotes":""},"class_list":["post-3598","page","type-page","status-publish","hentry"],"yoast_head":"<!-- This site is optimized with the Yoast SEO plugin v27.4 - https:\/\/yoast.com\/product\/yoast-seo-wordpress\/ -->\n<title>Havuz - Blackbird Thermal Hotel &amp; SPA<\/title>\n<meta name=\"robots\" content=\"index, follow, max-snippet:-1, max-image-preview:large, max-video-preview:-1\" \/>\n<link rel=\"canonical\" href=\"https:\/\/www.blackbirdthermal.com\/tr\/havuz\/\" \/>\n<meta property=\"og:locale\" content=\"tr_TR\" \/>\n<meta property=\"og:type\" content=\"article\" \/>\n<meta property=\"og:title\" content=\"Havuz - Blackbird Thermal Hotel &amp; SPA\" \/>\n<meta property=\"og:description\" content=\"Termal Havuz T\u0131pta \u2018termomineral sular\u2019 olarak adland\u0131r\u0131lan termal suyun kapl\u0131cada kullan\u0131labilmesi i\u00e7in o suyun yeralt\u0131ndan \u00e7\u0131kan do\u011fal termal su olmas\u0131, s\u0131cakl\u0131\u011f\u0131n\u0131n 20 derece \u00fczerinde bulunmas\u0131,litresinde ise en az 1 gram mineral bulunmas\u0131 gerekmektedir.Yurdumuzda y\u0131lda en az 10 milyon ki\u015fi kapl\u0131calara \u015fifa bulmaya gitmektedir. Uzmanlar, ister m\u00fczmin bir rahats\u0131zl\u0131\u011f\u0131 olsun,isterse sa\u011fl\u0131kl\u0131 herkesin hastal\u0131k durumlar\u0131nda tedaviyi g\u00fc\u00e7lendirmek [&hellip;]\" \/>\n<meta property=\"og:url\" content=\"https:\/\/www.blackbirdthermal.com\/tr\/havuz\/\" \/>\n<meta property=\"og:site_name\" content=\"Blackbird Thermal Hotel &amp; SPA\" \/>\n<meta property=\"article:publisher\" content=\"https:\/\/www.facebook.com\/blackbirdthermalhotel\/\" \/>\n<meta property=\"article:modified_time\" content=\"2022-12-16T10:01:33+00:00\" \/>\n<meta name=\"twitter:card\" content=\"summary_large_image\" \/>\n<meta name=\"twitter:label1\" content=\"Tahmini okuma s\u00fcresi\" \/>\n\t<meta name=\"twitter:data1\" content=\"2 dakika\" \/>\n<script type=\"application\/ld+json\" class=\"yoast-schema-graph\">{\"@context\":\"https:\\\/\\\/schema.org\",\"@graph\":[{\"@type\":\"WebPage\",\"@id\":\"https:\\\/\\\/www.blackbirdthermal.com\\\/tr\\\/havuz\\\/\",\"url\":\"https:\\\/\\\/www.blackbirdthermal.com\\\/tr\\\/havuz\\\/\",\"name\":\"Havuz - Blackbird Thermal Hotel &amp; SPA\",\"isPartOf\":{\"@id\":\"https:\\\/\\\/www.blackbirdthermal.com\\\/tr\\\/#website\"},\"datePublished\":\"2022-03-01T04:49:10+00:00\",\"dateModified\":\"2022-12-16T10:01:33+00:00\",\"breadcrumb\":{\"@id\":\"https:\\\/\\\/www.blackbirdthermal.com\\\/tr\\\/havuz\\\/#breadcrumb\"},\"inLanguage\":\"tr\",\"potentialAction\":[{\"@type\":\"ReadAction\",\"target\":[\"https:\\\/\\\/www.blackbirdthermal.com\\\/tr\\\/havuz\\\/\"]}]},{\"@type\":\"BreadcrumbList\",\"@id\":\"https:\\\/\\\/www.blackbirdthermal.com\\\/tr\\\/havuz\\\/#breadcrumb\",\"itemListElement\":[{\"@type\":\"ListItem\",\"position\":1,\"name\":\"Anasayfa\",\"item\":\"https:\\\/\\\/www.blackbirdthermal.com\\\/tr\\\/\"},{\"@type\":\"ListItem\",\"position\":2,\"name\":\"Havuz\"}]},{\"@type\":\"WebSite\",\"@id\":\"https:\\\/\\\/www.blackbirdthermal.com\\\/tr\\\/#website\",\"url\":\"https:\\\/\\\/www.blackbirdthermal.com\\\/tr\\\/\",\"name\":\"Blackbird Thermal Hotel & SPA\",\"description\":\"G\u00f6k\u00e7edere Mah. Atat\u00fcrk Cad. No.30 \\\/ 1 Termal YALOVA\",\"publisher\":{\"@id\":\"https:\\\/\\\/www.blackbirdthermal.com\\\/tr\\\/#organization\"},\"potentialAction\":[{\"@type\":\"SearchAction\",\"target\":{\"@type\":\"EntryPoint\",\"urlTemplate\":\"https:\\\/\\\/www.blackbirdthermal.com\\\/tr\\\/?s={search_term_string}\"},\"query-input\":{\"@type\":\"PropertyValueSpecification\",\"valueRequired\":true,\"valueName\":\"search_term_string\"}}],\"inLanguage\":\"tr\"},{\"@type\":\"Organization\",\"@id\":\"https:\\\/\\\/www.blackbirdthermal.com\\\/tr\\\/#organization\",\"name\":\"Blackbird Thermal Hotel & SPA\",\"url\":\"https:\\\/\\\/www.blackbirdthermal.com\\\/tr\\\/\",\"logo\":{\"@type\":\"ImageObject\",\"inLanguage\":\"tr\",\"@id\":\"https:\\\/\\\/www.blackbirdthermal.com\\\/tr\\\/#\\\/schema\\\/logo\\\/image\\\/\",\"url\":\"https:\\\/\\\/www.blackbirdthermal.com\\\/wp-content\\\/uploads\\\/2022\\\/09\\\/BBTH-ACIK-LOGO-00000002.png\",\"contentUrl\":\"https:\\\/\\\/www.blackbirdthermal.com\\\/wp-content\\\/uploads\\\/2022\\\/09\\\/BBTH-ACIK-LOGO-00000002.png\",\"width\":4861,\"height\":2661,\"caption\":\"Blackbird Thermal Hotel & SPA\"},\"image\":{\"@id\":\"https:\\\/\\\/www.blackbirdthermal.com\\\/tr\\\/#\\\/schema\\\/logo\\\/image\\\/\"},\"sameAs\":[\"https:\\\/\\\/www.facebook.com\\\/blackbirdthermalhotel\\\/\",\"https:\\\/\\\/www.instagram.com\\\/blackbirdthermalhotel\\\/\",\"https:\\\/\\\/www.youtube.com\\\/channel\\\/UC-3dGStBdsgInCfMTJxOBYg\"]}]}<\/script>\n<!-- \/ Yoast SEO plugin. -->","yoast_head_json":{"title":"Havuz - Blackbird Thermal Hotel &amp; SPA","robots":{"index":"index","follow":"follow","max-snippet":"max-snippet:-1","max-image-preview":"max-image-preview:large","max-video-preview":"max-video-preview:-1"},"canonical":"https:\/\/www.blackbirdthermal.com\/tr\/havuz\/","og_locale":"tr_TR","og_type":"article","og_title":"Havuz - Blackbird Thermal Hotel &amp; SPA","og_description":"Termal Havuz T\u0131pta \u2018termomineral sular\u2019 olarak adland\u0131r\u0131lan termal suyun kapl\u0131cada kullan\u0131labilmesi i\u00e7in o suyun yeralt\u0131ndan \u00e7\u0131kan do\u011fal termal su olmas\u0131, s\u0131cakl\u0131\u011f\u0131n\u0131n 20 derece \u00fczerinde bulunmas\u0131,litresinde ise en az 1 gram mineral bulunmas\u0131 gerekmektedir.Yurdumuzda y\u0131lda en az 10 milyon ki\u015fi kapl\u0131calara \u015fifa bulmaya gitmektedir. Uzmanlar, ister m\u00fczmin bir rahats\u0131zl\u0131\u011f\u0131 olsun,isterse sa\u011fl\u0131kl\u0131 herkesin hastal\u0131k durumlar\u0131nda tedaviyi g\u00fc\u00e7lendirmek [&hellip;]","og_url":"https:\/\/www.blackbirdthermal.com\/tr\/havuz\/","og_site_name":"Blackbird Thermal Hotel &amp; SPA","article_publisher":"https:\/\/www.facebook.com\/blackbirdthermalhotel\/","article_modified_time":"2022-12-16T10:01:33+00:00","twitter_card":"summary_large_image","twitter_misc":{"Tahmini okuma s\u00fcresi":"2 dakika"},"schema":{"@context":"https:\/\/schema.org","@graph":[{"@type":"WebPage","@id":"https:\/\/www.blackbirdthermal.com\/tr\/havuz\/","url":"https:\/\/www.blackbirdthermal.com\/tr\/havuz\/","name":"Havuz - Blackbird Thermal Hotel &amp; SPA","isPartOf":{"@id":"https:\/\/www.blackbirdthermal.com\/tr\/#website"},"datePublished":"2022-03-01T04:49:10+00:00","dateModified":"2022-12-16T10:01:33+00:00","breadcrumb":{"@id":"https:\/\/www.blackbirdthermal.com\/tr\/havuz\/#breadcrumb"},"inLanguage":"tr","potentialAction":[{"@type":"ReadAction","target":["https:\/\/www.blackbirdthermal.com\/tr\/havuz\/"]}]},{"@type":"BreadcrumbList","@id":"https:\/\/www.blackbirdthermal.com\/tr\/havuz\/#breadcrumb","itemListElement":[{"@type":"ListItem","position":1,"name":"Anasayfa","item":"https:\/\/www.blackbirdthermal.com\/tr\/"},{"@type":"ListItem","position":2,"name":"Havuz"}]},{"@type":"WebSite","@id":"https:\/\/www.blackbirdthermal.com\/tr\/#website","url":"https:\/\/www.blackbirdthermal.com\/tr\/","name":"Blackbird Thermal Hotel & SPA","description":"G\u00f6k\u00e7edere Mah. Atat\u00fcrk Cad. No.30 \/ 1 Termal YALOVA","publisher":{"@id":"https:\/\/www.blackbirdthermal.com\/tr\/#organization"},"potentialAction":[{"@type":"SearchAction","target":{"@type":"EntryPoint","urlTemplate":"https:\/\/www.blackbirdthermal.com\/tr\/?s={search_term_string}"},"query-input":{"@type":"PropertyValueSpecification","valueRequired":true,"valueName":"search_term_string"}}],"inLanguage":"tr"},{"@type":"Organization","@id":"https:\/\/www.blackbirdthermal.com\/tr\/#organization","name":"Blackbird Thermal Hotel & SPA","url":"https:\/\/www.blackbirdthermal.com\/tr\/","logo":{"@type":"ImageObject","inLanguage":"tr","@id":"https:\/\/www.blackbirdthermal.com\/tr\/#\/schema\/logo\/image\/","url":"https:\/\/www.blackbirdthermal.com\/wp-content\/uploads\/2022\/09\/BBTH-ACIK-LOGO-00000002.png","contentUrl":"https:\/\/www.blackbirdthermal.com\/wp-content\/uploads\/2022\/09\/BBTH-ACIK-LOGO-00000002.png","width":4861,"height":2661,"caption":"Blackbird Thermal Hotel & SPA"},"image":{"@id":"https:\/\/www.blackbirdthermal.com\/tr\/#\/schema\/logo\/image\/"},"sameAs":["https:\/\/www.facebook.com\/blackbirdthermalhotel\/","https:\/\/www.instagram.com\/blackbirdthermalhotel\/","https:\/\/www.youtube.com\/channel\/UC-3dGStBdsgInCfMTJxOBYg"]}]}},"_links":{"self":[{"href":"https:\/\/www.blackbirdthermal.com\/tr\/wp-json\/wp\/v2\/pages\/3598","targetHints":{"allow":["GET"]}}],"collection":[{"href":"https:\/\/www.blackbirdthermal.com\/tr\/wp-json\/wp\/v2\/pages"}],"about":[{"href":"https:\/\/www.blackbirdthermal.com\/tr\/wp-json\/wp\/v2\/types\/page"}],"author":[{"embeddable":true,"href":"https:\/\/www.blackbirdthermal.com\/tr\/wp-json\/wp\/v2\/users\/1"}],"replies":[{"embeddable":true,"href":"https:\/\/www.blackbirdthermal.com\/tr\/wp-json\/wp\/v2\/comments?post=3598"}],"version-history":[{"count":0,"href":"https:\/\/www.blackbirdthermal.com\/tr\/wp-json\/wp\/v2\/pages\/3598\/revisions"}],"wp:attachment":[{"href":"https:\/\/www.blackbirdthermal.com\/tr\/wp-json\/wp\/v2\/media?parent=3598"}],"curies":[{"name":"wp","href":"https:\/\/api.w.org\/{rel}","templated":true}]}}