{"id":4241,"date":"2022-09-26T12:26:49","date_gmt":"2022-09-26T09:26:49","guid":{"rendered":"https:\/\/www.blackbirdthermal.com\/?page_id=4241"},"modified":"2022-09-26T12:32:29","modified_gmt":"2022-09-26T09:32:29","slug":"vizyonumuz","status":"publish","type":"page","link":"https:\/\/www.blackbirdthermal.com\/tr\/vizyonumuz\/","title":{"rendered":"Vizyonumuz"},"content":{"rendered":"\t\t<div data-elementor-type=\"wp-page\" data-elementor-id=\"4241\" class=\"elementor elementor-4241\">\n\t\t\t\t\t\t<section class=\"elementor-section elementor-top-section elementor-element elementor-element-707accd elementor-section-boxed elementor-section-height-default elementor-section-height-default\" data-id=\"707accd\" data-element_type=\"section\" data-e-type=\"section\" data-settings=\"{&quot;ekit_has_onepagescroll_dot&quot;:&quot;yes&quot;}\">\n\t\t\t\t\t\t<div class=\"elementor-container elementor-column-gap-default\">\n\t\t\t\t\t<div class=\"elementor-column elementor-col-100 elementor-top-column elementor-element elementor-element-67cd38d\" data-id=\"67cd38d\" data-element_type=\"column\" data-e-type=\"column\">\n\t\t\t<div class=\"elementor-widget-wrap elementor-element-populated\">\n\t\t\t\t\t\t<div class=\"elementor-element elementor-element-7a6dc42 elementor-widget elementor-widget-heading\" data-id=\"7a6dc42\" data-element_type=\"widget\" data-e-type=\"widget\" data-settings=\"{&quot;ekit_we_effect_on&quot;:&quot;none&quot;}\" data-widget_type=\"heading.default\">\n\t\t\t\t\t<h2 class=\"elementor-heading-title elementor-size-default\">Vizyonumuz<\/h2>\t\t\t\t<\/div>\n\t\t\t\t<div class=\"elementor-element elementor-element-ade262e elementor-widget elementor-widget-text-editor\" data-id=\"ade262e\" data-element_type=\"widget\" data-e-type=\"widget\" data-settings=\"{&quot;ekit_we_effect_on&quot;:&quot;none&quot;}\" data-widget_type=\"text-editor.default\">\n\t\t\t\t\t\t\t\t\t<p style=\"text-align: center;\">Blackbird\u00a0 Thermal Hotel &amp;Spa\u2019n\u0131n Vizyonunu olu\u015fturan en temel yap\u0131 ta\u015f\u0131, i\u00e7inde bulundu\u011fumuz turizm sekt\u00f6r\u00fcnde, y\u00fcksek kalitede s\u00fcreklilik ve mutlak m\u00fc\u015fteri memnuniyetidir. Bu temel etraf\u0131nda Misyonumuz, \u00e7a\u011f\u0131m\u0131z\u0131n getirdi\u011fi yeniliklere s\u00fcratle adapte olarak, s\u00fcrekli yat\u0131r\u0131mlarla kendimizi yenilemek ve siz de\u011ferli m\u00fc\u015fterilerimizin t\u00fcm ihtiya\u00e7 ve beklentilerine uygun fiyat se\u00e7enekleriyle cevap vermektir. T\u00fcm bunlar\u0131 ger\u00e7ekle\u015ftirirken ana hedefimiz, standartlar\u0131nda Yalova b\u00f6lgesininin lider termal tesisi olmak ve bu birikimi kurumsal ve bireysel anlamda geli\u015ftirmek ve geni\u015fletmektir.<\/p><p style=\"text-align: center;\">\u2022 Kaliteli ve yenilik\u00e7i hizmetlerimiz ile ko\u015fulsuz m\u00fc\u015fteri memnuniyetini sa\u011flayarak sekt\u00f6r\u00fcm\u00fcz\u00fcn \u00f6nc\u00fcs\u00fc olmakt\u0131r<\/p>\t\t\t\t\t\t\t\t<\/div>\n\t\t\t\t\t<\/div>\n\t\t<\/div>\n\t\t\t\t\t<\/div>\n\t\t<\/section>\n\t\t\t\t<\/div>\n\t\t","protected":false},"excerpt":{"rendered":"<p>Vizyonumuz Blackbird\u00a0 Thermal Hotel &amp;Spa\u2019n\u0131n Vizyonunu olu\u015fturan en temel yap\u0131 ta\u015f\u0131, i\u00e7inde bulundu\u011fumuz turizm sekt\u00f6r\u00fcnde, y\u00fcksek kalitede s\u00fcreklilik ve mutlak m\u00fc\u015fteri memnuniyetidir. Bu temel etraf\u0131nda Misyonumuz, \u00e7a\u011f\u0131m\u0131z\u0131n getirdi\u011fi yeniliklere s\u00fcratle adapte olarak, s\u00fcrekli yat\u0131r\u0131mlarla kendimizi yenilemek ve siz de\u011ferli m\u00fc\u015fterilerimizin t\u00fcm ihtiya\u00e7 ve beklentilerine uygun fiyat se\u00e7enekleriyle cevap vermektir. T\u00fcm bunlar\u0131 ger\u00e7ekle\u015ftirirken ana hedefimiz, standartlar\u0131nda [&hellip;]<\/p>\n","protected":false},"author":1,"featured_media":0,"parent":0,"menu_order":0,"comment_status":"closed","ping_status":"closed","template":"elementor_header_footer","meta":{"two_page_speed":[],"footnotes":""},"class_list":["post-4241","page","type-page","status-publish","hentry"],"yoast_head":"<!-- This site is optimized with the Yoast SEO plugin v27.4 - https:\/\/yoast.com\/product\/yoast-seo-wordpress\/ -->\n<title>Vizyonumuz - Blackbird Thermal Hotel &amp; SPA<\/title>\n<meta name=\"robots\" content=\"index, follow, max-snippet:-1, max-image-preview:large, max-video-preview:-1\" \/>\n<link rel=\"canonical\" href=\"https:\/\/www.blackbirdthermal.com\/tr\/vizyonumuz\/\" \/>\n<meta property=\"og:locale\" content=\"tr_TR\" \/>\n<meta property=\"og:type\" content=\"article\" \/>\n<meta property=\"og:title\" content=\"Vizyonumuz - Blackbird Thermal Hotel &amp; SPA\" \/>\n<meta property=\"og:description\" content=\"Vizyonumuz Blackbird\u00a0 Thermal Hotel &amp;Spa\u2019n\u0131n Vizyonunu olu\u015fturan en temel yap\u0131 ta\u015f\u0131, i\u00e7inde bulundu\u011fumuz turizm sekt\u00f6r\u00fcnde, y\u00fcksek kalitede s\u00fcreklilik ve mutlak m\u00fc\u015fteri memnuniyetidir. Bu temel etraf\u0131nda Misyonumuz, \u00e7a\u011f\u0131m\u0131z\u0131n getirdi\u011fi yeniliklere s\u00fcratle adapte olarak, s\u00fcrekli yat\u0131r\u0131mlarla kendimizi yenilemek ve siz de\u011ferli m\u00fc\u015fterilerimizin t\u00fcm ihtiya\u00e7 ve beklentilerine uygun fiyat se\u00e7enekleriyle cevap vermektir. T\u00fcm bunlar\u0131 ger\u00e7ekle\u015ftirirken ana hedefimiz, standartlar\u0131nda [&hellip;]\" \/>\n<meta property=\"og:url\" content=\"https:\/\/www.blackbirdthermal.com\/tr\/vizyonumuz\/\" \/>\n<meta property=\"og:site_name\" content=\"Blackbird Thermal Hotel &amp; SPA\" \/>\n<meta property=\"article:publisher\" content=\"https:\/\/www.facebook.com\/blackbirdthermalhotel\/\" \/>\n<meta property=\"article:modified_time\" content=\"2022-09-26T09:32:29+00:00\" \/>\n<meta name=\"twitter:card\" content=\"summary_large_image\" \/>\n<meta name=\"twitter:label1\" content=\"Tahmini okuma s\u00fcresi\" \/>\n\t<meta name=\"twitter:data1\" content=\"1 dakika\" \/>\n<script type=\"application\/ld+json\" class=\"yoast-schema-graph\">{\"@context\":\"https:\\\/\\\/schema.org\",\"@graph\":[{\"@type\":\"WebPage\",\"@id\":\"https:\\\/\\\/www.blackbirdthermal.com\\\/tr\\\/vizyonumuz\\\/\",\"url\":\"https:\\\/\\\/www.blackbirdthermal.com\\\/tr\\\/vizyonumuz\\\/\",\"name\":\"Vizyonumuz - Blackbird Thermal Hotel &amp; SPA\",\"isPartOf\":{\"@id\":\"https:\\\/\\\/www.blackbirdthermal.com\\\/tr\\\/#website\"},\"datePublished\":\"2022-09-26T09:26:49+00:00\",\"dateModified\":\"2022-09-26T09:32:29+00:00\",\"breadcrumb\":{\"@id\":\"https:\\\/\\\/www.blackbirdthermal.com\\\/tr\\\/vizyonumuz\\\/#breadcrumb\"},\"inLanguage\":\"tr\",\"potentialAction\":[{\"@type\":\"ReadAction\",\"target\":[\"https:\\\/\\\/www.blackbirdthermal.com\\\/tr\\\/vizyonumuz\\\/\"]}]},{\"@type\":\"BreadcrumbList\",\"@id\":\"https:\\\/\\\/www.blackbirdthermal.com\\\/tr\\\/vizyonumuz\\\/#breadcrumb\",\"itemListElement\":[{\"@type\":\"ListItem\",\"position\":1,\"name\":\"Anasayfa\",\"item\":\"https:\\\/\\\/www.blackbirdthermal.com\\\/tr\\\/\"},{\"@type\":\"ListItem\",\"position\":2,\"name\":\"Vizyonumuz\"}]},{\"@type\":\"WebSite\",\"@id\":\"https:\\\/\\\/www.blackbirdthermal.com\\\/tr\\\/#website\",\"url\":\"https:\\\/\\\/www.blackbirdthermal.com\\\/tr\\\/\",\"name\":\"Blackbird Thermal Hotel & SPA\",\"description\":\"G\u00f6k\u00e7edere Mah. Atat\u00fcrk Cad. No.30 \\\/ 1 Termal YALOVA\",\"publisher\":{\"@id\":\"https:\\\/\\\/www.blackbirdthermal.com\\\/tr\\\/#organization\"},\"potentialAction\":[{\"@type\":\"SearchAction\",\"target\":{\"@type\":\"EntryPoint\",\"urlTemplate\":\"https:\\\/\\\/www.blackbirdthermal.com\\\/tr\\\/?s={search_term_string}\"},\"query-input\":{\"@type\":\"PropertyValueSpecification\",\"valueRequired\":true,\"valueName\":\"search_term_string\"}}],\"inLanguage\":\"tr\"},{\"@type\":\"Organization\",\"@id\":\"https:\\\/\\\/www.blackbirdthermal.com\\\/tr\\\/#organization\",\"name\":\"Blackbird Thermal Hotel & SPA\",\"url\":\"https:\\\/\\\/www.blackbirdthermal.com\\\/tr\\\/\",\"logo\":{\"@type\":\"ImageObject\",\"inLanguage\":\"tr\",\"@id\":\"https:\\\/\\\/www.blackbirdthermal.com\\\/tr\\\/#\\\/schema\\\/logo\\\/image\\\/\",\"url\":\"https:\\\/\\\/www.blackbirdthermal.com\\\/wp-content\\\/uploads\\\/2022\\\/09\\\/BBTH-ACIK-LOGO-00000002.png\",\"contentUrl\":\"https:\\\/\\\/www.blackbirdthermal.com\\\/wp-content\\\/uploads\\\/2022\\\/09\\\/BBTH-ACIK-LOGO-00000002.png\",\"width\":4861,\"height\":2661,\"caption\":\"Blackbird Thermal Hotel & SPA\"},\"image\":{\"@id\":\"https:\\\/\\\/www.blackbirdthermal.com\\\/tr\\\/#\\\/schema\\\/logo\\\/image\\\/\"},\"sameAs\":[\"https:\\\/\\\/www.facebook.com\\\/blackbirdthermalhotel\\\/\",\"https:\\\/\\\/www.instagram.com\\\/blackbirdthermalhotel\\\/\",\"https:\\\/\\\/www.youtube.com\\\/channel\\\/UC-3dGStBdsgInCfMTJxOBYg\"]}]}<\/script>\n<!-- \/ Yoast SEO plugin. -->","yoast_head_json":{"title":"Vizyonumuz - Blackbird Thermal Hotel &amp; SPA","robots":{"index":"index","follow":"follow","max-snippet":"max-snippet:-1","max-image-preview":"max-image-preview:large","max-video-preview":"max-video-preview:-1"},"canonical":"https:\/\/www.blackbirdthermal.com\/tr\/vizyonumuz\/","og_locale":"tr_TR","og_type":"article","og_title":"Vizyonumuz - Blackbird Thermal Hotel &amp; SPA","og_description":"Vizyonumuz Blackbird\u00a0 Thermal Hotel &amp;Spa\u2019n\u0131n Vizyonunu olu\u015fturan en temel yap\u0131 ta\u015f\u0131, i\u00e7inde bulundu\u011fumuz turizm sekt\u00f6r\u00fcnde, y\u00fcksek kalitede s\u00fcreklilik ve mutlak m\u00fc\u015fteri memnuniyetidir. Bu temel etraf\u0131nda Misyonumuz, \u00e7a\u011f\u0131m\u0131z\u0131n getirdi\u011fi yeniliklere s\u00fcratle adapte olarak, s\u00fcrekli yat\u0131r\u0131mlarla kendimizi yenilemek ve siz de\u011ferli m\u00fc\u015fterilerimizin t\u00fcm ihtiya\u00e7 ve beklentilerine uygun fiyat se\u00e7enekleriyle cevap vermektir. T\u00fcm bunlar\u0131 ger\u00e7ekle\u015ftirirken ana hedefimiz, standartlar\u0131nda [&hellip;]","og_url":"https:\/\/www.blackbirdthermal.com\/tr\/vizyonumuz\/","og_site_name":"Blackbird Thermal Hotel &amp; SPA","article_publisher":"https:\/\/www.facebook.com\/blackbirdthermalhotel\/","article_modified_time":"2022-09-26T09:32:29+00:00","twitter_card":"summary_large_image","twitter_misc":{"Tahmini okuma s\u00fcresi":"1 dakika"},"schema":{"@context":"https:\/\/schema.org","@graph":[{"@type":"WebPage","@id":"https:\/\/www.blackbirdthermal.com\/tr\/vizyonumuz\/","url":"https:\/\/www.blackbirdthermal.com\/tr\/vizyonumuz\/","name":"Vizyonumuz - Blackbird Thermal Hotel &amp; SPA","isPartOf":{"@id":"https:\/\/www.blackbirdthermal.com\/tr\/#website"},"datePublished":"2022-09-26T09:26:49+00:00","dateModified":"2022-09-26T09:32:29+00:00","breadcrumb":{"@id":"https:\/\/www.blackbirdthermal.com\/tr\/vizyonumuz\/#breadcrumb"},"inLanguage":"tr","potentialAction":[{"@type":"ReadAction","target":["https:\/\/www.blackbirdthermal.com\/tr\/vizyonumuz\/"]}]},{"@type":"BreadcrumbList","@id":"https:\/\/www.blackbirdthermal.com\/tr\/vizyonumuz\/#breadcrumb","itemListElement":[{"@type":"ListItem","position":1,"name":"Anasayfa","item":"https:\/\/www.blackbirdthermal.com\/tr\/"},{"@type":"ListItem","position":2,"name":"Vizyonumuz"}]},{"@type":"WebSite","@id":"https:\/\/www.blackbirdthermal.com\/tr\/#website","url":"https:\/\/www.blackbirdthermal.com\/tr\/","name":"Blackbird Thermal Hotel & SPA","description":"G\u00f6k\u00e7edere Mah. Atat\u00fcrk Cad. No.30 \/ 1 Termal YALOVA","publisher":{"@id":"https:\/\/www.blackbirdthermal.com\/tr\/#organization"},"potentialAction":[{"@type":"SearchAction","target":{"@type":"EntryPoint","urlTemplate":"https:\/\/www.blackbirdthermal.com\/tr\/?s={search_term_string}"},"query-input":{"@type":"PropertyValueSpecification","valueRequired":true,"valueName":"search_term_string"}}],"inLanguage":"tr"},{"@type":"Organization","@id":"https:\/\/www.blackbirdthermal.com\/tr\/#organization","name":"Blackbird Thermal Hotel & SPA","url":"https:\/\/www.blackbirdthermal.com\/tr\/","logo":{"@type":"ImageObject","inLanguage":"tr","@id":"https:\/\/www.blackbirdthermal.com\/tr\/#\/schema\/logo\/image\/","url":"https:\/\/www.blackbirdthermal.com\/wp-content\/uploads\/2022\/09\/BBTH-ACIK-LOGO-00000002.png","contentUrl":"https:\/\/www.blackbirdthermal.com\/wp-content\/uploads\/2022\/09\/BBTH-ACIK-LOGO-00000002.png","width":4861,"height":2661,"caption":"Blackbird Thermal Hotel & SPA"},"image":{"@id":"https:\/\/www.blackbirdthermal.com\/tr\/#\/schema\/logo\/image\/"},"sameAs":["https:\/\/www.facebook.com\/blackbirdthermalhotel\/","https:\/\/www.instagram.com\/blackbirdthermalhotel\/","https:\/\/www.youtube.com\/channel\/UC-3dGStBdsgInCfMTJxOBYg"]}]}},"_links":{"self":[{"href":"https:\/\/www.blackbirdthermal.com\/tr\/wp-json\/wp\/v2\/pages\/4241","targetHints":{"allow":["GET"]}}],"collection":[{"href":"https:\/\/www.blackbirdthermal.com\/tr\/wp-json\/wp\/v2\/pages"}],"about":[{"href":"https:\/\/www.blackbirdthermal.com\/tr\/wp-json\/wp\/v2\/types\/page"}],"author":[{"embeddable":true,"href":"https:\/\/www.blackbirdthermal.com\/tr\/wp-json\/wp\/v2\/users\/1"}],"replies":[{"embeddable":true,"href":"https:\/\/www.blackbirdthermal.com\/tr\/wp-json\/wp\/v2\/comments?post=4241"}],"version-history":[{"count":0,"href":"https:\/\/www.blackbirdthermal.com\/tr\/wp-json\/wp\/v2\/pages\/4241\/revisions"}],"wp:attachment":[{"href":"https:\/\/www.blackbirdthermal.com\/tr\/wp-json\/wp\/v2\/media?parent=4241"}],"curies":[{"name":"wp","href":"https:\/\/api.w.org\/{rel}","templated":true}]}}