{"id":4273,"date":"2022-09-26T12:39:19","date_gmt":"2022-09-26T09:39:19","guid":{"rendered":"https:\/\/www.blackbirdthermal.com\/?page_id=4273"},"modified":"2022-09-26T12:43:06","modified_gmt":"2022-09-26T09:43:06","slug":"is-basvuru-formu","status":"publish","type":"page","link":"https:\/\/www.blackbirdthermal.com\/tr\/is-basvuru-formu\/","title":{"rendered":"\u0130\u015f Ba\u015fvuru Formu"},"content":{"rendered":"\t\t<div data-elementor-type=\"wp-page\" data-elementor-id=\"4273\" class=\"elementor elementor-4273\">\n\t\t\t\t\t\t<section class=\"elementor-section elementor-top-section elementor-element elementor-element-bc9fe15 elementor-section-boxed elementor-section-height-default elementor-section-height-default\" data-id=\"bc9fe15\" data-element_type=\"section\" data-e-type=\"section\" data-settings=\"{&quot;ekit_has_onepagescroll_dot&quot;:&quot;yes&quot;}\">\n\t\t\t\t\t\t<div class=\"elementor-container elementor-column-gap-default\">\n\t\t\t\t\t<div class=\"elementor-column elementor-col-100 elementor-top-column elementor-element elementor-element-8dfc4dd\" data-id=\"8dfc4dd\" data-element_type=\"column\" data-e-type=\"column\">\n\t\t\t<div class=\"elementor-widget-wrap elementor-element-populated\">\n\t\t\t\t\t\t<div class=\"elementor-element elementor-element-37a7abd elementor-widget elementor-widget-heading\" data-id=\"37a7abd\" data-element_type=\"widget\" data-e-type=\"widget\" data-settings=\"{&quot;ekit_we_effect_on&quot;:&quot;none&quot;}\" data-widget_type=\"heading.default\">\n\t\t\t\t\t<h2 class=\"elementor-heading-title elementor-size-default\">\u0130\u015f Ba\u015fvuru Formu<\/h2>\t\t\t\t<\/div>\n\t\t\t\t\t<\/div>\n\t\t<\/div>\n\t\t\t\t\t<\/div>\n\t\t<\/section>\n\t\t\t\t<section class=\"elementor-section elementor-top-section elementor-element elementor-element-b000cc3 elementor-section-boxed elementor-section-height-default elementor-section-height-default\" data-id=\"b000cc3\" data-element_type=\"section\" data-e-type=\"section\" data-settings=\"{&quot;ekit_has_onepagescroll_dot&quot;:&quot;yes&quot;}\">\n\t\t\t\t\t\t<div class=\"elementor-container elementor-column-gap-default\">\n\t\t\t\t\t<div class=\"elementor-column elementor-col-100 elementor-top-column elementor-element elementor-element-a2c95e3\" data-id=\"a2c95e3\" data-element_type=\"column\" data-e-type=\"column\">\n\t\t\t<div class=\"elementor-widget-wrap elementor-element-populated\">\n\t\t\t\t\t\t<div class=\"elementor-element elementor-element-3113e93 elementor-widget elementor-widget-text-editor\" data-id=\"3113e93\" data-element_type=\"widget\" data-e-type=\"widget\" data-settings=\"{&quot;ekit_we_effect_on&quot;:&quot;none&quot;}\" data-widget_type=\"text-editor.default\">\n\t\t\t\t\t\t\t\t\t\n<div class=\"wpcf7 no-js\" id=\"wpcf7-f3708-o1\" lang=\"en-US\" dir=\"ltr\" data-wpcf7-id=\"3708\">\n<div class=\"screen-reader-response\"><p role=\"status\" aria-live=\"polite\" aria-atomic=\"true\"><\/p> <ul><\/ul><\/div>\n<form action=\"\/tr\/wp-json\/wp\/v2\/pages\/4273#wpcf7-f3708-o1\" method=\"post\" class=\"wpcf7-form init\" aria-label=\"Contact form\" enctype=\"multipart\/form-data\" novalidate=\"novalidate\" data-status=\"init\">\n<fieldset class=\"hidden-fields-container\"><input type=\"hidden\" name=\"_wpcf7\" value=\"3708\" \/><input type=\"hidden\" name=\"_wpcf7_version\" value=\"6.1.5\" \/><input type=\"hidden\" name=\"_wpcf7_locale\" value=\"en_US\" \/><input type=\"hidden\" name=\"_wpcf7_unit_tag\" value=\"wpcf7-f3708-o1\" \/><input type=\"hidden\" name=\"_wpcf7_container_post\" value=\"0\" \/><input type=\"hidden\" name=\"_wpcf7_posted_data_hash\" value=\"\" \/><input type=\"hidden\" name=\"_wpcf7_recaptcha_response\" value=\"\" \/>\n<\/fieldset>\n<div class=\"ova-ctfrom7\">\n\t<div class=\"form-contact\">\n\t\t<div class=\"name-info\">\n\t\t\t<p><span class=\"wpcf7-form-control-wrap\" data-name=\"first-name\"><input size=\"40\" maxlength=\"400\" class=\"wpcf7-form-control wpcf7-text\" aria-invalid=\"false\" placeholder=\"Ad\" value=\"\" type=\"text\" name=\"first-name\" \/><\/span><br \/>\n<span class=\"wpcf7-form-control-wrap\" data-name=\"last-name\"><input size=\"40\" maxlength=\"400\" class=\"wpcf7-form-control wpcf7-text\" aria-invalid=\"false\" placeholder=\"Soyad\" value=\"\" type=\"text\" name=\"last-name\" \/><\/span>\n\t\t\t<\/p>\n\t\t<\/div>\n\t\t<div class=\"email-phone-info\">\n\t\t\t<p><span class=\"wpcf7-form-control-wrap\" data-name=\"your-email\"><input size=\"40\" maxlength=\"400\" class=\"wpcf7-form-control wpcf7-email wpcf7-validates-as-required wpcf7-text wpcf7-validates-as-email\" aria-required=\"true\" aria-invalid=\"false\" placeholder=\"E-Posta\" value=\"\" type=\"email\" name=\"your-email\" \/><\/span><br \/>\n<span class=\"wpcf7-form-control-wrap\" data-name=\"phone\"><input size=\"40\" maxlength=\"400\" class=\"wpcf7-form-control wpcf7-tel wpcf7-text wpcf7-validates-as-tel\" aria-invalid=\"false\" placeholder=\"Telefon\" value=\"\" type=\"tel\" name=\"phone\" \/><\/span>\n\t\t\t<\/p>\n\t\t<\/div>\n\t\t<div class=\"message-info\">\n\t\t\t<p><span class=\"wpcf7-form-control-wrap\" data-name=\"message\"><textarea cols=\"40\" rows=\"10\" maxlength=\"2000\" class=\"wpcf7-form-control wpcf7-textarea\" aria-invalid=\"false\" placeholder=\"Mesaj\u0131n\u0131z\" name=\"message\"><\/textarea><\/span>\n\t\t\t<\/p>\n\t\t<\/div>\n\t\t<div class=\"file\">\n\t\t\t<center>CV G\u00f6nder\n\t\t\t\t<p><span class=\"wpcf7-form-control-wrap\" data-name=\"your-email\"><input size=\"40\" class=\"wpcf7-form-control wpcf7-file wpcf7-validates-as-required\" accept=\"audio\/*,video\/*,image\/*\" aria-required=\"true\" aria-invalid=\"false\" type=\"file\" name=\"your-email\" \/><\/span>\n\t\t\t\t<\/p>\n\t\t\t<\/center>\n\t\t<\/div>\n\t\t<div class=\"ova-submit\">\n\t\t\t<p><input class=\"wpcf7-form-control wpcf7-submit has-spinner\" type=\"submit\" value=\"G\u00d6NDER\" \/>\n\t\t\t<\/p>\n\t\t<\/div>\n\t<\/div>\n<\/div><input type='hidden' class='wpcf7-pum' value='{\"closepopup\":false,\"closedelay\":0,\"openpopup\":false,\"openpopup_id\":0}' \/><div class=\"wpcf7-response-output\" aria-hidden=\"true\"><\/div>\n<\/form>\n<\/div>\n\t\t\t\t\t\t\t\t<\/div>\n\t\t\t\t\t<\/div>\n\t\t<\/div>\n\t\t\t\t\t<\/div>\n\t\t<\/section>\n\t\t\t\t<\/div>\n\t\t","protected":false},"excerpt":{"rendered":"<p>\u0130\u015f Ba\u015fvuru Formu<\/p>\n","protected":false},"author":1,"featured_media":0,"parent":0,"menu_order":0,"comment_status":"closed","ping_status":"closed","template":"elementor_header_footer","meta":{"two_page_speed":[],"footnotes":""},"class_list":["post-4273","page","type-page","status-publish","hentry"],"yoast_head":"<!-- This site is optimized with the Yoast SEO plugin v27.0 - https:\/\/yoast.com\/product\/yoast-seo-wordpress\/ -->\n<title>\u0130\u015f Ba\u015fvuru Formu - Blackbird Thermal Hotel &amp; SPA<\/title>\n<meta name=\"robots\" content=\"index, follow, max-snippet:-1, max-image-preview:large, max-video-preview:-1\" \/>\n<link rel=\"canonical\" href=\"https:\/\/www.blackbirdthermal.com\/tr\/is-basvuru-formu\/\" \/>\n<meta property=\"og:locale\" content=\"tr_TR\" \/>\n<meta property=\"og:type\" content=\"article\" \/>\n<meta property=\"og:title\" content=\"\u0130\u015f Ba\u015fvuru Formu - Blackbird Thermal Hotel &amp; SPA\" \/>\n<meta property=\"og:description\" content=\"\u0130\u015f Ba\u015fvuru Formu\" \/>\n<meta property=\"og:url\" content=\"https:\/\/www.blackbirdthermal.com\/tr\/is-basvuru-formu\/\" \/>\n<meta property=\"og:site_name\" content=\"Blackbird Thermal Hotel &amp; SPA\" \/>\n<meta property=\"article:publisher\" content=\"https:\/\/www.facebook.com\/blackbirdthermalhotel\/\" \/>\n<meta property=\"article:modified_time\" content=\"2022-09-26T09:43:06+00:00\" \/>\n<meta name=\"twitter:card\" content=\"summary_large_image\" \/>\n<script type=\"application\/ld+json\" class=\"yoast-schema-graph\">{\"@context\":\"https:\/\/schema.org\",\"@graph\":[{\"@type\":\"WebPage\",\"@id\":\"https:\/\/www.blackbirdthermal.com\/tr\/is-basvuru-formu\/\",\"url\":\"https:\/\/www.blackbirdthermal.com\/tr\/is-basvuru-formu\/\",\"name\":\"\u0130\u015f Ba\u015fvuru Formu - Blackbird Thermal Hotel &amp; SPA\",\"isPartOf\":{\"@id\":\"https:\/\/www.blackbirdthermal.com\/tr\/#website\"},\"datePublished\":\"2022-09-26T09:39:19+00:00\",\"dateModified\":\"2022-09-26T09:43:06+00:00\",\"breadcrumb\":{\"@id\":\"https:\/\/www.blackbirdthermal.com\/tr\/is-basvuru-formu\/#breadcrumb\"},\"inLanguage\":\"tr\",\"potentialAction\":[{\"@type\":\"ReadAction\",\"target\":[\"https:\/\/www.blackbirdthermal.com\/tr\/is-basvuru-formu\/\"]}]},{\"@type\":\"BreadcrumbList\",\"@id\":\"https:\/\/www.blackbirdthermal.com\/tr\/is-basvuru-formu\/#breadcrumb\",\"itemListElement\":[{\"@type\":\"ListItem\",\"position\":1,\"name\":\"Anasayfa\",\"item\":\"https:\/\/www.blackbirdthermal.com\/tr\/\"},{\"@type\":\"ListItem\",\"position\":2,\"name\":\"\u0130\u015f Ba\u015fvuru Formu\"}]},{\"@type\":\"WebSite\",\"@id\":\"https:\/\/www.blackbirdthermal.com\/tr\/#website\",\"url\":\"https:\/\/www.blackbirdthermal.com\/tr\/\",\"name\":\"Blackbird Thermal Hotel & SPA\",\"description\":\"G\u00f6k\u00e7edere Mah. Atat\u00fcrk Cad. No.30 \/ 1 Termal YALOVA\",\"publisher\":{\"@id\":\"https:\/\/www.blackbirdthermal.com\/tr\/#organization\"},\"potentialAction\":[{\"@type\":\"SearchAction\",\"target\":{\"@type\":\"EntryPoint\",\"urlTemplate\":\"https:\/\/www.blackbirdthermal.com\/tr\/?s={search_term_string}\"},\"query-input\":{\"@type\":\"PropertyValueSpecification\",\"valueRequired\":true,\"valueName\":\"search_term_string\"}}],\"inLanguage\":\"tr\"},{\"@type\":\"Organization\",\"@id\":\"https:\/\/www.blackbirdthermal.com\/tr\/#organization\",\"name\":\"Blackbird Thermal Hotel & SPA\",\"url\":\"https:\/\/www.blackbirdthermal.com\/tr\/\",\"logo\":{\"@type\":\"ImageObject\",\"inLanguage\":\"tr\",\"@id\":\"https:\/\/www.blackbirdthermal.com\/tr\/#\/schema\/logo\/image\/\",\"url\":\"https:\/\/www.blackbirdthermal.com\/wp-content\/uploads\/2022\/09\/BBTH-ACIK-LOGO-00000002.png\",\"contentUrl\":\"https:\/\/www.blackbirdthermal.com\/wp-content\/uploads\/2022\/09\/BBTH-ACIK-LOGO-00000002.png\",\"width\":4861,\"height\":2661,\"caption\":\"Blackbird Thermal Hotel & SPA\"},\"image\":{\"@id\":\"https:\/\/www.blackbirdthermal.com\/tr\/#\/schema\/logo\/image\/\"},\"sameAs\":[\"https:\/\/www.facebook.com\/blackbirdthermalhotel\/\",\"https:\/\/www.instagram.com\/blackbirdthermalhotel\/\",\"https:\/\/www.youtube.com\/channel\/UC-3dGStBdsgInCfMTJxOBYg\"]}]}<\/script>\n<!-- \/ Yoast SEO plugin. -->","yoast_head_json":{"title":"\u0130\u015f Ba\u015fvuru Formu - Blackbird Thermal Hotel &amp; SPA","robots":{"index":"index","follow":"follow","max-snippet":"max-snippet:-1","max-image-preview":"max-image-preview:large","max-video-preview":"max-video-preview:-1"},"canonical":"https:\/\/www.blackbirdthermal.com\/tr\/is-basvuru-formu\/","og_locale":"tr_TR","og_type":"article","og_title":"\u0130\u015f Ba\u015fvuru Formu - Blackbird Thermal Hotel &amp; SPA","og_description":"\u0130\u015f Ba\u015fvuru Formu","og_url":"https:\/\/www.blackbirdthermal.com\/tr\/is-basvuru-formu\/","og_site_name":"Blackbird Thermal Hotel &amp; SPA","article_publisher":"https:\/\/www.facebook.com\/blackbirdthermalhotel\/","article_modified_time":"2022-09-26T09:43:06+00:00","twitter_card":"summary_large_image","schema":{"@context":"https:\/\/schema.org","@graph":[{"@type":"WebPage","@id":"https:\/\/www.blackbirdthermal.com\/tr\/is-basvuru-formu\/","url":"https:\/\/www.blackbirdthermal.com\/tr\/is-basvuru-formu\/","name":"\u0130\u015f Ba\u015fvuru Formu - Blackbird Thermal Hotel &amp; SPA","isPartOf":{"@id":"https:\/\/www.blackbirdthermal.com\/tr\/#website"},"datePublished":"2022-09-26T09:39:19+00:00","dateModified":"2022-09-26T09:43:06+00:00","breadcrumb":{"@id":"https:\/\/www.blackbirdthermal.com\/tr\/is-basvuru-formu\/#breadcrumb"},"inLanguage":"tr","potentialAction":[{"@type":"ReadAction","target":["https:\/\/www.blackbirdthermal.com\/tr\/is-basvuru-formu\/"]}]},{"@type":"BreadcrumbList","@id":"https:\/\/www.blackbirdthermal.com\/tr\/is-basvuru-formu\/#breadcrumb","itemListElement":[{"@type":"ListItem","position":1,"name":"Anasayfa","item":"https:\/\/www.blackbirdthermal.com\/tr\/"},{"@type":"ListItem","position":2,"name":"\u0130\u015f Ba\u015fvuru Formu"}]},{"@type":"WebSite","@id":"https:\/\/www.blackbirdthermal.com\/tr\/#website","url":"https:\/\/www.blackbirdthermal.com\/tr\/","name":"Blackbird Thermal Hotel & SPA","description":"G\u00f6k\u00e7edere Mah. Atat\u00fcrk Cad. No.30 \/ 1 Termal YALOVA","publisher":{"@id":"https:\/\/www.blackbirdthermal.com\/tr\/#organization"},"potentialAction":[{"@type":"SearchAction","target":{"@type":"EntryPoint","urlTemplate":"https:\/\/www.blackbirdthermal.com\/tr\/?s={search_term_string}"},"query-input":{"@type":"PropertyValueSpecification","valueRequired":true,"valueName":"search_term_string"}}],"inLanguage":"tr"},{"@type":"Organization","@id":"https:\/\/www.blackbirdthermal.com\/tr\/#organization","name":"Blackbird Thermal Hotel & SPA","url":"https:\/\/www.blackbirdthermal.com\/tr\/","logo":{"@type":"ImageObject","inLanguage":"tr","@id":"https:\/\/www.blackbirdthermal.com\/tr\/#\/schema\/logo\/image\/","url":"https:\/\/www.blackbirdthermal.com\/wp-content\/uploads\/2022\/09\/BBTH-ACIK-LOGO-00000002.png","contentUrl":"https:\/\/www.blackbirdthermal.com\/wp-content\/uploads\/2022\/09\/BBTH-ACIK-LOGO-00000002.png","width":4861,"height":2661,"caption":"Blackbird Thermal Hotel & SPA"},"image":{"@id":"https:\/\/www.blackbirdthermal.com\/tr\/#\/schema\/logo\/image\/"},"sameAs":["https:\/\/www.facebook.com\/blackbirdthermalhotel\/","https:\/\/www.instagram.com\/blackbirdthermalhotel\/","https:\/\/www.youtube.com\/channel\/UC-3dGStBdsgInCfMTJxOBYg"]}]}},"_links":{"self":[{"href":"https:\/\/www.blackbirdthermal.com\/tr\/wp-json\/wp\/v2\/pages\/4273","targetHints":{"allow":["GET"]}}],"collection":[{"href":"https:\/\/www.blackbirdthermal.com\/tr\/wp-json\/wp\/v2\/pages"}],"about":[{"href":"https:\/\/www.blackbirdthermal.com\/tr\/wp-json\/wp\/v2\/types\/page"}],"author":[{"embeddable":true,"href":"https:\/\/www.blackbirdthermal.com\/tr\/wp-json\/wp\/v2\/users\/1"}],"replies":[{"embeddable":true,"href":"https:\/\/www.blackbirdthermal.com\/tr\/wp-json\/wp\/v2\/comments?post=4273"}],"version-history":[{"count":0,"href":"https:\/\/www.blackbirdthermal.com\/tr\/wp-json\/wp\/v2\/pages\/4273\/revisions"}],"wp:attachment":[{"href":"https:\/\/www.blackbirdthermal.com\/tr\/wp-json\/wp\/v2\/media?parent=4273"}],"curies":[{"name":"wp","href":"https:\/\/api.w.org\/{rel}","templated":true}]}}