{"id":6114,"date":"2022-12-03T16:04:39","date_gmt":"2022-12-03T13:04:39","guid":{"rendered":"https:\/\/www.blackbirdthermal.com\/?page_id=6114"},"modified":"2022-12-03T16:14:05","modified_gmt":"2022-12-03T13:14:05","slug":"toplanti-ve-davet","status":"publish","type":"page","link":"https:\/\/www.blackbirdthermal.com\/tr\/toplanti-ve-davet\/","title":{"rendered":"Toplant\u0131 ve Davet"},"content":{"rendered":"\t\t<div data-elementor-type=\"wp-page\" data-elementor-id=\"6114\" class=\"elementor elementor-6114\">\n\t\t\t\t\t\t<section class=\"elementor-section elementor-top-section elementor-element elementor-element-e485d7e elementor-section-boxed elementor-section-height-default elementor-section-height-default\" data-id=\"e485d7e\" data-element_type=\"section\" data-e-type=\"section\" data-settings=\"{&quot;ekit_has_onepagescroll_dot&quot;:&quot;yes&quot;}\">\n\t\t\t\t\t\t<div class=\"elementor-container elementor-column-gap-default\">\n\t\t\t\t\t<div class=\"elementor-column elementor-col-100 elementor-top-column elementor-element elementor-element-df4f57d\" data-id=\"df4f57d\" data-element_type=\"column\" data-e-type=\"column\">\n\t\t\t<div class=\"elementor-widget-wrap elementor-element-populated\">\n\t\t\t\t\t\t<div class=\"elementor-element elementor-element-c625952 elementor-widget elementor-widget-heading\" data-id=\"c625952\" data-element_type=\"widget\" data-e-type=\"widget\" data-settings=\"{&quot;ekit_we_effect_on&quot;:&quot;none&quot;}\" data-widget_type=\"heading.default\">\n\t\t\t\t\t<h2 class=\"elementor-heading-title elementor-size-default\">Toplant\u0131 ve Davet\n<\/h2>\t\t\t\t<\/div>\n\t\t\t\t\t<\/div>\n\t\t<\/div>\n\t\t\t\t\t<\/div>\n\t\t<\/section>\n\t\t\t\t<section class=\"elementor-section elementor-top-section elementor-element elementor-element-b8bb51f elementor-section-boxed elementor-section-height-default elementor-section-height-default\" data-id=\"b8bb51f\" data-element_type=\"section\" data-e-type=\"section\" data-settings=\"{&quot;ekit_has_onepagescroll_dot&quot;:&quot;yes&quot;}\">\n\t\t\t\t\t\t<div class=\"elementor-container elementor-column-gap-default\">\n\t\t\t\t\t<div class=\"elementor-column elementor-col-100 elementor-top-column elementor-element elementor-element-c4c7502\" data-id=\"c4c7502\" data-element_type=\"column\" data-e-type=\"column\">\n\t\t\t<div class=\"elementor-widget-wrap elementor-element-populated\">\n\t\t\t\t\t\t<div class=\"elementor-element elementor-element-07647f3 elementor-widget elementor-widget-text-editor\" data-id=\"07647f3\" data-element_type=\"widget\" data-e-type=\"widget\" data-settings=\"{&quot;ekit_we_effect_on&quot;:&quot;none&quot;}\" data-widget_type=\"text-editor.default\">\n\t\t\t\t\t\t\t\t\t<p style=\"text-align: center;\">100 <span class=\"ILfuVd\" lang=\"tr\"><span class=\"hgKElc\">m\u00b2<\/span><\/span>net kullan\u0131m alan\u0131na sahip teknoloji donatlar\u0131 tam (barkovizyon, ses ve \u0131\u015f\u0131k sistemleri) \u015firket, kurum vb. organizasyonlar i\u00e7in hizmet vermektedir.<\/p>\t\t\t\t\t\t\t\t<\/div>\n\t\t\t\t\t<\/div>\n\t\t<\/div>\n\t\t\t\t\t<\/div>\n\t\t<\/section>\n\t\t\t\t<section class=\"elementor-section elementor-top-section elementor-element elementor-element-c38ce0f elementor-section-boxed elementor-section-height-default elementor-section-height-default\" data-id=\"c38ce0f\" data-element_type=\"section\" data-e-type=\"section\" data-settings=\"{&quot;ekit_has_onepagescroll_dot&quot;:&quot;yes&quot;}\">\n\t\t\t\t\t\t<div class=\"elementor-container elementor-column-gap-default\">\n\t\t\t\t\t<div class=\"elementor-column elementor-col-100 elementor-top-column elementor-element elementor-element-8649947\" data-id=\"8649947\" data-element_type=\"column\" data-e-type=\"column\">\n\t\t\t<div class=\"elementor-widget-wrap elementor-element-populated\">\n\t\t\t\t\t\t<div class=\"elementor-element elementor-element-3f06f32 elementor-widget elementor-widget-image-gallery\" data-id=\"3f06f32\" data-element_type=\"widget\" data-e-type=\"widget\" data-settings=\"{&quot;ekit_we_effect_on&quot;:&quot;none&quot;}\" data-widget_type=\"image-gallery.default\">\n\t\t\t\t\t\t\t<div class=\"elementor-image-gallery\">\n\t\t\t<div id='gallery-1' class='gallery galleryid-6114 gallery-columns-4 gallery-size-hotelft_room_carousel'><figure class='gallery-item'>\n\t\t\t<div class='gallery-icon landscape'>\n\t\t\t\t<a data-elementor-open-lightbox=\"yes\" data-elementor-lightbox-slideshow=\"3f06f32\" data-elementor-lightbox-title=\"AYK_5022\" data-e-action-hash=\"#elementor-action%3Aaction%3Dlightbox%26settings%3DeyJpZCI6NDE2MCwidXJsIjoiaHR0cHM6XC9cL3d3dy5ibGFja2JpcmR0aGVybWFsLmNvbVwvd3AtY29udGVudFwvdXBsb2Fkc1wvMjAyMlwvMDlcL0FZS181MDIyLTEtZTE2Njk5MDIwNTg1MjYuanBnIiwic2xpZGVzaG93IjoiM2YwNmYzMiJ9\" href='https:\/\/www.blackbirdthermal.com\/wp-content\/uploads\/2022\/09\/AYK_5022-1-e1669902058526.jpg'><img fetchpriority=\"high\" decoding=\"async\" width=\"660\" height=\"450\" src=\"https:\/\/www.blackbirdthermal.com\/wp-content\/uploads\/2022\/09\/AYK_5022-1-e1669902058526-660x450.jpg\" class=\"attachment-hotelft_room_carousel size-hotelft_room_carousel\" alt=\"\" \/><\/a>\n\t\t\t<\/div><\/figure>\n\t\t<\/div>\n\t\t<\/div>\n\t\t\t\t\t\t<\/div>\n\t\t\t\t\t<\/div>\n\t\t<\/div>\n\t\t\t\t\t<\/div>\n\t\t<\/section>\n\t\t\t\t<\/div>\n\t\t","protected":false},"excerpt":{"rendered":"<p>Toplant\u0131 ve Davet 100 m\u00b2net kullan\u0131m alan\u0131na sahip teknoloji donatlar\u0131 tam (barkovizyon, ses ve \u0131\u015f\u0131k sistemleri) \u015firket, kurum vb. organizasyonlar i\u00e7in hizmet vermektedir.<\/p>\n","protected":false},"author":1,"featured_media":0,"parent":0,"menu_order":0,"comment_status":"closed","ping_status":"closed","template":"elementor_header_footer","meta":{"two_page_speed":[],"footnotes":""},"class_list":["post-6114","page","type-page","status-publish","hentry"],"yoast_head":"<!-- This site is optimized with the Yoast SEO plugin v27.0 - https:\/\/yoast.com\/product\/yoast-seo-wordpress\/ -->\n<title>Toplant\u0131 ve Davet - Blackbird Thermal Hotel &amp; SPA<\/title>\n<meta name=\"robots\" content=\"index, follow, max-snippet:-1, max-image-preview:large, max-video-preview:-1\" \/>\n<link rel=\"canonical\" href=\"https:\/\/www.blackbirdthermal.com\/tr\/toplanti-ve-davet\/\" \/>\n<meta property=\"og:locale\" content=\"tr_TR\" \/>\n<meta property=\"og:type\" content=\"article\" \/>\n<meta property=\"og:title\" content=\"Toplant\u0131 ve Davet - Blackbird Thermal Hotel &amp; SPA\" \/>\n<meta property=\"og:description\" content=\"Toplant\u0131 ve Davet 100 m\u00b2net kullan\u0131m alan\u0131na sahip teknoloji donatlar\u0131 tam (barkovizyon, ses ve \u0131\u015f\u0131k sistemleri) \u015firket, kurum vb. organizasyonlar i\u00e7in hizmet vermektedir.\" \/>\n<meta property=\"og:url\" content=\"https:\/\/www.blackbirdthermal.com\/tr\/toplanti-ve-davet\/\" \/>\n<meta property=\"og:site_name\" content=\"Blackbird Thermal Hotel &amp; SPA\" \/>\n<meta property=\"article:publisher\" content=\"https:\/\/www.facebook.com\/blackbirdthermalhotel\/\" \/>\n<meta property=\"article:modified_time\" content=\"2022-12-03T13:14:05+00:00\" \/>\n<meta property=\"og:image\" content=\"https:\/\/www.blackbirdthermal.com\/wp-content\/uploads\/2022\/09\/AYK_5022-1-e1669902058526-660x450.jpg\" \/>\n<meta name=\"twitter:card\" content=\"summary_large_image\" \/>\n<script type=\"application\/ld+json\" class=\"yoast-schema-graph\">{\"@context\":\"https:\/\/schema.org\",\"@graph\":[{\"@type\":\"WebPage\",\"@id\":\"https:\/\/www.blackbirdthermal.com\/tr\/toplanti-ve-davet\/\",\"url\":\"https:\/\/www.blackbirdthermal.com\/tr\/toplanti-ve-davet\/\",\"name\":\"Toplant\u0131 ve Davet - Blackbird Thermal Hotel &amp; SPA\",\"isPartOf\":{\"@id\":\"https:\/\/www.blackbirdthermal.com\/tr\/#website\"},\"primaryImageOfPage\":{\"@id\":\"https:\/\/www.blackbirdthermal.com\/tr\/toplanti-ve-davet\/#primaryimage\"},\"image\":{\"@id\":\"https:\/\/www.blackbirdthermal.com\/tr\/toplanti-ve-davet\/#primaryimage\"},\"thumbnailUrl\":\"https:\/\/www.blackbirdthermal.com\/wp-content\/uploads\/2022\/09\/AYK_5022-1-e1669902058526-660x450.jpg\",\"datePublished\":\"2022-12-03T13:04:39+00:00\",\"dateModified\":\"2022-12-03T13:14:05+00:00\",\"breadcrumb\":{\"@id\":\"https:\/\/www.blackbirdthermal.com\/tr\/toplanti-ve-davet\/#breadcrumb\"},\"inLanguage\":\"tr\",\"potentialAction\":[{\"@type\":\"ReadAction\",\"target\":[\"https:\/\/www.blackbirdthermal.com\/tr\/toplanti-ve-davet\/\"]}]},{\"@type\":\"ImageObject\",\"inLanguage\":\"tr\",\"@id\":\"https:\/\/www.blackbirdthermal.com\/tr\/toplanti-ve-davet\/#primaryimage\",\"url\":\"https:\/\/www.blackbirdthermal.com\/wp-content\/uploads\/2022\/09\/AYK_5022-1-e1669902058526-660x450.jpg\",\"contentUrl\":\"https:\/\/www.blackbirdthermal.com\/wp-content\/uploads\/2022\/09\/AYK_5022-1-e1669902058526-660x450.jpg\"},{\"@type\":\"BreadcrumbList\",\"@id\":\"https:\/\/www.blackbirdthermal.com\/tr\/toplanti-ve-davet\/#breadcrumb\",\"itemListElement\":[{\"@type\":\"ListItem\",\"position\":1,\"name\":\"Anasayfa\",\"item\":\"https:\/\/www.blackbirdthermal.com\/tr\/\"},{\"@type\":\"ListItem\",\"position\":2,\"name\":\"Toplant\u0131 ve Davet\"}]},{\"@type\":\"WebSite\",\"@id\":\"https:\/\/www.blackbirdthermal.com\/tr\/#website\",\"url\":\"https:\/\/www.blackbirdthermal.com\/tr\/\",\"name\":\"Blackbird Thermal Hotel & SPA\",\"description\":\"G\u00f6k\u00e7edere Mah. Atat\u00fcrk Cad. No.30 \/ 1 Termal YALOVA\",\"publisher\":{\"@id\":\"https:\/\/www.blackbirdthermal.com\/tr\/#organization\"},\"potentialAction\":[{\"@type\":\"SearchAction\",\"target\":{\"@type\":\"EntryPoint\",\"urlTemplate\":\"https:\/\/www.blackbirdthermal.com\/tr\/?s={search_term_string}\"},\"query-input\":{\"@type\":\"PropertyValueSpecification\",\"valueRequired\":true,\"valueName\":\"search_term_string\"}}],\"inLanguage\":\"tr\"},{\"@type\":\"Organization\",\"@id\":\"https:\/\/www.blackbirdthermal.com\/tr\/#organization\",\"name\":\"Blackbird Thermal Hotel & SPA\",\"url\":\"https:\/\/www.blackbirdthermal.com\/tr\/\",\"logo\":{\"@type\":\"ImageObject\",\"inLanguage\":\"tr\",\"@id\":\"https:\/\/www.blackbirdthermal.com\/tr\/#\/schema\/logo\/image\/\",\"url\":\"https:\/\/www.blackbirdthermal.com\/wp-content\/uploads\/2022\/09\/BBTH-ACIK-LOGO-00000002.png\",\"contentUrl\":\"https:\/\/www.blackbirdthermal.com\/wp-content\/uploads\/2022\/09\/BBTH-ACIK-LOGO-00000002.png\",\"width\":4861,\"height\":2661,\"caption\":\"Blackbird Thermal Hotel & SPA\"},\"image\":{\"@id\":\"https:\/\/www.blackbirdthermal.com\/tr\/#\/schema\/logo\/image\/\"},\"sameAs\":[\"https:\/\/www.facebook.com\/blackbirdthermalhotel\/\",\"https:\/\/www.instagram.com\/blackbirdthermalhotel\/\",\"https:\/\/www.youtube.com\/channel\/UC-3dGStBdsgInCfMTJxOBYg\"]}]}<\/script>\n<!-- \/ Yoast SEO plugin. -->","yoast_head_json":{"title":"Toplant\u0131 ve Davet - Blackbird Thermal Hotel &amp; SPA","robots":{"index":"index","follow":"follow","max-snippet":"max-snippet:-1","max-image-preview":"max-image-preview:large","max-video-preview":"max-video-preview:-1"},"canonical":"https:\/\/www.blackbirdthermal.com\/tr\/toplanti-ve-davet\/","og_locale":"tr_TR","og_type":"article","og_title":"Toplant\u0131 ve Davet - Blackbird Thermal Hotel &amp; SPA","og_description":"Toplant\u0131 ve Davet 100 m\u00b2net kullan\u0131m alan\u0131na sahip teknoloji donatlar\u0131 tam (barkovizyon, ses ve \u0131\u015f\u0131k sistemleri) \u015firket, kurum vb. organizasyonlar i\u00e7in hizmet vermektedir.","og_url":"https:\/\/www.blackbirdthermal.com\/tr\/toplanti-ve-davet\/","og_site_name":"Blackbird Thermal Hotel &amp; SPA","article_publisher":"https:\/\/www.facebook.com\/blackbirdthermalhotel\/","article_modified_time":"2022-12-03T13:14:05+00:00","og_image":[{"url":"https:\/\/www.blackbirdthermal.com\/wp-content\/uploads\/2022\/09\/AYK_5022-1-e1669902058526-660x450.jpg","type":"","width":"","height":""}],"twitter_card":"summary_large_image","schema":{"@context":"https:\/\/schema.org","@graph":[{"@type":"WebPage","@id":"https:\/\/www.blackbirdthermal.com\/tr\/toplanti-ve-davet\/","url":"https:\/\/www.blackbirdthermal.com\/tr\/toplanti-ve-davet\/","name":"Toplant\u0131 ve Davet - Blackbird Thermal Hotel &amp; SPA","isPartOf":{"@id":"https:\/\/www.blackbirdthermal.com\/tr\/#website"},"primaryImageOfPage":{"@id":"https:\/\/www.blackbirdthermal.com\/tr\/toplanti-ve-davet\/#primaryimage"},"image":{"@id":"https:\/\/www.blackbirdthermal.com\/tr\/toplanti-ve-davet\/#primaryimage"},"thumbnailUrl":"https:\/\/www.blackbirdthermal.com\/wp-content\/uploads\/2022\/09\/AYK_5022-1-e1669902058526-660x450.jpg","datePublished":"2022-12-03T13:04:39+00:00","dateModified":"2022-12-03T13:14:05+00:00","breadcrumb":{"@id":"https:\/\/www.blackbirdthermal.com\/tr\/toplanti-ve-davet\/#breadcrumb"},"inLanguage":"tr","potentialAction":[{"@type":"ReadAction","target":["https:\/\/www.blackbirdthermal.com\/tr\/toplanti-ve-davet\/"]}]},{"@type":"ImageObject","inLanguage":"tr","@id":"https:\/\/www.blackbirdthermal.com\/tr\/toplanti-ve-davet\/#primaryimage","url":"https:\/\/www.blackbirdthermal.com\/wp-content\/uploads\/2022\/09\/AYK_5022-1-e1669902058526-660x450.jpg","contentUrl":"https:\/\/www.blackbirdthermal.com\/wp-content\/uploads\/2022\/09\/AYK_5022-1-e1669902058526-660x450.jpg"},{"@type":"BreadcrumbList","@id":"https:\/\/www.blackbirdthermal.com\/tr\/toplanti-ve-davet\/#breadcrumb","itemListElement":[{"@type":"ListItem","position":1,"name":"Anasayfa","item":"https:\/\/www.blackbirdthermal.com\/tr\/"},{"@type":"ListItem","position":2,"name":"Toplant\u0131 ve Davet"}]},{"@type":"WebSite","@id":"https:\/\/www.blackbirdthermal.com\/tr\/#website","url":"https:\/\/www.blackbirdthermal.com\/tr\/","name":"Blackbird Thermal Hotel & SPA","description":"G\u00f6k\u00e7edere Mah. Atat\u00fcrk Cad. No.30 \/ 1 Termal YALOVA","publisher":{"@id":"https:\/\/www.blackbirdthermal.com\/tr\/#organization"},"potentialAction":[{"@type":"SearchAction","target":{"@type":"EntryPoint","urlTemplate":"https:\/\/www.blackbirdthermal.com\/tr\/?s={search_term_string}"},"query-input":{"@type":"PropertyValueSpecification","valueRequired":true,"valueName":"search_term_string"}}],"inLanguage":"tr"},{"@type":"Organization","@id":"https:\/\/www.blackbirdthermal.com\/tr\/#organization","name":"Blackbird Thermal Hotel & SPA","url":"https:\/\/www.blackbirdthermal.com\/tr\/","logo":{"@type":"ImageObject","inLanguage":"tr","@id":"https:\/\/www.blackbirdthermal.com\/tr\/#\/schema\/logo\/image\/","url":"https:\/\/www.blackbirdthermal.com\/wp-content\/uploads\/2022\/09\/BBTH-ACIK-LOGO-00000002.png","contentUrl":"https:\/\/www.blackbirdthermal.com\/wp-content\/uploads\/2022\/09\/BBTH-ACIK-LOGO-00000002.png","width":4861,"height":2661,"caption":"Blackbird Thermal Hotel & SPA"},"image":{"@id":"https:\/\/www.blackbirdthermal.com\/tr\/#\/schema\/logo\/image\/"},"sameAs":["https:\/\/www.facebook.com\/blackbirdthermalhotel\/","https:\/\/www.instagram.com\/blackbirdthermalhotel\/","https:\/\/www.youtube.com\/channel\/UC-3dGStBdsgInCfMTJxOBYg"]}]}},"_links":{"self":[{"href":"https:\/\/www.blackbirdthermal.com\/tr\/wp-json\/wp\/v2\/pages\/6114","targetHints":{"allow":["GET"]}}],"collection":[{"href":"https:\/\/www.blackbirdthermal.com\/tr\/wp-json\/wp\/v2\/pages"}],"about":[{"href":"https:\/\/www.blackbirdthermal.com\/tr\/wp-json\/wp\/v2\/types\/page"}],"author":[{"embeddable":true,"href":"https:\/\/www.blackbirdthermal.com\/tr\/wp-json\/wp\/v2\/users\/1"}],"replies":[{"embeddable":true,"href":"https:\/\/www.blackbirdthermal.com\/tr\/wp-json\/wp\/v2\/comments?post=6114"}],"version-history":[{"count":0,"href":"https:\/\/www.blackbirdthermal.com\/tr\/wp-json\/wp\/v2\/pages\/6114\/revisions"}],"wp:attachment":[{"href":"https:\/\/www.blackbirdthermal.com\/tr\/wp-json\/wp\/v2\/media?parent=6114"}],"curies":[{"name":"wp","href":"https:\/\/api.w.org\/{rel}","templated":true}]}}