{"id":8991,"date":"2025-10-08T17:18:46","date_gmt":"2025-10-08T14:18:46","guid":{"rendered":"https:\/\/www.blackbirdthermal.com\/?page_id=8991"},"modified":"2025-10-08T17:27:07","modified_gmt":"2025-10-08T14:27:07","slug":"surdurulebilirlik-raporlamasi","status":"publish","type":"page","link":"https:\/\/www.blackbirdthermal.com\/tr\/surdurulebilirlik-raporlamasi\/","title":{"rendered":"S\u00dcRD\u00dcR\u00dcLEB\u0130L\u0130RL\u0130K RAPORLAMASI"},"content":{"rendered":"\t\t<div data-elementor-type=\"wp-page\" data-elementor-id=\"8991\" class=\"elementor elementor-8991\">\n\t\t\t\t<div class=\"elementor-element elementor-element-be351cb e-flex e-con-boxed e-con e-parent\" data-id=\"be351cb\" data-element_type=\"container\" data-e-type=\"container\" data-settings=\"{&quot;ekit_has_onepagescroll_dot&quot;:&quot;yes&quot;}\">\n\t\t\t\t\t<div class=\"e-con-inner\">\n\t\t\t\t<div class=\"elementor-element elementor-element-00eb381 elementor-widget elementor-widget-heading\" data-id=\"00eb381\" data-element_type=\"widget\" data-e-type=\"widget\" data-settings=\"{&quot;ekit_we_effect_on&quot;:&quot;none&quot;}\" data-widget_type=\"heading.default\">\n\t\t\t\t\t<h1 class=\"elementor-heading-title elementor-size-default\"><p align=\"center\" style=\"text-align: center;font-weight: 400;letter-spacing: -0.1px\"><span style=\"letter-spacing: -0.1px;font-weight: 700;text-align: start;font-size: 16px\"><font color=\"#7a7a7a\">S\u00dcRD\u00dcR\u00dcLEB\u0130L\u0130RL\u0130K RAPORLAMASI<\/font><\/span><span style=\"font-size: 32px;letter-spacing: -0.1px;font-weight: 700;text-align: start\"><\/span><\/p><\/h1>\t\t\t\t<\/div>\n\t\t\t\t\t<\/div>\n\t\t\t\t<\/div>\n\t\t<div class=\"elementor-element elementor-element-7510c13 e-flex e-con-boxed e-con e-parent\" data-id=\"7510c13\" data-element_type=\"container\" data-e-type=\"container\" data-settings=\"{&quot;ekit_has_onepagescroll_dot&quot;:&quot;yes&quot;}\">\n\t\t\t\t\t<div class=\"e-con-inner\">\n\t\t\t\t<div class=\"elementor-element elementor-element-e1e7bef elementor-widget elementor-widget-image\" data-id=\"e1e7bef\" data-element_type=\"widget\" data-e-type=\"widget\" data-settings=\"{&quot;ekit_we_effect_on&quot;:&quot;none&quot;}\" data-widget_type=\"image.default\">\n\t\t\t\t\t\t\t\t\t\t\t\t\t\t\t<img fetchpriority=\"high\" decoding=\"async\" width=\"311\" height=\"252\" src=\"https:\/\/www.blackbirdthermal.com\/wp-content\/uploads\/2025\/10\/surdurulebilirlik.png\" class=\"attachment-large size-large wp-image-8992\" alt=\"\" srcset=\"https:\/\/www.blackbirdthermal.com\/wp-content\/uploads\/2025\/10\/surdurulebilirlik.png 311w, https:\/\/www.blackbirdthermal.com\/wp-content\/uploads\/2025\/10\/surdurulebilirlik-300x243.png 300w, https:\/\/www.blackbirdthermal.com\/wp-content\/uploads\/2025\/10\/surdurulebilirlik-15x12.png 15w\" sizes=\"(max-width: 311px) 100vw, 311px\" \/>\t\t\t\t\t\t\t\t\t\t\t\t\t\t\t<\/div>\n\t\t\t\t\t<\/div>\n\t\t\t\t<\/div>\n\t\t<div class=\"elementor-element elementor-element-57066fd e-flex e-con-boxed e-con e-parent\" data-id=\"57066fd\" data-element_type=\"container\" data-e-type=\"container\" data-settings=\"{&quot;ekit_has_onepagescroll_dot&quot;:&quot;yes&quot;}\">\n\t\t\t\t\t<div class=\"e-con-inner\">\n\t\t\t\t<div class=\"elementor-element elementor-element-c4e4da4 elementor-widget elementor-widget-text-editor\" data-id=\"c4e4da4\" data-element_type=\"widget\" data-e-type=\"widget\" data-settings=\"{&quot;ekit_we_effect_on&quot;:&quot;none&quot;}\" data-widget_type=\"text-editor.default\">\n\t\t\t\t\t\t\t\t\t<p align=\"center\" style=\"text-align:center\"><b style=\"text-wrap-mode: initial; color: rgb(122, 122, 122); font-family: Montserrat, sans-serif; text-align: start; background-color: rgb(255, 255, 255); font-size: 22px; letter-spacing: -0.1px;\"><span style=\"font-size:12.0pt;line-height:115%\">G\u0130R\u0130\u015e<\/span><\/b><\/p><p>Black Bird Thermal Hotel &amp; Spa, 2024 y\u0131l\u0131 boyunca\ns\u00fcrd\u00fcr\u00fclebilirlik alan\u0131nda \u00f6nemli ad\u0131mlar atm\u0131\u015f ve \u00e7evresel, sosyal, k\u00fclt\u00fcrel\nve ekonomik sorumluluklar\u0131n\u0131 yerine getirme noktas\u0131nda pek \u00e7ok \u00f6nemli geli\u015fme\nkaydetmi\u015ftir. Bu rapor, 2024 y\u0131l\u0131nda elde edilen veriler ve s\u00fcrd\u00fcr\u00fclebilirlik\nhedeflerine dayal\u0131 olarak haz\u0131rlanm\u0131\u015f olup, GSTC (Global Sustainable Tourism\nCouncil) kriterlerine g\u00f6re \u015fekillendirilmi\u015ftir. Bu raporun amac\u0131,\ns\u00fcrd\u00fcr\u00fclebilir. Turizmin gerekliliklerini yerine getirme konusunda Black Bird\nThermal Hotel &amp; Spa\u2019in performans\u0131n\u0131 izlemek, ba\u015far\u0131lar\u0131n\u0131 de\u011ferlendirmek\nve 2025 y\u0131l\u0131na dair hedeflerini belirlemektir.<o:p><\/o:p><\/p><p><b>1. Y\u00f6neti\u015fim ve S\u00fcrd\u00fcr\u00fclebilirlik Y\u00f6netimi<o:p><\/o:p><\/b><\/p><p>Black Bird Thermal Hotel &amp; Spa, s\u00fcrd\u00fcr\u00fclebilirlik\ny\u00f6netimini i\u015fletme stratejisinin ayr\u0131lmaz bir par\u00e7as\u0131 olarak kabul etmektedir.\nBu kapsamda, \u00e7evresel, sosyal ve ekonomik s\u00fcrd\u00fcr\u00fclebilirlik konular\u0131na y\u00f6nelik\n\u00e7e\u015fitli politikalar ve uygulamalar geli\u015ftirilmi\u015ftir.<o:p><\/o:p><\/p><p><b>Y\u00f6netim Yap\u0131s\u0131:<o:p><\/o:p><\/b><\/p><p>1-S\u00fcrd\u00fcr\u00fclebilirlik y\u00f6netimi, \u00fcst y\u00f6netim taraf\u0131ndan\ndenetlenmekte ve t\u00fcm departmanlar aras\u0131nda koordineli bir \u015fekilde\nuygulanmaktad\u0131r. <o:p><\/o:p><\/p><p>2-\u00c7al\u0131\u015fanlar, s\u00fcrd\u00fcr\u00fclebilirlik konusunda s\u00fcrekli e\u011fitim\nalmakta ve bu konuda performans de\u011ferlendirmeleri yap\u0131lmaktad\u0131r.<o:p><\/o:p><\/p><p>3-2024 y\u0131l\u0131nda s\u00fcrd\u00fcr\u00fclebilirlik stratejilerine dair y\u0131ll\u0131k\nde\u011ferlendirmeler ve hedefler belirlenmi\u015ftir.<o:p><\/o:p><\/p><p><b>Hedefler:<o:p><\/o:p><\/b><\/p><p>* S\u00fcrd\u00fcr\u00fclebilirlik y\u00f6netim sistemini her y\u0131l g\u00f6zden\nge\u00e7irmek ve iyile\u015ftirme f\u0131rsatlar\u0131n\u0131 de\u011ferlendirmek.<o:p><\/o:p><\/p><p>* 2025 y\u0131l\u0131 i\u00e7in belirlenen \u00e7evresel hedeflere ula\u015f\u0131lmas\u0131n\u0131\nsa\u011flamak.<o:p><\/o:p><\/p><p><b>2. \u00c7evresel S\u00fcrd\u00fcr\u00fclebilirlik<o:p><\/o:p><\/b><\/p><p>\u00c7evresel s\u00fcrd\u00fcr\u00fclebilirlik, Black Bird Thermal Hotel &amp;\nSpa i\u00e7in b\u00fcy\u00fck \u00f6nem ta\u015f\u0131maktad\u0131r. \u00c7evre dostu uygulamalarla enerji verimlili\u011fi,\nsu tasarrufu, at\u0131k y\u00f6netimi ve do\u011fal kaynaklar\u0131n korunmas\u0131na y\u00f6nelik bir dizi\n\u00f6nlem al\u0131nmaktad\u0131r.<o:p><\/o:p><\/p><p><b>2.1. Enerji T\u00fcketimi ve Verimlili\u011fi<o:p><\/o:p><\/b><\/p><p>2024 y\u0131l\u0131nda, elektrik ve su t\u00fcketimi gibi \u00e7evresel\nfakt\u00f6rler izlenmi\u015f ve iyile\u015ftirme f\u0131rsatlar\u0131 de\u011ferlendirilmi\u015ftir.<o:p><\/o:p><\/p><p><b>Elektrik T\u00fcketimi:<o:p><\/o:p><\/b><\/p><p>* 2024 Verisi: 2024 y\u0131l\u0131nda toplamda 844.056,16 KWH elektrik\nt\u00fcketilmi\u015ftir.<o:p><\/o:p><\/p><p>* 2025 Hedefi: Elektrik t\u00fcketimini %5 azaltarak 801.853,36\nKWH&#8217;ye indirmek hedeflenmektedir.<o:p><\/o:p><\/p><p><b>Elektrik T\u00fcketimi (Misafir Ba\u015f\u0131na):<o:p><\/o:p><\/b><\/p><p>* 2024 Verisi: Ortalama 68,05 KWH\/Misafir Gece t\u00fcketildi.<o:p><\/o:p><\/p><p>* 2025 Hedefi: Misafir ba\u015f\u0131na elektrik t\u00fcketimini %2\noran\u0131nda azaltarak 66,69 KWH\/Misafir Gece&#8217;ye d\u00fc\u015f\u00fcrmek hedeflenmektedir.<o:p><\/o:p><\/p><p><b>Uygulanan \u00d6nlemler:<o:p><\/o:p><\/b><\/p><p>* Enerji verimlili\u011fini art\u0131rmaya y\u00f6nelik yenilik\u00e7i\nteknolojiler (LED ayd\u0131nlatma, enerji verimli cihazlar) kullan\u0131lm\u0131\u015ft\u0131r.<o:p><\/o:p><\/p><p>* Enerji tasarrufu sa\u011flamak amac\u0131yla odalarda otomatik \u0131\u015f\u0131k\nve \u0131s\u0131tma\/so\u011futma sistemleri devreye al\u0131nm\u0131\u015ft\u0131r.<o:p><\/o:p><\/p><p><b>2.2. Su Kullan\u0131m\u0131 ve Verimlili\u011fi<o:p><\/o:p><\/b><\/p><p>Su kaynaklar\u0131n\u0131n verimli kullan\u0131m\u0131 ve korunmas\u0131 i\u00e7in \u00e7e\u015fitli\n\u00f6nlemler al\u0131nm\u0131\u015ft\u0131r. Misafir ba\u015f\u0131na su t\u00fcketimi izlenmi\u015f ve hedefler\nbelirlenmi\u015ftir.<o:p><\/o:p><\/p><p><b>Su T\u00fcketimi:<o:p><\/o:p><\/b><\/p><p>* 2024 Su Verisi: Y\u0131ll\u0131k toplamda 13.456 m\u00b3 su\nt\u00fcketilmi\u015ftir.<o:p><\/o:p><\/p><p>* 2024 Termal Su Verisi: Y\u0131ll\u0131k toplamda 26.028 m\u00b3 su\nt\u00fcketilmi\u015ftir.<o:p><\/o:p><\/p><p>* 2025 Su Hedefi: Su t\u00fcketimini %5 oran\u0131nda azaltarak\n12.783,20 m\u00b3&#8217;ye indirmek hedeflenmektedir.<o:p><\/o:p><\/p><p>* 2025 Termal Su Hedefi: Su t\u00fcketimini %10 oran\u0131nda\nazaltarak 20.822,40 m\u00b3&#8217;ye indirmek hedeflenmektedir.<o:p><\/o:p><\/p><p><b>Su T\u00fcketimi (Misafir Ba\u015f\u0131na):<o:p><\/o:p><\/b><\/p><p>* 2024 Verisi: Ortalama 1,09 m\u00b3\/Misafir Gece su t\u00fcketimi\nkaydedilmi\u015ftir.<o:p><\/o:p><\/p><p>* 2024 Termal Su Verisi: Ortalama 2,10 m\u00b3\/Misafir Gece su\nt\u00fcketimi kaydedilmi\u015ftir.<o:p><\/o:p><\/p><p>* 2025 Hedefi: Misafir ba\u015f\u0131na su t\u00fcketimini %5 azaltarak 1,04\nm\u00b3\/Misafir Gece&#8217;ye d\u00fc\u015f\u00fcrmek hedeflenmektedir.<o:p><\/o:p><\/p><p>* 2025 Hedefi: Misafir ba\u015f\u0131na su t\u00fcketimini %10 azaltarak\n1,89 m\u00b3\/Misafir Gece&#8217;ye d\u00fc\u015f\u00fcrmek hedeflenmektedir.<o:p><\/o:p><\/p><p><b>Uygulanan \u00d6nlemler:<o:p><\/o:p><\/b><\/p><p>* Su tasarrufu sa\u011flamak i\u00e7in d\u00fc\u015f\u00fck debili musluklar ve du\u015f\nba\u015fl\u0131klar\u0131 kullan\u0131lm\u0131\u015ft\u0131r.<o:p><\/o:p><\/p><p>* Tesis i\u00e7i su geri d\u00f6n\u00fc\u015f\u00fcm sistemleri i\u00e7in yat\u0131r\u0131mlar\nyap\u0131lm\u0131\u015ft\u0131r.<o:p><\/o:p><\/p><p><b>2.3. At\u0131k Y\u00f6netimi<o:p><\/o:p><\/b><\/p><p>Black Bird Thermal Hotel &amp; Spa, at\u0131klar\u0131n y\u00f6netimini\n\u00e7evresel s\u00fcrd\u00fcr\u00fclebilirlik a\u00e7\u0131s\u0131ndan kritik bir alan olarak g\u00f6rmektedir. At\u0131k\nt\u00fcrlerine g\u00f6re ayr\u0131\u015ft\u0131rma ve geri d\u00f6n\u00fc\u015f\u00fcm oranlar\u0131 art\u0131r\u0131lmaya \u00e7al\u0131\u015f\u0131lmaktad\u0131r.<o:p><\/o:p><\/p><p><b>Ka\u011f\u0131t At\u0131k:<o:p><\/o:p><\/b><\/p><p>* 2024 Verisi: Y\u0131ll\u0131k toplamda 1.580 kg kar\u0131\u015f\u0131k ambalaj at\u0131k\n\u00fcretilmi\u015ftir.<o:p><\/o:p><\/p><p>* 2025 Hedefi: Ka\u011f\u0131t at\u0131k miktar\u0131n\u0131 %7 azaltarak 1.470 kg&#8217;ye\nd\u00fc\u015f\u00fcrmek hedeflenmektedir.<o:p><\/o:p><\/p><p>Uygulanan \u00d6nlemler:<o:p><\/o:p><\/p><p>* Ka\u011f\u0131t ve plastik at\u0131klar ayr\u0131\u015ft\u0131r\u0131lmakta ve geri d\u00f6n\u00fc\u015f\u00fcm\ni\u00e7in ilgili firmalarla i\u015f birli\u011fi yap\u0131lmaktad\u0131r.<o:p><\/o:p><\/p><p>* Organik at\u0131klar, biyolojik at\u0131k i\u015fleme sistemlerine\ny\u00f6nlendirilmektedir.<o:p><\/o:p><\/p><p>* At\u0131klar\u0131n azalt\u0131lmas\u0131 i\u00e7in misafirlere bilgilendirme\nyap\u0131lmakta ve geri d\u00f6n\u00fc\u015f\u00fcm uygulamalar\u0131 te\u015fvik edilmektedir.<o:p><\/o:p><\/p><p><b>3. Sosyal ve K\u00fclt\u00fcrel S\u00fcrd\u00fcr\u00fclebilirlik<o:p><\/o:p><\/b><\/p><p>Black Bird Thermal Hotel &amp; Spa, sosyal sorumluluk\nprojeleriyle yerel toplumu desteklemekte ve k\u00fclt\u00fcrel miras\u0131 korumaya y\u00f6nelik\n\u00e7abalar g\u00f6stermektedir. Yerel halk\u0131n ekonomik geli\u015fimine katk\u0131da bulunmak ve\nk\u00fclt\u00fcrel de\u011ferleri ya\u015fatmak \u00f6ncelikli hedeflerden biridir.<o:p><\/o:p><\/p><p><b>3.1. Yerel Toplum ve Ekonomik Katk\u0131<o:p><\/o:p><\/b><\/p><p>Black Bird Thermal Hotel &amp; Spa, yerel i\u015f g\u00fcc\u00fcn\u00fc\ndesteklemekte ve yerel tedarik\u00e7ilere \u00f6ncelik vermektedir. Ayr\u0131ca, yerel\nekonomiyi canland\u0131rmak i\u00e7in \u00e7e\u015fitli i\u015f birlikleri kurmaktad\u0131r.<o:p><\/o:p><\/p><p><b>Uygulanan \u00d6nlemler:<o:p><\/o:p><\/b><\/p><p>* Yerel \u00fcreticilerden tedarik sa\u011flanarak, \u00e7evresel ayak izi\nazalt\u0131lmaktad\u0131r.<o:p><\/o:p><\/p><p>* Yerel istihdam\u0131 art\u0131rarak, otelde \u00e7al\u0131\u015fanlar\u0131n %80\u2019inin\nyerel halktan olmas\u0131 sa\u011flanm\u0131\u015ft\u0131r.<o:p><\/o:p><\/p><p><b>3.2. K\u00fclt\u00fcrel Koruma ve \u0130leti\u015fim<o:p><\/o:p><\/b><\/p><p>Black Bird Thermal Hotel &amp; Spa, yerel k\u00fclt\u00fcr ve miras\u0131\ntan\u0131tmak amac\u0131yla \u00e7e\u015fitli etkinlikler ve k\u00fclt\u00fcrel projeler d\u00fczenlemektedir.<o:p><\/o:p><\/p><p>Uygulanan \u00d6nlemler:<o:p><\/o:p><\/p><p>* Otel, yerel sanat\u00e7\u0131lara ve zanaatkarlar i\u00e7in sergi\nalanlar\u0131 sa\u011flamakta ve yerel k\u00fclt\u00fcrel miras\u0131 tan\u0131tan etkinlikler\nd\u00fczenlemektedir. <o:p><\/o:p><\/p><p>* Misafirlere, b\u00f6lgenin k\u00fclt\u00fcrel ve tarihi zenginlikleri\nhakk\u0131nda bilgi sa\u011flanmaktad\u0131r.<o:p><\/o:p><\/p><p><b>4. S\u00fcrd\u00fcr\u00fclebilir Turizm Performans \u0130zleme<o:p><\/o:p><\/b><\/p><p>Black Bird Thermal Hotel &amp; Spa, \u00e7evresel etkileri\nd\u00fczenli olarak izlemekte ve s\u00fcrd\u00fcr\u00fclebilirlik hedeflerine ne derece\nula\u015f\u0131ld\u0131\u011f\u0131n\u0131 raporlamaktad\u0131r.<o:p><\/o:p><\/p><p>* \u00c7evresel veriler (enerji t\u00fcketimi, su kullan\u0131m\u0131, at\u0131k\ny\u00f6netimi) her y\u0131l de\u011ferlendirilmekte ve iyile\u015ftirme f\u0131rsatlar\u0131 g\u00f6zden\nge\u00e7irilmektedir.<o:p><\/o:p><\/p><p><o:p>&nbsp;<\/o:p><\/p><p><b>Sonu\u00e7 ve 2025 Hedefleri<o:p><\/o:p><\/b><\/p><p>2024 y\u0131l\u0131nda Black Bird Thermal Hotel &amp; Spa, \u00e7evresel,\nsosyal ve k\u00fclt\u00fcrel s\u00fcrd\u00fcr\u00fclebilirlik alanlar\u0131nda \u00f6nemli ilerlemeler\nkaydetmi\u015ftir. 2025 y\u0131l\u0131 i\u00e7in belirlenen hedefler do\u011frultusunda, enerji\nverimlili\u011fi, su t\u00fcketimi ve at\u0131k y\u00f6netimi alanlar\u0131nda ek iyile\u015ftirmeler\nyap\u0131lacak ve yerel topluluklarla olan i\u015f birlikleri daha da g\u00fc\u00e7lendirilecektir.<o:p><\/o:p><\/p><p>\n\n\n\n\n\n\n\n\n\n\n\n\n\n\n\n\n\n\n\n\n\n\n\n\n\n\n\n\n\n\n\n\n\n\n\n\n\n\n\n\n\n\n\n\n\n\n\n\n\n\n\n\n\n\n\n\n\n\n\n\n\n\n\n\n\n\n\n\n\n\n\n\n\n\n\n\n\n\n\n\n\n\n\n\n\n\n\n\n\n\n\n\n\n\n\n\n\n\n\n\n\n\n\n\n\n\n\n\n\n\n\n\n\n\n\n\n\n\n\n\n\n\n\n\n\n\n\n\n\n\n\n\n\n<\/p><p>Black Bird Thermal Hotel &amp; Spa, s\u00fcrd\u00fcr\u00fclebilirlik\nyolculu\u011funda her ge\u00e7en y\u0131l daha fazla sorumluluk alacak ve t\u00fcm payda\u015flar\u0131yla\nbirlikte daha ya\u015fanabilir bir gelecek i\u00e7in katk\u0131da bulunmaya devam edecektir.<o:p><\/o:p><\/p>\t\t\t\t\t\t\t\t<\/div>\n\t\t\t\t\t<\/div>\n\t\t\t\t<\/div>\n\t\t\t\t<\/div>\n\t\t","protected":false},"excerpt":{"rendered":"<p>S\u00dcRD\u00dcR\u00dcLEB\u0130L\u0130RL\u0130K RAPORLAMASI G\u0130R\u0130\u015e Black Bird Thermal Hotel &amp; Spa, 2024 y\u0131l\u0131 boyunca s\u00fcrd\u00fcr\u00fclebilirlik alan\u0131nda \u00f6nemli ad\u0131mlar atm\u0131\u015f ve \u00e7evresel, sosyal, k\u00fclt\u00fcrel ve ekonomik sorumluluklar\u0131n\u0131 yerine getirme noktas\u0131nda pek \u00e7ok \u00f6nemli geli\u015fme kaydetmi\u015ftir. Bu rapor, 2024 y\u0131l\u0131nda elde edilen veriler ve s\u00fcrd\u00fcr\u00fclebilirlik hedeflerine dayal\u0131 olarak haz\u0131rlanm\u0131\u015f olup, GSTC (Global Sustainable Tourism Council) kriterlerine g\u00f6re \u015fekillendirilmi\u015ftir. Bu [&hellip;]<\/p>\n","protected":false},"author":1,"featured_media":0,"parent":0,"menu_order":0,"comment_status":"closed","ping_status":"closed","template":"elementor_header_footer","meta":{"two_page_speed":[],"footnotes":""},"class_list":["post-8991","page","type-page","status-publish","hentry"],"yoast_head":"<!-- This site is optimized with the Yoast SEO plugin v27.0 - https:\/\/yoast.com\/product\/yoast-seo-wordpress\/ -->\n<title>S\u00dcRD\u00dcR\u00dcLEB\u0130L\u0130RL\u0130K RAPORLAMASI - Blackbird Thermal Hotel &amp; SPA<\/title>\n<meta name=\"robots\" content=\"index, follow, max-snippet:-1, max-image-preview:large, max-video-preview:-1\" \/>\n<link rel=\"canonical\" href=\"https:\/\/www.blackbirdthermal.com\/tr\/surdurulebilirlik-raporlamasi\/\" \/>\n<meta property=\"og:locale\" content=\"tr_TR\" \/>\n<meta property=\"og:type\" content=\"article\" \/>\n<meta property=\"og:title\" content=\"S\u00dcRD\u00dcR\u00dcLEB\u0130L\u0130RL\u0130K RAPORLAMASI - Blackbird Thermal Hotel &amp; SPA\" \/>\n<meta property=\"og:description\" content=\"S\u00dcRD\u00dcR\u00dcLEB\u0130L\u0130RL\u0130K RAPORLAMASI G\u0130R\u0130\u015e Black Bird Thermal Hotel &amp; Spa, 2024 y\u0131l\u0131 boyunca s\u00fcrd\u00fcr\u00fclebilirlik alan\u0131nda \u00f6nemli ad\u0131mlar atm\u0131\u015f ve \u00e7evresel, sosyal, k\u00fclt\u00fcrel ve ekonomik sorumluluklar\u0131n\u0131 yerine getirme noktas\u0131nda pek \u00e7ok \u00f6nemli geli\u015fme kaydetmi\u015ftir. Bu rapor, 2024 y\u0131l\u0131nda elde edilen veriler ve s\u00fcrd\u00fcr\u00fclebilirlik hedeflerine dayal\u0131 olarak haz\u0131rlanm\u0131\u015f olup, GSTC (Global Sustainable Tourism Council) kriterlerine g\u00f6re \u015fekillendirilmi\u015ftir. Bu [&hellip;]\" \/>\n<meta property=\"og:url\" content=\"https:\/\/www.blackbirdthermal.com\/tr\/surdurulebilirlik-raporlamasi\/\" \/>\n<meta property=\"og:site_name\" content=\"Blackbird Thermal Hotel &amp; SPA\" \/>\n<meta property=\"article:publisher\" content=\"https:\/\/www.facebook.com\/blackbirdthermalhotel\/\" \/>\n<meta property=\"article:modified_time\" content=\"2025-10-08T14:27:07+00:00\" \/>\n<meta property=\"og:image\" content=\"https:\/\/www.blackbirdthermal.com\/wp-content\/uploads\/2025\/10\/surdurulebilirlik.png\" \/>\n\t<meta property=\"og:image:width\" content=\"311\" \/>\n\t<meta property=\"og:image:height\" content=\"252\" \/>\n\t<meta property=\"og:image:type\" content=\"image\/png\" \/>\n<meta name=\"twitter:card\" content=\"summary_large_image\" \/>\n<meta name=\"twitter:label1\" content=\"Tahmini okuma s\u00fcresi\" \/>\n\t<meta name=\"twitter:data1\" content=\"5 dakika\" \/>\n<script type=\"application\/ld+json\" class=\"yoast-schema-graph\">{\"@context\":\"https:\/\/schema.org\",\"@graph\":[{\"@type\":\"WebPage\",\"@id\":\"https:\/\/www.blackbirdthermal.com\/tr\/surdurulebilirlik-raporlamasi\/\",\"url\":\"https:\/\/www.blackbirdthermal.com\/tr\/surdurulebilirlik-raporlamasi\/\",\"name\":\"S\u00dcRD\u00dcR\u00dcLEB\u0130L\u0130RL\u0130K RAPORLAMASI - Blackbird Thermal Hotel &amp; SPA\",\"isPartOf\":{\"@id\":\"https:\/\/www.blackbirdthermal.com\/tr\/#website\"},\"primaryImageOfPage\":{\"@id\":\"https:\/\/www.blackbirdthermal.com\/tr\/surdurulebilirlik-raporlamasi\/#primaryimage\"},\"image\":{\"@id\":\"https:\/\/www.blackbirdthermal.com\/tr\/surdurulebilirlik-raporlamasi\/#primaryimage\"},\"thumbnailUrl\":\"https:\/\/www.blackbirdthermal.com\/wp-content\/uploads\/2025\/10\/surdurulebilirlik.png\",\"datePublished\":\"2025-10-08T14:18:46+00:00\",\"dateModified\":\"2025-10-08T14:27:07+00:00\",\"breadcrumb\":{\"@id\":\"https:\/\/www.blackbirdthermal.com\/tr\/surdurulebilirlik-raporlamasi\/#breadcrumb\"},\"inLanguage\":\"tr\",\"potentialAction\":[{\"@type\":\"ReadAction\",\"target\":[\"https:\/\/www.blackbirdthermal.com\/tr\/surdurulebilirlik-raporlamasi\/\"]}]},{\"@type\":\"ImageObject\",\"inLanguage\":\"tr\",\"@id\":\"https:\/\/www.blackbirdthermal.com\/tr\/surdurulebilirlik-raporlamasi\/#primaryimage\",\"url\":\"https:\/\/www.blackbirdthermal.com\/wp-content\/uploads\/2025\/10\/surdurulebilirlik.png\",\"contentUrl\":\"https:\/\/www.blackbirdthermal.com\/wp-content\/uploads\/2025\/10\/surdurulebilirlik.png\"},{\"@type\":\"BreadcrumbList\",\"@id\":\"https:\/\/www.blackbirdthermal.com\/tr\/surdurulebilirlik-raporlamasi\/#breadcrumb\",\"itemListElement\":[{\"@type\":\"ListItem\",\"position\":1,\"name\":\"Anasayfa\",\"item\":\"https:\/\/www.blackbirdthermal.com\/tr\/\"},{\"@type\":\"ListItem\",\"position\":2,\"name\":\"S\u00dcRD\u00dcR\u00dcLEB\u0130L\u0130RL\u0130K RAPORLAMASI\"}]},{\"@type\":\"WebSite\",\"@id\":\"https:\/\/www.blackbirdthermal.com\/tr\/#website\",\"url\":\"https:\/\/www.blackbirdthermal.com\/tr\/\",\"name\":\"Blackbird Thermal Hotel & SPA\",\"description\":\"G\u00f6k\u00e7edere Mah. Atat\u00fcrk Cad. No.30 \/ 1 Termal YALOVA\",\"publisher\":{\"@id\":\"https:\/\/www.blackbirdthermal.com\/tr\/#organization\"},\"potentialAction\":[{\"@type\":\"SearchAction\",\"target\":{\"@type\":\"EntryPoint\",\"urlTemplate\":\"https:\/\/www.blackbirdthermal.com\/tr\/?s={search_term_string}\"},\"query-input\":{\"@type\":\"PropertyValueSpecification\",\"valueRequired\":true,\"valueName\":\"search_term_string\"}}],\"inLanguage\":\"tr\"},{\"@type\":\"Organization\",\"@id\":\"https:\/\/www.blackbirdthermal.com\/tr\/#organization\",\"name\":\"Blackbird Thermal Hotel & SPA\",\"url\":\"https:\/\/www.blackbirdthermal.com\/tr\/\",\"logo\":{\"@type\":\"ImageObject\",\"inLanguage\":\"tr\",\"@id\":\"https:\/\/www.blackbirdthermal.com\/tr\/#\/schema\/logo\/image\/\",\"url\":\"https:\/\/www.blackbirdthermal.com\/wp-content\/uploads\/2022\/09\/BBTH-ACIK-LOGO-00000002.png\",\"contentUrl\":\"https:\/\/www.blackbirdthermal.com\/wp-content\/uploads\/2022\/09\/BBTH-ACIK-LOGO-00000002.png\",\"width\":4861,\"height\":2661,\"caption\":\"Blackbird Thermal Hotel & SPA\"},\"image\":{\"@id\":\"https:\/\/www.blackbirdthermal.com\/tr\/#\/schema\/logo\/image\/\"},\"sameAs\":[\"https:\/\/www.facebook.com\/blackbirdthermalhotel\/\",\"https:\/\/www.instagram.com\/blackbirdthermalhotel\/\",\"https:\/\/www.youtube.com\/channel\/UC-3dGStBdsgInCfMTJxOBYg\"]}]}<\/script>\n<!-- \/ Yoast SEO plugin. -->","yoast_head_json":{"title":"S\u00dcRD\u00dcR\u00dcLEB\u0130L\u0130RL\u0130K RAPORLAMASI - Blackbird Thermal Hotel &amp; SPA","robots":{"index":"index","follow":"follow","max-snippet":"max-snippet:-1","max-image-preview":"max-image-preview:large","max-video-preview":"max-video-preview:-1"},"canonical":"https:\/\/www.blackbirdthermal.com\/tr\/surdurulebilirlik-raporlamasi\/","og_locale":"tr_TR","og_type":"article","og_title":"S\u00dcRD\u00dcR\u00dcLEB\u0130L\u0130RL\u0130K RAPORLAMASI - Blackbird Thermal Hotel &amp; SPA","og_description":"S\u00dcRD\u00dcR\u00dcLEB\u0130L\u0130RL\u0130K RAPORLAMASI G\u0130R\u0130\u015e Black Bird Thermal Hotel &amp; Spa, 2024 y\u0131l\u0131 boyunca s\u00fcrd\u00fcr\u00fclebilirlik alan\u0131nda \u00f6nemli ad\u0131mlar atm\u0131\u015f ve \u00e7evresel, sosyal, k\u00fclt\u00fcrel ve ekonomik sorumluluklar\u0131n\u0131 yerine getirme noktas\u0131nda pek \u00e7ok \u00f6nemli geli\u015fme kaydetmi\u015ftir. Bu rapor, 2024 y\u0131l\u0131nda elde edilen veriler ve s\u00fcrd\u00fcr\u00fclebilirlik hedeflerine dayal\u0131 olarak haz\u0131rlanm\u0131\u015f olup, GSTC (Global Sustainable Tourism Council) kriterlerine g\u00f6re \u015fekillendirilmi\u015ftir. Bu [&hellip;]","og_url":"https:\/\/www.blackbirdthermal.com\/tr\/surdurulebilirlik-raporlamasi\/","og_site_name":"Blackbird Thermal Hotel &amp; SPA","article_publisher":"https:\/\/www.facebook.com\/blackbirdthermalhotel\/","article_modified_time":"2025-10-08T14:27:07+00:00","og_image":[{"width":311,"height":252,"url":"https:\/\/www.blackbirdthermal.com\/wp-content\/uploads\/2025\/10\/surdurulebilirlik.png","type":"image\/png"}],"twitter_card":"summary_large_image","twitter_misc":{"Tahmini okuma s\u00fcresi":"5 dakika"},"schema":{"@context":"https:\/\/schema.org","@graph":[{"@type":"WebPage","@id":"https:\/\/www.blackbirdthermal.com\/tr\/surdurulebilirlik-raporlamasi\/","url":"https:\/\/www.blackbirdthermal.com\/tr\/surdurulebilirlik-raporlamasi\/","name":"S\u00dcRD\u00dcR\u00dcLEB\u0130L\u0130RL\u0130K RAPORLAMASI - Blackbird Thermal Hotel &amp; SPA","isPartOf":{"@id":"https:\/\/www.blackbirdthermal.com\/tr\/#website"},"primaryImageOfPage":{"@id":"https:\/\/www.blackbirdthermal.com\/tr\/surdurulebilirlik-raporlamasi\/#primaryimage"},"image":{"@id":"https:\/\/www.blackbirdthermal.com\/tr\/surdurulebilirlik-raporlamasi\/#primaryimage"},"thumbnailUrl":"https:\/\/www.blackbirdthermal.com\/wp-content\/uploads\/2025\/10\/surdurulebilirlik.png","datePublished":"2025-10-08T14:18:46+00:00","dateModified":"2025-10-08T14:27:07+00:00","breadcrumb":{"@id":"https:\/\/www.blackbirdthermal.com\/tr\/surdurulebilirlik-raporlamasi\/#breadcrumb"},"inLanguage":"tr","potentialAction":[{"@type":"ReadAction","target":["https:\/\/www.blackbirdthermal.com\/tr\/surdurulebilirlik-raporlamasi\/"]}]},{"@type":"ImageObject","inLanguage":"tr","@id":"https:\/\/www.blackbirdthermal.com\/tr\/surdurulebilirlik-raporlamasi\/#primaryimage","url":"https:\/\/www.blackbirdthermal.com\/wp-content\/uploads\/2025\/10\/surdurulebilirlik.png","contentUrl":"https:\/\/www.blackbirdthermal.com\/wp-content\/uploads\/2025\/10\/surdurulebilirlik.png"},{"@type":"BreadcrumbList","@id":"https:\/\/www.blackbirdthermal.com\/tr\/surdurulebilirlik-raporlamasi\/#breadcrumb","itemListElement":[{"@type":"ListItem","position":1,"name":"Anasayfa","item":"https:\/\/www.blackbirdthermal.com\/tr\/"},{"@type":"ListItem","position":2,"name":"S\u00dcRD\u00dcR\u00dcLEB\u0130L\u0130RL\u0130K RAPORLAMASI"}]},{"@type":"WebSite","@id":"https:\/\/www.blackbirdthermal.com\/tr\/#website","url":"https:\/\/www.blackbirdthermal.com\/tr\/","name":"Blackbird Thermal Hotel & SPA","description":"G\u00f6k\u00e7edere Mah. Atat\u00fcrk Cad. No.30 \/ 1 Termal YALOVA","publisher":{"@id":"https:\/\/www.blackbirdthermal.com\/tr\/#organization"},"potentialAction":[{"@type":"SearchAction","target":{"@type":"EntryPoint","urlTemplate":"https:\/\/www.blackbirdthermal.com\/tr\/?s={search_term_string}"},"query-input":{"@type":"PropertyValueSpecification","valueRequired":true,"valueName":"search_term_string"}}],"inLanguage":"tr"},{"@type":"Organization","@id":"https:\/\/www.blackbirdthermal.com\/tr\/#organization","name":"Blackbird Thermal Hotel & SPA","url":"https:\/\/www.blackbirdthermal.com\/tr\/","logo":{"@type":"ImageObject","inLanguage":"tr","@id":"https:\/\/www.blackbirdthermal.com\/tr\/#\/schema\/logo\/image\/","url":"https:\/\/www.blackbirdthermal.com\/wp-content\/uploads\/2022\/09\/BBTH-ACIK-LOGO-00000002.png","contentUrl":"https:\/\/www.blackbirdthermal.com\/wp-content\/uploads\/2022\/09\/BBTH-ACIK-LOGO-00000002.png","width":4861,"height":2661,"caption":"Blackbird Thermal Hotel & SPA"},"image":{"@id":"https:\/\/www.blackbirdthermal.com\/tr\/#\/schema\/logo\/image\/"},"sameAs":["https:\/\/www.facebook.com\/blackbirdthermalhotel\/","https:\/\/www.instagram.com\/blackbirdthermalhotel\/","https:\/\/www.youtube.com\/channel\/UC-3dGStBdsgInCfMTJxOBYg"]}]}},"_links":{"self":[{"href":"https:\/\/www.blackbirdthermal.com\/tr\/wp-json\/wp\/v2\/pages\/8991","targetHints":{"allow":["GET"]}}],"collection":[{"href":"https:\/\/www.blackbirdthermal.com\/tr\/wp-json\/wp\/v2\/pages"}],"about":[{"href":"https:\/\/www.blackbirdthermal.com\/tr\/wp-json\/wp\/v2\/types\/page"}],"author":[{"embeddable":true,"href":"https:\/\/www.blackbirdthermal.com\/tr\/wp-json\/wp\/v2\/users\/1"}],"replies":[{"embeddable":true,"href":"https:\/\/www.blackbirdthermal.com\/tr\/wp-json\/wp\/v2\/comments?post=8991"}],"version-history":[{"count":6,"href":"https:\/\/www.blackbirdthermal.com\/tr\/wp-json\/wp\/v2\/pages\/8991\/revisions"}],"predecessor-version":[{"id":9002,"href":"https:\/\/www.blackbirdthermal.com\/tr\/wp-json\/wp\/v2\/pages\/8991\/revisions\/9002"}],"wp:attachment":[{"href":"https:\/\/www.blackbirdthermal.com\/tr\/wp-json\/wp\/v2\/media?parent=8991"}],"curies":[{"name":"wp","href":"https:\/\/api.w.org\/{rel}","templated":true}]}}